{"id":2387,"date":"2022-09-27T17:30:48","date_gmt":"2022-09-27T15:30:48","guid":{"rendered":"https:\/\/www.otdihitalia.com\/ueber-uns\/"},"modified":"2025-06-11T16:11:08","modified_gmt":"2025-06-11T14:11:08","slug":"ueber-uns","status":"publish","type":"page","link":"https:\/\/www.otdihitalia.com\/de\/ueber-uns\/","title":{"rendered":"\u00dcber uns"},"content":{"rendered":"\t\t<div data-elementor-type=\"wp-page\" data-elementor-id=\"2387\" class=\"elementor elementor-2387 elementor-205\" data-elementor-post-type=\"page\">\n\t\t\t\t\t\t<section class=\"elementor-section elementor-top-section elementor-element elementor-element-30c438c1 elementor-reverse-mobile elementor-section-boxed elementor-section-height-default elementor-section-height-default\" data-id=\"30c438c1\" data-element_type=\"section\" data-e-type=\"section\">\n\t\t\t\t\t\t<div class=\"elementor-container elementor-column-gap-wider\">\n\t\t\t\t\t<div class=\"elementor-column elementor-col-100 elementor-top-column elementor-element elementor-element-1a8ef194\" data-id=\"1a8ef194\" data-element_type=\"column\" data-e-type=\"column\">\n\t\t\t<div class=\"elementor-widget-wrap elementor-element-populated\">\n\t\t\t\t\t\t<div class=\"elementor-element elementor-element-58fddf9b elementor-widget elementor-widget-text-editor\" data-id=\"58fddf9b\" data-element_type=\"widget\" data-e-type=\"widget\" data-widget_type=\"text-editor.default\">\n\t\t\t\t<div class=\"elementor-widget-container\">\n\t\t\t\t\t\t\t\t\t<p>Der Reiseveranstalter Testene, der seit 2001 erfolgreich auf dem touristischen Markt an der S\u00fcdk\u00fcste Italiens t\u00e4tig ist, hat eine Zweigstelle in Rimini mit russischsprachigem Personal er\u00f6ffnet und schafft damit Bequemlichkeit f\u00fcr jeden Touristen, der jederzeit in unser B\u00fcro kommen m\u00f6chte, um touristische Informationen zu erhalten, sich beraten zu lassen oder Ausfl\u00fcge zu buchen.<\/p>\n<p>Unser Team besteht aus jungen und dynamischen Menschen, die den Service f\u00fcr ankommende Touristen verbessern wollen. Vor kurzem haben wir mit der Arbeit auf der Insel Sizilien begonnen, d. h. sind auch mit dem S\u00fcden Italiens vertraut, mit dem wir weiterhin Kontakt halten, und seit \u00fcber 8 Jahren sind wir nach Rimini gezogen, wo wir unsere B\u00fcros er\u00f6ffnet haben. Wir sind f\u00fcr alle Reisenden da, wir bem\u00fchen uns, jedem den gew\u00fcnschten Service zu bieten, und wir haben bereits einen wohlverdienten Ruf f\u00fcr unseren Qualit\u00e4tsservice.<\/p>\n<p>Wir arbeiten mit verschiedenen Reiseveranstaltern und Reiseb\u00fcros zusammen und bieten ihnen eine Reihe von Reisedienstleistungen an, darunter die gesamte Bodenabfertigung: Abholung\/Ablieferung am Flughafen, Hotelunterbringung, Gruppen- und individuelle Ausflugsprogramme in Italien, Eink\u00e4ufe, Frachtabfertigung (Cargo). Wir legen gro\u00dfen Wert auf die Qualit\u00e4tskontrolle in allen Phasen der von uns erbrachten Dienstleistungen. Wir arbeiten nicht schematisch, sondern mit 100%iger Effizienz.<\/p>\n<p>Wir wachsen, entwickeln uns und arbeiten gut, weil es uns Spa\u00df macht!<\/p>\n<p>Schlie\u00dfen Sie sich uns an!<\/p>\t\t\t\t\t\t\t\t<\/div>\n\t\t\t\t<\/div>\n\t\t\t\t<div class=\"elementor-element elementor-element-77ca491 elementor--h-position-center elementor--v-position-middle elementor-arrows-position-inside elementor-pagination-position-inside elementor-widget elementor-widget-slides\" data-id=\"77ca491\" data-element_type=\"widget\" data-e-type=\"widget\" data-settings=\"{&quot;navigation&quot;:&quot;both&quot;,&quot;autoplay&quot;:&quot;yes&quot;,&quot;pause_on_hover&quot;:&quot;yes&quot;,&quot;pause_on_interaction&quot;:&quot;yes&quot;,&quot;autoplay_speed&quot;:5000,&quot;infinite&quot;:&quot;yes&quot;,&quot;transition&quot;:&quot;slide&quot;,&quot;transition_speed&quot;:500}\" data-widget_type=\"slides.default\">\n\t\t\t\t<div class=\"elementor-widget-container\">\n\t\t\t\t\t\t\t\t\t<div class=\"elementor-swiper\">\n\t\t\t\t\t<div class=\"elementor-slides-wrapper elementor-main-swiper swiper\" role=\"region\" aria-roledescription=\"carousel\" aria-label=\"\u0421\u043b\u0430\u0439\u0434\u0435\u0440\" dir=\"ltr\" data-animation=\"fadeInUp\">\n\t\t\t\t<div class=\"swiper-wrapper elementor-slides\">\n\t\t\t\t\t\t\t\t\t\t<div class=\"elementor-repeater-item-2c53fb0 swiper-slide\" role=\"group\" aria-roledescription=\"slide\"><div class=\"swiper-slide-bg elementor-ken-burns elementor-ken-burns--in\" role=\"img\" aria-label=\"gdemi5\"><\/div><div class=\"swiper-slide-inner\" ><div class=\"swiper-slide-contents\"><\/div><\/div><\/div><div class=\"elementor-repeater-item-0b49c2a swiper-slide\" role=\"group\" aria-roledescription=\"slide\"><div class=\"swiper-slide-bg elementor-ken-burns elementor-ken-burns--in\" role=\"img\" aria-label=\"gdemi6\"><\/div><div class=\"swiper-slide-inner\" ><div class=\"swiper-slide-contents\"><\/div><\/div><\/div>\t\t\t\t<\/div>\n\t\t\t\t\t\t\t\t\t\t\t\t\t\t\t<div class=\"elementor-swiper-button elementor-swiper-button-prev\" role=\"button\" tabindex=\"0\" aria-label=\"Vorheriger Slide\">\n\t\t\t\t\t\t\t<i aria-hidden=\"true\" class=\"eicon-chevron-left\"><\/i>\t\t\t\t\t\t<\/div>\n\t\t\t\t\t\t<div class=\"elementor-swiper-button elementor-swiper-button-next\" role=\"button\" tabindex=\"0\" aria-label=\"N\u00e4chster Slide\">\n\t\t\t\t\t\t\t<i aria-hidden=\"true\" class=\"eicon-chevron-right\"><\/i>\t\t\t\t\t\t<\/div>\n\t\t\t\t\t\t\t\t\t\t\t\t\t\t\t\t<div class=\"swiper-pagination\"><\/div>\n\t\t\t\t\t\t\t\t\t\t\t\t<\/div>\n\t\t\t\t<\/div>\n\t\t\t\t\t\t\t\t<\/div>\n\t\t\t\t<\/div>\n\t\t\t\t<div class=\"elementor-element elementor-element-48b8e9f elementor-widget elementor-widget-heading\" data-id=\"48b8e9f\" data-element_type=\"widget\" data-e-type=\"widget\" data-widget_type=\"heading.default\">\n\t\t\t\t<div class=\"elementor-widget-container\">\n\t\t\t\t\t<div class=\"elementor-heading-title elementor-size-default\">Wir befinden uns an den Haltestellen 15, 11 und 26 der Buslinie 11\n\n<\/div>\t\t\t\t<\/div>\n\t\t\t\t<\/div>\n\t\t\t\t\t<\/div>\n\t\t<\/div>\n\t\t\t\t\t<\/div>\n\t\t<\/section>\n\t\t\t\t<\/div>\n\t\t","protected":false},"excerpt":{"rendered":"<p>Der Reiseveranstalter Testene, der seit 2001 erfolgreich auf dem touristischen Markt an der S\u00fcdk\u00fcste Italiens t\u00e4tig ist, hat eine Zweigstelle in Rimini mit russischsprachigem Personal er\u00f6ffnet und schafft damit Bequemlichkeit f\u00fcr jeden Touristen, der jederzeit in unser B\u00fcro kommen m\u00f6chte, um touristische Informationen zu erhalten, sich beraten zu lassen oder Ausfl\u00fcge zu buchen. Unser Team [&hellip;]<\/p>\n","protected":false},"author":1,"featured_media":0,"parent":0,"menu_order":0,"comment_status":"closed","ping_status":"closed","template":"","meta":{"footnotes":""},"class_list":["post-2387","page","type-page","status-publish","has-post-thumbnail","hentry"],"yoast_head":"<!-- This site is optimized with the Yoast SEO plugin v27.6 - https:\/\/yoast.com\/product\/yoast-seo-wordpress\/ -->\n<title>\u00dcber uns - \u041e\u0442\u0434\u044b\u0445 \u0418\u0442\u0430\u043b\u0438\u044f<\/title>\n<meta name=\"robots\" content=\"index, follow, max-snippet:-1, max-image-preview:large, max-video-preview:-1\" \/>\n<link rel=\"canonical\" href=\"https:\/\/www.otdihitalia.com\/de\/ueber-uns\/\" \/>\n<meta property=\"og:locale\" content=\"de_DE\" \/>\n<meta property=\"og:type\" content=\"article\" \/>\n<meta property=\"og:title\" content=\"\u00dcber uns - \u041e\u0442\u0434\u044b\u0445 \u0418\u0442\u0430\u043b\u0438\u044f\" \/>\n<meta property=\"og:description\" content=\"Der Reiseveranstalter Testene, der seit 2001 erfolgreich auf dem touristischen Markt an der S\u00fcdk\u00fcste Italiens t\u00e4tig ist, hat eine Zweigstelle in Rimini mit russischsprachigem Personal er\u00f6ffnet und schafft damit Bequemlichkeit f\u00fcr jeden Touristen, der jederzeit in unser B\u00fcro kommen m\u00f6chte, um touristische Informationen zu erhalten, sich beraten zu lassen oder Ausfl\u00fcge zu buchen. Unser Team [&hellip;]\" \/>\n<meta property=\"og:url\" content=\"https:\/\/www.otdihitalia.com\/de\/ueber-uns\/\" \/>\n<meta property=\"og:site_name\" content=\"\u041e\u0442\u0434\u044b\u0445 \u0418\u0442\u0430\u043b\u0438\u044f\" \/>\n<meta property=\"article:modified_time\" content=\"2025-06-11T14:11:08+00:00\" \/>\n<meta name=\"twitter:card\" content=\"summary_large_image\" \/>\n<meta name=\"twitter:label1\" content=\"Gesch\u00e4tzte Lesezeit\" \/>\n\t<meta name=\"twitter:data1\" content=\"1\u00a0Minute\" \/>\n<script type=\"application\/ld+json\" class=\"yoast-schema-graph\">{\"@context\":\"https:\\\/\\\/schema.org\",\"@graph\":[{\"@type\":\"WebPage\",\"@id\":\"https:\\\/\\\/www.otdihitalia.com\\\/de\\\/ueber-uns\\\/\",\"url\":\"https:\\\/\\\/www.otdihitalia.com\\\/de\\\/ueber-uns\\\/\",\"name\":\"\u00dcber uns - \u041e\u0442\u0434\u044b\u0445 \u0418\u0442\u0430\u043b\u0438\u044f\",\"isPartOf\":{\"@id\":\"https:\\\/\\\/www.otdihitalia.com\\\/de\\\/#website\"},\"datePublished\":\"2022-09-27T15:30:48+00:00\",\"dateModified\":\"2025-06-11T14:11:08+00:00\",\"breadcrumb\":{\"@id\":\"https:\\\/\\\/www.otdihitalia.com\\\/de\\\/ueber-uns\\\/#breadcrumb\"},\"inLanguage\":\"de\",\"potentialAction\":[{\"@type\":\"ReadAction\",\"target\":[\"https:\\\/\\\/www.otdihitalia.com\\\/de\\\/ueber-uns\\\/\"]}]},{\"@type\":\"BreadcrumbList\",\"@id\":\"https:\\\/\\\/www.otdihitalia.com\\\/de\\\/ueber-uns\\\/#breadcrumb\",\"itemListElement\":[{\"@type\":\"ListItem\",\"position\":1,\"name\":\"\u0413\u043b\u0430\u0432\u043d\u0430\u044f \u0441\u0442\u0440\u0430\u043d\u0438\u0446\u0430\",\"item\":\"https:\\\/\\\/www.otdihitalia.com\\\/de\\\/hauptseite\\\/\"},{\"@type\":\"ListItem\",\"position\":2,\"name\":\"\u00dcber uns\"}]},{\"@type\":\"WebSite\",\"@id\":\"https:\\\/\\\/www.otdihitalia.com\\\/de\\\/#website\",\"url\":\"https:\\\/\\\/www.otdihitalia.com\\\/de\\\/\",\"name\":\"\u041e\u0442\u0434\u044b\u0445 \u0418\u0442\u0430\u043b\u0438\u044f\",\"description\":\"\u042d\u043a\u0441\u043a\u0443\u0440\u0441\u0438\u0438 \u0438\u0437 \u0420\u0438\u043c\u0438\u043d\u0438 \u043d\u0430 \u043b\u044e\u0431\u043e\u0439 \u0432\u043a\u0443\u0441\",\"publisher\":{\"@id\":\"https:\\\/\\\/www.otdihitalia.com\\\/de\\\/#organization\"},\"potentialAction\":[{\"@type\":\"SearchAction\",\"target\":{\"@type\":\"EntryPoint\",\"urlTemplate\":\"https:\\\/\\\/www.otdihitalia.com\\\/de\\\/?s={search_term_string}\"},\"query-input\":{\"@type\":\"PropertyValueSpecification\",\"valueRequired\":true,\"valueName\":\"search_term_string\"}}],\"inLanguage\":\"de\"},{\"@type\":\"Organization\",\"@id\":\"https:\\\/\\\/www.otdihitalia.com\\\/de\\\/#organization\",\"name\":\"OtdihItalia\",\"url\":\"https:\\\/\\\/www.otdihitalia.com\\\/de\\\/\",\"logo\":{\"@type\":\"ImageObject\",\"inLanguage\":\"de\",\"@id\":\"https:\\\/\\\/www.otdihitalia.com\\\/de\\\/#\\\/schema\\\/logo\\\/image\\\/\",\"url\":\"https:\\\/\\\/www.otdihitalia.com\\\/wp-content\\\/uploads\\\/2022\\\/09\\\/logo-otdihitalia.png\",\"contentUrl\":\"https:\\\/\\\/www.otdihitalia.com\\\/wp-content\\\/uploads\\\/2022\\\/09\\\/logo-otdihitalia.png\",\"width\":388,\"height\":208,\"caption\":\"OtdihItalia\"},\"image\":{\"@id\":\"https:\\\/\\\/www.otdihitalia.com\\\/de\\\/#\\\/schema\\\/logo\\\/image\\\/\"}}]}<\/script>\n<!-- \/ Yoast SEO plugin. -->","yoast_head_json":{"title":"\u00dcber uns - \u041e\u0442\u0434\u044b\u0445 \u0418\u0442\u0430\u043b\u0438\u044f","robots":{"index":"index","follow":"follow","max-snippet":"max-snippet:-1","max-image-preview":"max-image-preview:large","max-video-preview":"max-video-preview:-1"},"canonical":"https:\/\/www.otdihitalia.com\/de\/ueber-uns\/","og_locale":"de_DE","og_type":"article","og_title":"\u00dcber uns - \u041e\u0442\u0434\u044b\u0445 \u0418\u0442\u0430\u043b\u0438\u044f","og_description":"Der Reiseveranstalter Testene, der seit 2001 erfolgreich auf dem touristischen Markt an der S\u00fcdk\u00fcste Italiens t\u00e4tig ist, hat eine Zweigstelle in Rimini mit russischsprachigem Personal er\u00f6ffnet und schafft damit Bequemlichkeit f\u00fcr jeden Touristen, der jederzeit in unser B\u00fcro kommen m\u00f6chte, um touristische Informationen zu erhalten, sich beraten zu lassen oder Ausfl\u00fcge zu buchen. Unser Team [&hellip;]","og_url":"https:\/\/www.otdihitalia.com\/de\/ueber-uns\/","og_site_name":"\u041e\u0442\u0434\u044b\u0445 \u0418\u0442\u0430\u043b\u0438\u044f","article_modified_time":"2025-06-11T14:11:08+00:00","twitter_card":"summary_large_image","twitter_misc":{"Gesch\u00e4tzte Lesezeit":"1\u00a0Minute"},"schema":{"@context":"https:\/\/schema.org","@graph":[{"@type":"WebPage","@id":"https:\/\/www.otdihitalia.com\/de\/ueber-uns\/","url":"https:\/\/www.otdihitalia.com\/de\/ueber-uns\/","name":"\u00dcber uns - \u041e\u0442\u0434\u044b\u0445 \u0418\u0442\u0430\u043b\u0438\u044f","isPartOf":{"@id":"https:\/\/www.otdihitalia.com\/de\/#website"},"datePublished":"2022-09-27T15:30:48+00:00","dateModified":"2025-06-11T14:11:08+00:00","breadcrumb":{"@id":"https:\/\/www.otdihitalia.com\/de\/ueber-uns\/#breadcrumb"},"inLanguage":"de","potentialAction":[{"@type":"ReadAction","target":["https:\/\/www.otdihitalia.com\/de\/ueber-uns\/"]}]},{"@type":"BreadcrumbList","@id":"https:\/\/www.otdihitalia.com\/de\/ueber-uns\/#breadcrumb","itemListElement":[{"@type":"ListItem","position":1,"name":"\u0413\u043b\u0430\u0432\u043d\u0430\u044f \u0441\u0442\u0440\u0430\u043d\u0438\u0446\u0430","item":"https:\/\/www.otdihitalia.com\/de\/hauptseite\/"},{"@type":"ListItem","position":2,"name":"\u00dcber uns"}]},{"@type":"WebSite","@id":"https:\/\/www.otdihitalia.com\/de\/#website","url":"https:\/\/www.otdihitalia.com\/de\/","name":"\u041e\u0442\u0434\u044b\u0445 \u0418\u0442\u0430\u043b\u0438\u044f","description":"\u042d\u043a\u0441\u043a\u0443\u0440\u0441\u0438\u0438 \u0438\u0437 \u0420\u0438\u043c\u0438\u043d\u0438 \u043d\u0430 \u043b\u044e\u0431\u043e\u0439 \u0432\u043a\u0443\u0441","publisher":{"@id":"https:\/\/www.otdihitalia.com\/de\/#organization"},"potentialAction":[{"@type":"SearchAction","target":{"@type":"EntryPoint","urlTemplate":"https:\/\/www.otdihitalia.com\/de\/?s={search_term_string}"},"query-input":{"@type":"PropertyValueSpecification","valueRequired":true,"valueName":"search_term_string"}}],"inLanguage":"de"},{"@type":"Organization","@id":"https:\/\/www.otdihitalia.com\/de\/#organization","name":"OtdihItalia","url":"https:\/\/www.otdihitalia.com\/de\/","logo":{"@type":"ImageObject","inLanguage":"de","@id":"https:\/\/www.otdihitalia.com\/de\/#\/schema\/logo\/image\/","url":"https:\/\/www.otdihitalia.com\/wp-content\/uploads\/2022\/09\/logo-otdihitalia.png","contentUrl":"https:\/\/www.otdihitalia.com\/wp-content\/uploads\/2022\/09\/logo-otdihitalia.png","width":388,"height":208,"caption":"OtdihItalia"},"image":{"@id":"https:\/\/www.otdihitalia.com\/de\/#\/schema\/logo\/image\/"}}]}},"_links":{"self":[{"href":"https:\/\/www.otdihitalia.com\/de\/wp-json\/wp\/v2\/pages\/2387","targetHints":{"allow":["GET"]}}],"collection":[{"href":"https:\/\/www.otdihitalia.com\/de\/wp-json\/wp\/v2\/pages"}],"about":[{"href":"https:\/\/www.otdihitalia.com\/de\/wp-json\/wp\/v2\/types\/page"}],"author":[{"embeddable":true,"href":"https:\/\/www.otdihitalia.com\/de\/wp-json\/wp\/v2\/users\/1"}],"replies":[{"embeddable":true,"href":"https:\/\/www.otdihitalia.com\/de\/wp-json\/wp\/v2\/comments?post=2387"}],"version-history":[{"count":9,"href":"https:\/\/www.otdihitalia.com\/de\/wp-json\/wp\/v2\/pages\/2387\/revisions"}],"predecessor-version":[{"id":12097,"href":"https:\/\/www.otdihitalia.com\/de\/wp-json\/wp\/v2\/pages\/2387\/revisions\/12097"}],"wp:attachment":[{"href":"https:\/\/www.otdihitalia.com\/de\/wp-json\/wp\/v2\/media?parent=2387"}],"curies":[{"name":"wp","href":"https:\/\/api.w.org\/{rel}","templated":true}]}}