{"id":2986,"date":"2022-09-27T17:30:12","date_gmt":"2022-09-27T15:30:12","guid":{"rendered":"https:\/\/www.otdihitalia.com\/kontakt\/"},"modified":"2025-06-11T14:40:48","modified_gmt":"2025-06-11T12:40:48","slug":"kontakt","status":"publish","type":"page","link":"https:\/\/www.otdihitalia.com\/de\/kontakt\/","title":{"rendered":"Kontakt"},"content":{"rendered":"\t\t<div data-elementor-type=\"wp-page\" data-elementor-id=\"2986\" class=\"elementor elementor-2986 elementor-144\" data-elementor-post-type=\"page\">\n\t\t\t\t\t\t<section class=\"elementor-section elementor-top-section elementor-element elementor-element-1a9e0dfd elementor-section-full_width elementor-section-height-default elementor-section-height-default\" data-id=\"1a9e0dfd\" data-element_type=\"section\" data-e-type=\"section\">\n\t\t\t\t\t\t<div class=\"elementor-container elementor-column-gap-default\">\n\t\t\t\t\t<div class=\"elementor-column elementor-col-100 elementor-top-column elementor-element elementor-element-6b1c7372\" data-id=\"6b1c7372\" data-element_type=\"column\" data-e-type=\"column\">\n\t\t\t<div class=\"elementor-widget-wrap elementor-element-populated\">\n\t\t\t\t\t\t<div class=\"elementor-element elementor-element-ba60cf5 elementor-widget elementor-widget-image\" data-id=\"ba60cf5\" data-element_type=\"widget\" data-e-type=\"widget\" data-widget_type=\"image.default\">\n\t\t\t\t<div class=\"elementor-widget-container\">\n\t\t\t\t\t\t\t\t\t\t\t\t\t\t\t<img fetchpriority=\"high\" decoding=\"async\" width=\"895\" height=\"492\" src=\"https:\/\/www.otdihitalia.com\/wp-content\/uploads\/2022\/09\/gdemi5.jpg\" class=\"attachment-full size-full wp-image-1745\" alt=\"\" srcset=\"https:\/\/www.otdihitalia.com\/wp-content\/uploads\/2022\/09\/gdemi5.jpg 895w, https:\/\/www.otdihitalia.com\/wp-content\/uploads\/2022\/09\/gdemi5-600x329.jpg 600w, https:\/\/www.otdihitalia.com\/wp-content\/uploads\/2022\/09\/gdemi5-768x422.jpg 768w\" sizes=\"(max-width: 895px) 100vw, 895px\" \/>\t\t\t\t\t\t\t\t\t\t\t\t\t\t\t<\/div>\n\t\t\t\t<\/div>\n\t\t\t\t\t<\/div>\n\t\t<\/div>\n\t\t\t\t\t<\/div>\n\t\t<\/section>\n\t\t\t\t<section class=\"elementor-section elementor-top-section elementor-element elementor-element-445a879e elementor-section-height-min-height elementor-section-items-stretch elementor-section-boxed elementor-section-height-default\" data-id=\"445a879e\" data-element_type=\"section\" data-e-type=\"section\" data-settings=\"{&quot;background_background&quot;:&quot;classic&quot;,&quot;motion_fx_motion_fx_scrolling&quot;:&quot;yes&quot;,&quot;motion_fx_translateY_effect&quot;:&quot;yes&quot;,&quot;motion_fx_translateY_speed&quot;:{&quot;unit&quot;:&quot;px&quot;,&quot;size&quot;:&quot;1.5&quot;,&quot;sizes&quot;:[]},&quot;motion_fx_translateY_affectedRange&quot;:{&quot;unit&quot;:&quot;%&quot;,&quot;size&quot;:&quot;&quot;,&quot;sizes&quot;:{&quot;start&quot;:0,&quot;end&quot;:100}},&quot;motion_fx_devices&quot;:[&quot;desktop&quot;,&quot;tablet&quot;,&quot;mobile&quot;]}\">\n\t\t\t\t\t\t<div class=\"elementor-container elementor-column-gap-default\">\n\t\t\t\t\t<div class=\"elementor-column elementor-col-100 elementor-top-column elementor-element elementor-element-1af509cf\" data-id=\"1af509cf\" data-element_type=\"column\" data-e-type=\"column\" data-settings=\"{&quot;background_background&quot;:&quot;classic&quot;}\">\n\t\t\t<div class=\"elementor-widget-wrap elementor-element-populated\">\n\t\t\t\t\t\t<div class=\"elementor-element elementor-element-7cdff2f5 elementor-widget-divider--separator-type-pattern elementor-widget-divider--view-line elementor-widget elementor-widget-divider\" data-id=\"7cdff2f5\" data-element_type=\"widget\" data-e-type=\"widget\" data-widget_type=\"divider.default\">\n\t\t\t\t<div class=\"elementor-widget-container\">\n\t\t\t\t\t\t\t<div class=\"elementor-divider\" style=\"--divider-pattern-url: url(&quot;data:image\/svg+xml,%3Csvg xmlns=&#039;http:\/\/www.w3.org\/2000\/svg&#039; preserveAspectRatio=&#039;none&#039; overflow=&#039;visible&#039; height=&#039;100%&#039; viewBox=&#039;0 0 20 16&#039; fill=&#039;none&#039; stroke=&#039;black&#039; stroke-width=&#039;2.2&#039; stroke-linecap=&#039;square&#039; stroke-miterlimit=&#039;10&#039;%3E%3Cg transform=&#039;translate(-12.000000, 0)&#039;%3E%3Cpath d=&#039;M28,0L10,18&#039;\/%3E%3Cpath d=&#039;M18,0L0,18&#039;\/%3E%3Cpath d=&#039;M48,0L30,18&#039;\/%3E%3Cpath d=&#039;M38,0L20,18&#039;\/%3E%3C\/g%3E%3C\/svg%3E&quot;);\">\n\t\t\t<span class=\"elementor-divider-separator\">\n\t\t\t\t\t\t<\/span>\n\t\t<\/div>\n\t\t\t\t\t\t<\/div>\n\t\t\t\t<\/div>\n\t\t\t\t<div class=\"elementor-element elementor-element-1f32f85a elementor-widget elementor-widget-heading\" data-id=\"1f32f85a\" data-element_type=\"widget\" data-e-type=\"widget\" data-widget_type=\"heading.default\">\n\t\t\t\t<div class=\"elementor-widget-container\">\n\t\t\t\t\t<h2 class=\"elementor-heading-title elementor-size-default\">B\u00fcro in Rimini<\/h2>\t\t\t\t<\/div>\n\t\t\t\t<\/div>\n\t\t\t\t<div class=\"elementor-element elementor-element-95b7aaa elementor-widget elementor-widget-text-editor\" data-id=\"95b7aaa\" data-element_type=\"widget\" data-e-type=\"widget\" data-widget_type=\"text-editor.default\">\n\t\t\t\t<div class=\"elementor-widget-container\">\n\t\t\t\t\t\t\t\t\t<p>unsere Telefone:<\/p><p><strong>+39 3454687870<\/strong> Inessa (Leiterin des B\u00fcros in Rimini)<\/p><p><strong>+39 3921217653 <\/strong>Eugene (Leiter der Einkaufsentwicklung)<\/p><p>B\u00fcroadressen:<\/p><p><strong>&#8211; Viale Amerigo Vespucci, 29D (Rimini)<\/strong><\/p><p>&#8211; Viale Delle Colonie, 1D (Rimini)<\/p><p>&#8211; Viale Regina Elena 41 (Rimini) (In der Lobby des Hotels Quisisana)<\/p><p>E-Mail: <a href=\"mailto:booking@otdihitalia.com\">booking@otdihitalia.com<\/a><br><br>Partita IVA: 05316530871<\/p>\t\t\t\t\t\t\t\t<\/div>\n\t\t\t\t<\/div>\n\t\t\t\t\t<\/div>\n\t\t<\/div>\n\t\t\t\t\t<\/div>\n\t\t<\/section>\n\t\t\t\t<\/div>\n\t\t","protected":false},"excerpt":{"rendered":"<p>B\u00fcro in Rimini unsere Telefone: +39 3454687870 Inessa (Leiterin des B\u00fcros in Rimini) +39 3921217653 Eugene (Leiter der Einkaufsentwicklung) B\u00fcroadressen: &#8211; Viale Amerigo Vespucci, 29D (Rimini) &#8211; Viale Delle Colonie, 1D (Rimini) &#8211; Viale Regina Elena 41 (Rimini) (In der Lobby des Hotels Quisisana) E-Mail: booking@otdihitalia.com Partita IVA: 05316530871<\/p>\n","protected":false},"author":1,"featured_media":0,"parent":0,"menu_order":0,"comment_status":"closed","ping_status":"closed","template":"","meta":{"footnotes":""},"class_list":["post-2986","page","type-page","status-publish","has-post-thumbnail","hentry"],"yoast_head":"<!-- This site is optimized with the Yoast SEO plugin v27.1.1 - https:\/\/yoast.com\/product\/yoast-seo-wordpress\/ -->\n<title>Kontakt - \u041e\u0442\u0434\u044b\u0445 \u0418\u0442\u0430\u043b\u0438\u044f<\/title>\n<meta name=\"robots\" content=\"index, follow, max-snippet:-1, max-image-preview:large, max-video-preview:-1\" \/>\n<link rel=\"canonical\" href=\"https:\/\/www.otdihitalia.com\/de\/kontakt\/\" \/>\n<meta property=\"og:locale\" content=\"de_DE\" \/>\n<meta property=\"og:type\" content=\"article\" \/>\n<meta property=\"og:title\" content=\"Kontakt - \u041e\u0442\u0434\u044b\u0445 \u0418\u0442\u0430\u043b\u0438\u044f\" \/>\n<meta property=\"og:description\" content=\"B\u00fcro in Rimini unsere Telefone: +39 3454687870 Inessa (Leiterin des B\u00fcros in Rimini) +39 3921217653 Eugene (Leiter der Einkaufsentwicklung) B\u00fcroadressen: &#8211; Viale Amerigo Vespucci, 29D (Rimini) &#8211; Viale Delle Colonie, 1D (Rimini) &#8211; Viale Regina Elena 41 (Rimini) (In der Lobby des Hotels Quisisana) E-Mail: booking@otdihitalia.com Partita IVA: 05316530871\" \/>\n<meta property=\"og:url\" content=\"https:\/\/www.otdihitalia.com\/de\/kontakt\/\" \/>\n<meta property=\"og:site_name\" content=\"\u041e\u0442\u0434\u044b\u0445 \u0418\u0442\u0430\u043b\u0438\u044f\" \/>\n<meta property=\"article:modified_time\" content=\"2025-06-11T12:40:48+00:00\" \/>\n<meta property=\"og:image\" content=\"https:\/\/www.otdihitalia.com\/wp-content\/uploads\/2022\/09\/gdemi5.jpg\" \/>\n\t<meta property=\"og:image:width\" content=\"895\" \/>\n\t<meta property=\"og:image:height\" content=\"492\" \/>\n\t<meta property=\"og:image:type\" content=\"image\/jpeg\" \/>\n<meta name=\"twitter:card\" content=\"summary_large_image\" \/>\n<script type=\"application\/ld+json\" class=\"yoast-schema-graph\">{\"@context\":\"https:\/\/schema.org\",\"@graph\":[{\"@type\":\"WebPage\",\"@id\":\"https:\/\/www.otdihitalia.com\/de\/kontakt\/\",\"url\":\"https:\/\/www.otdihitalia.com\/de\/kontakt\/\",\"name\":\"Kontakt - \u041e\u0442\u0434\u044b\u0445 \u0418\u0442\u0430\u043b\u0438\u044f\",\"isPartOf\":{\"@id\":\"https:\/\/www.otdihitalia.com\/de\/#website\"},\"primaryImageOfPage\":{\"@id\":\"https:\/\/www.otdihitalia.com\/de\/kontakt\/#primaryimage\"},\"image\":{\"@id\":\"https:\/\/www.otdihitalia.com\/de\/kontakt\/#primaryimage\"},\"thumbnailUrl\":\"https:\/\/www.otdihitalia.com\/wp-content\/uploads\/2022\/09\/gdemi5.jpg\",\"datePublished\":\"2022-09-27T15:30:12+00:00\",\"dateModified\":\"2025-06-11T12:40:48+00:00\",\"breadcrumb\":{\"@id\":\"https:\/\/www.otdihitalia.com\/de\/kontakt\/#breadcrumb\"},\"inLanguage\":\"de\",\"potentialAction\":[{\"@type\":\"ReadAction\",\"target\":[\"https:\/\/www.otdihitalia.com\/de\/kontakt\/\"]}]},{\"@type\":\"ImageObject\",\"inLanguage\":\"de\",\"@id\":\"https:\/\/www.otdihitalia.com\/de\/kontakt\/#primaryimage\",\"url\":\"https:\/\/www.otdihitalia.com\/wp-content\/uploads\/2022\/09\/gdemi5.jpg\",\"contentUrl\":\"https:\/\/www.otdihitalia.com\/wp-content\/uploads\/2022\/09\/gdemi5.jpg\"},{\"@type\":\"BreadcrumbList\",\"@id\":\"https:\/\/www.otdihitalia.com\/de\/kontakt\/#breadcrumb\",\"itemListElement\":[{\"@type\":\"ListItem\",\"position\":1,\"name\":\"\u0413\u043b\u0430\u0432\u043d\u0430\u044f \u0441\u0442\u0440\u0430\u043d\u0438\u0446\u0430\",\"item\":\"https:\/\/www.otdihitalia.com\/de\/hauptseite\/\"},{\"@type\":\"ListItem\",\"position\":2,\"name\":\"Kontakt\"}]},{\"@type\":\"WebSite\",\"@id\":\"https:\/\/www.otdihitalia.com\/de\/#website\",\"url\":\"https:\/\/www.otdihitalia.com\/de\/\",\"name\":\"\u041e\u0442\u0434\u044b\u0445 \u0418\u0442\u0430\u043b\u0438\u044f\",\"description\":\"\u042d\u043a\u0441\u043a\u0443\u0440\u0441\u0438\u0438 \u0438\u0437 \u0420\u0438\u043c\u0438\u043d\u0438 \u043d\u0430 \u043b\u044e\u0431\u043e\u0439 \u0432\u043a\u0443\u0441\",\"publisher\":{\"@id\":\"https:\/\/www.otdihitalia.com\/de\/#organization\"},\"potentialAction\":[{\"@type\":\"SearchAction\",\"target\":{\"@type\":\"EntryPoint\",\"urlTemplate\":\"https:\/\/www.otdihitalia.com\/de\/?s={search_term_string}\"},\"query-input\":{\"@type\":\"PropertyValueSpecification\",\"valueRequired\":true,\"valueName\":\"search_term_string\"}}],\"inLanguage\":\"de\"},{\"@type\":\"Organization\",\"@id\":\"https:\/\/www.otdihitalia.com\/de\/#organization\",\"name\":\"OtdihItalia\",\"url\":\"https:\/\/www.otdihitalia.com\/de\/\",\"logo\":{\"@type\":\"ImageObject\",\"inLanguage\":\"de\",\"@id\":\"https:\/\/www.otdihitalia.com\/de\/#\/schema\/logo\/image\/\",\"url\":\"https:\/\/www.otdihitalia.com\/wp-content\/uploads\/2022\/09\/logo-otdihitalia.png\",\"contentUrl\":\"https:\/\/www.otdihitalia.com\/wp-content\/uploads\/2022\/09\/logo-otdihitalia.png\",\"width\":388,\"height\":208,\"caption\":\"OtdihItalia\"},\"image\":{\"@id\":\"https:\/\/www.otdihitalia.com\/de\/#\/schema\/logo\/image\/\"}}]}<\/script>\n<!-- \/ Yoast SEO plugin. -->","yoast_head_json":{"title":"Kontakt - \u041e\u0442\u0434\u044b\u0445 \u0418\u0442\u0430\u043b\u0438\u044f","robots":{"index":"index","follow":"follow","max-snippet":"max-snippet:-1","max-image-preview":"max-image-preview:large","max-video-preview":"max-video-preview:-1"},"canonical":"https:\/\/www.otdihitalia.com\/de\/kontakt\/","og_locale":"de_DE","og_type":"article","og_title":"Kontakt - \u041e\u0442\u0434\u044b\u0445 \u0418\u0442\u0430\u043b\u0438\u044f","og_description":"B\u00fcro in Rimini unsere Telefone: +39 3454687870 Inessa (Leiterin des B\u00fcros in Rimini) +39 3921217653 Eugene (Leiter der Einkaufsentwicklung) B\u00fcroadressen: &#8211; Viale Amerigo Vespucci, 29D (Rimini) &#8211; Viale Delle Colonie, 1D (Rimini) &#8211; Viale Regina Elena 41 (Rimini) (In der Lobby des Hotels Quisisana) E-Mail: booking@otdihitalia.com Partita IVA: 05316530871","og_url":"https:\/\/www.otdihitalia.com\/de\/kontakt\/","og_site_name":"\u041e\u0442\u0434\u044b\u0445 \u0418\u0442\u0430\u043b\u0438\u044f","article_modified_time":"2025-06-11T12:40:48+00:00","og_image":[{"width":895,"height":492,"url":"https:\/\/www.otdihitalia.com\/wp-content\/uploads\/2022\/09\/gdemi5.jpg","type":"image\/jpeg"}],"twitter_card":"summary_large_image","schema":{"@context":"https:\/\/schema.org","@graph":[{"@type":"WebPage","@id":"https:\/\/www.otdihitalia.com\/de\/kontakt\/","url":"https:\/\/www.otdihitalia.com\/de\/kontakt\/","name":"Kontakt - \u041e\u0442\u0434\u044b\u0445 \u0418\u0442\u0430\u043b\u0438\u044f","isPartOf":{"@id":"https:\/\/www.otdihitalia.com\/de\/#website"},"primaryImageOfPage":{"@id":"https:\/\/www.otdihitalia.com\/de\/kontakt\/#primaryimage"},"image":{"@id":"https:\/\/www.otdihitalia.com\/de\/kontakt\/#primaryimage"},"thumbnailUrl":"https:\/\/www.otdihitalia.com\/wp-content\/uploads\/2022\/09\/gdemi5.jpg","datePublished":"2022-09-27T15:30:12+00:00","dateModified":"2025-06-11T12:40:48+00:00","breadcrumb":{"@id":"https:\/\/www.otdihitalia.com\/de\/kontakt\/#breadcrumb"},"inLanguage":"de","potentialAction":[{"@type":"ReadAction","target":["https:\/\/www.otdihitalia.com\/de\/kontakt\/"]}]},{"@type":"ImageObject","inLanguage":"de","@id":"https:\/\/www.otdihitalia.com\/de\/kontakt\/#primaryimage","url":"https:\/\/www.otdihitalia.com\/wp-content\/uploads\/2022\/09\/gdemi5.jpg","contentUrl":"https:\/\/www.otdihitalia.com\/wp-content\/uploads\/2022\/09\/gdemi5.jpg"},{"@type":"BreadcrumbList","@id":"https:\/\/www.otdihitalia.com\/de\/kontakt\/#breadcrumb","itemListElement":[{"@type":"ListItem","position":1,"name":"\u0413\u043b\u0430\u0432\u043d\u0430\u044f \u0441\u0442\u0440\u0430\u043d\u0438\u0446\u0430","item":"https:\/\/www.otdihitalia.com\/de\/hauptseite\/"},{"@type":"ListItem","position":2,"name":"Kontakt"}]},{"@type":"WebSite","@id":"https:\/\/www.otdihitalia.com\/de\/#website","url":"https:\/\/www.otdihitalia.com\/de\/","name":"\u041e\u0442\u0434\u044b\u0445 \u0418\u0442\u0430\u043b\u0438\u044f","description":"\u042d\u043a\u0441\u043a\u0443\u0440\u0441\u0438\u0438 \u0438\u0437 \u0420\u0438\u043c\u0438\u043d\u0438 \u043d\u0430 \u043b\u044e\u0431\u043e\u0439 \u0432\u043a\u0443\u0441","publisher":{"@id":"https:\/\/www.otdihitalia.com\/de\/#organization"},"potentialAction":[{"@type":"SearchAction","target":{"@type":"EntryPoint","urlTemplate":"https:\/\/www.otdihitalia.com\/de\/?s={search_term_string}"},"query-input":{"@type":"PropertyValueSpecification","valueRequired":true,"valueName":"search_term_string"}}],"inLanguage":"de"},{"@type":"Organization","@id":"https:\/\/www.otdihitalia.com\/de\/#organization","name":"OtdihItalia","url":"https:\/\/www.otdihitalia.com\/de\/","logo":{"@type":"ImageObject","inLanguage":"de","@id":"https:\/\/www.otdihitalia.com\/de\/#\/schema\/logo\/image\/","url":"https:\/\/www.otdihitalia.com\/wp-content\/uploads\/2022\/09\/logo-otdihitalia.png","contentUrl":"https:\/\/www.otdihitalia.com\/wp-content\/uploads\/2022\/09\/logo-otdihitalia.png","width":388,"height":208,"caption":"OtdihItalia"},"image":{"@id":"https:\/\/www.otdihitalia.com\/de\/#\/schema\/logo\/image\/"}}]}},"_links":{"self":[{"href":"https:\/\/www.otdihitalia.com\/de\/wp-json\/wp\/v2\/pages\/2986","targetHints":{"allow":["GET"]}}],"collection":[{"href":"https:\/\/www.otdihitalia.com\/de\/wp-json\/wp\/v2\/pages"}],"about":[{"href":"https:\/\/www.otdihitalia.com\/de\/wp-json\/wp\/v2\/types\/page"}],"author":[{"embeddable":true,"href":"https:\/\/www.otdihitalia.com\/de\/wp-json\/wp\/v2\/users\/1"}],"replies":[{"embeddable":true,"href":"https:\/\/www.otdihitalia.com\/de\/wp-json\/wp\/v2\/comments?post=2986"}],"version-history":[{"count":8,"href":"https:\/\/www.otdihitalia.com\/de\/wp-json\/wp\/v2\/pages\/2986\/revisions"}],"predecessor-version":[{"id":12085,"href":"https:\/\/www.otdihitalia.com\/de\/wp-json\/wp\/v2\/pages\/2986\/revisions\/12085"}],"wp:attachment":[{"href":"https:\/\/www.otdihitalia.com\/de\/wp-json\/wp\/v2\/media?parent=2986"}],"curies":[{"name":"wp","href":"https:\/\/api.w.org\/{rel}","templated":true}]}}