{"id":5909,"date":"2022-09-27T13:52:41","date_gmt":"2022-09-27T11:52:41","guid":{"rendered":"https:\/\/www.otdihitalia.com\/datenschutzbestimmungen\/"},"modified":"2023-11-20T17:10:53","modified_gmt":"2023-11-20T15:10:53","slug":"datenschutzbestimmungen","status":"publish","type":"page","link":"https:\/\/www.otdihitalia.com\/de\/datenschutzbestimmungen\/","title":{"rendered":"Datenschutzbestimmungen"},"content":{"rendered":"<h2 class=\"wp-block-heading\">Wer wir sind<\/h2><p><strong class=\"privacy-policy-tutorial\">Vorgeschlagener Text: <\/strong>Unsere Website-Adresse lautet http:\/\/www.otdihitalia.com.<\/p><h2 class=\"wp-block-heading\">Kommentare<\/h2><p><strong class=\"privacy-policy-tutorial\">Vorgeschlagener Text: <\/strong>Wenn ein Besucher einen Kommentar auf der Website hinterl\u00e4sst, erfassen wir die im Kommentarformular angegebenen Daten sowie die IP-Adresse des Besuchers und die User-Agent-Daten des Browsers zum Zweck der Spam-Erkennung.<\/p><p>Eine anonymisierte Zeichenkette, die aus Ihrer E-Mail-Adresse erstellt wird (&#8222;Hash&#8220;), kann an den Gravatar-Dienst weitergegeben werden, um festzustellen, ob Sie diesen nutzen. Die Datenschutzbestimmungen von Gravatar finden Sie hier: https:\/\/automattic.com\/privacy\/. Sobald Ihr Kommentar genehmigt ist, wird Ihr Profilbild im Kontext Ihres Kommentars \u00f6ffentlich sichtbar sein.<\/p><h2 class=\"wp-block-heading\">Medien-Dateien<\/h2><p><strong class=\"privacy-policy-tutorial\">Textvorschlag: <\/strong>Wenn Sie ein registrierter Benutzer sind und Fotos auf die Website hochladen, sollten Sie es vermeiden, Bilder mit EXIF-Metadaten hochzuladen, da diese Ihren GPS-Standort enthalten k\u00f6nnen. Besucher k\u00f6nnen diese Informationen abrufen, indem sie Bilder von der Website herunterladen.<\/p><h2 class=\"wp-block-heading\">Keks<\/h2><p><strong class=\"privacy-policy-tutorial\">Textvorschlag: <\/strong>Wenn Sie einen Kommentar auf unserer Website hinterlassen, k\u00f6nnen Sie zulassen, dass Ihr Name, Ihre E-Mail-Adresse und Ihre Website in einem Cookie gespeichert werden. Dies dient Ihrer Bequemlichkeit, damit Sie die Details nicht erneut eingeben m\u00fcssen, wenn Sie erneut kommentieren. Diese Cookies werden ein Jahr lang gespeichert.<\/p><p>Wenn Sie ein Konto auf der Website haben und sich einloggen, setzen wir ein tempor\u00e4res Cookie, um festzustellen, ob Ihr Browser Cookies unterst\u00fctzt. Das Cookie enth\u00e4lt keine pers\u00f6nlichen Informationen und wird gel\u00f6scht, wenn Sie Ihren Browser schlie\u00dfen.<\/p><p>Wenn Sie sich bei einem Konto anmelden, setzen wir auch einige Cookies mit Anmeldedaten und Bildschirmeinstellungen. Login-Cookies werden zwei Tage lang gespeichert, Cookies f\u00fcr Bildschirmeinstellungen ein Jahr lang. Wenn Sie die Option &#8222;Merken&#8220; w\u00e4hlen, werden Ihre Anmeldedaten f\u00fcr zwei Wochen gespeichert. Wenn Sie sich von Ihrem Konto abmelden, werden Ihre Anmelde-Cookies gel\u00f6scht.<\/p><p>Wenn Sie einen Artikel bearbeiten oder ver\u00f6ffentlichen, wird ein zus\u00e4tzliches Cookie in Ihrem Browser gespeichert. Es enth\u00e4lt keine pers\u00f6nlichen Daten, sondern nur die ID des von Ihnen bearbeiteten Eintrags und l\u00e4uft in 1 Tag ab.<\/p><h2 class=\"wp-block-heading\">Eingebettete Inhalte von anderen Websites<\/h2><p><strong class=\"privacy-policy-tutorial\">Textvorschlag: <\/strong>Die Artikel auf dieser Website k\u00f6nnen eingebettete Inhalte enthalten (z. B. Videos, Bilder, Artikel usw.). Solche Inhalte verhalten sich genauso, als ob der Besucher eine andere Website besuchen w\u00fcrde.<\/p><p>Diese Websites k\u00f6nnen Daten \u00fcber Sie sammeln, Cookies verwenden, zus\u00e4tzliche Trackingverfahren von Dritten einsetzen und Ihre Interaktionen mit eingebetteten Inhalten verfolgen, einschlie\u00dflich der Verfolgung von Interaktionen, wenn Sie ein Konto haben und sich auf dieser Website angemeldet haben.<\/p><h2 class=\"wp-block-heading\">Mit wem wir Ihre Daten teilen<\/h2><p><strong class=\"privacy-policy-tutorial\">Textvorschlag: <\/strong>Wenn Sie eine Passwortr\u00fccksetzung anfordern, wird Ihre IP in der R\u00fccksetzungs-E-Mail aufgef\u00fchrt.<\/p><h2 class=\"wp-block-heading\">Wie lange wir Ihre Daten aufbewahren<\/h2><p><strong class=\"privacy-policy-tutorial\">Vorgeschlagener Text: <\/strong>Wenn Sie einen Kommentar hinterlassen, werden der Kommentar selbst und seine Metadaten auf unbestimmte Zeit gespeichert. Damit werden nachfolgende Kommentare automatisch erkannt und genehmigt, anstatt sie in eine Warteschlange zur Genehmigung zu stellen.<\/p><p>Bei Nutzern, die sich auf unserer Website registrieren, speichern wir die von ihnen angegebenen pers\u00f6nlichen Daten in ihrem Profil. Alle Benutzer k\u00f6nnen ihre Profilinformationen jederzeit einsehen, bearbeiten oder l\u00f6schen (mit Ausnahme ihres Benutzernamens). Die Verwaltung der Website kann diese Informationen ebenfalls einsehen und \u00e4ndern.<\/p><h2 class=\"wp-block-heading\">Welche Rechte haben Sie an Ihren Daten?<\/h2><p><strong class=\"privacy-policy-tutorial\">Textvorschlag: <\/strong>Wenn Sie ein Konto auf der Website haben oder Kommentare hinterlassen haben, k\u00f6nnen Sie eine Exportdatei der pers\u00f6nlichen Daten anfordern, die wir \u00fcber Sie gespeichert haben, einschlie\u00dflich der Daten, die Sie uns mitgeteilt haben. Sie k\u00f6nnen auch die L\u00f6schung dieser Daten verlangen. Dies gilt nicht f\u00fcr Daten, die wir aus administrativen, rechtlichen oder Sicherheitsgr\u00fcnden aufbewahren m\u00fcssen.<\/p><h2 class=\"wp-block-heading\">Wohin Ihre Daten gesendet werden<\/h2><p><strong class=\"privacy-policy-tutorial\">Vorgeschlagener Text: <\/strong>Benutzerkommentare k\u00f6nnen von einem automatischen Spam-Erkennungsdienst \u00fcberpr\u00fcft werden.<\/p>","protected":false},"excerpt":{"rendered":"<p>Wer wir sind Vorgeschlagener Text: Unsere Website-Adresse lautet http:\/\/www.otdihitalia.com. Kommentare Vorgeschlagener Text: Wenn ein Besucher einen Kommentar auf der Website hinterl\u00e4sst, erfassen wir die im Kommentarformular angegebenen Daten sowie die IP-Adresse des Besuchers und die User-Agent-Daten des Browsers zum Zweck der Spam-Erkennung. Eine anonymisierte Zeichenkette, die aus Ihrer E-Mail-Adresse erstellt wird (&#8222;Hash&#8220;), kann an den [&hellip;]<\/p>\n","protected":false},"author":1,"featured_media":0,"parent":0,"menu_order":0,"comment_status":"closed","ping_status":"open","template":"","meta":{"footnotes":""},"class_list":["post-5909","page","type-page","status-publish","has-post-thumbnail","hentry"],"yoast_head":"<!-- This site is optimized with the Yoast SEO plugin v27.1.1 - https:\/\/yoast.com\/product\/yoast-seo-wordpress\/ -->\n<title>Datenschutzbestimmungen - \u041e\u0442\u0434\u044b\u0445 \u0418\u0442\u0430\u043b\u0438\u044f<\/title>\n<meta name=\"robots\" content=\"index, follow, max-snippet:-1, max-image-preview:large, max-video-preview:-1\" \/>\n<link rel=\"canonical\" href=\"https:\/\/www.otdihitalia.com\/de\/datenschutzbestimmungen\/\" \/>\n<meta property=\"og:locale\" content=\"de_DE\" \/>\n<meta property=\"og:type\" content=\"article\" \/>\n<meta property=\"og:title\" content=\"Datenschutzbestimmungen - \u041e\u0442\u0434\u044b\u0445 \u0418\u0442\u0430\u043b\u0438\u044f\" \/>\n<meta property=\"og:description\" content=\"Wer wir sind Vorgeschlagener Text: Unsere Website-Adresse lautet http:\/\/www.otdihitalia.com. Kommentare Vorgeschlagener Text: Wenn ein Besucher einen Kommentar auf der Website hinterl\u00e4sst, erfassen wir die im Kommentarformular angegebenen Daten sowie die IP-Adresse des Besuchers und die User-Agent-Daten des Browsers zum Zweck der Spam-Erkennung. Eine anonymisierte Zeichenkette, die aus Ihrer E-Mail-Adresse erstellt wird (&#8222;Hash&#8220;), kann an den [&hellip;]\" \/>\n<meta property=\"og:url\" content=\"https:\/\/www.otdihitalia.com\/de\/datenschutzbestimmungen\/\" \/>\n<meta property=\"og:site_name\" content=\"\u041e\u0442\u0434\u044b\u0445 \u0418\u0442\u0430\u043b\u0438\u044f\" \/>\n<meta property=\"article:modified_time\" content=\"2023-11-20T15:10:53+00:00\" \/>\n<meta name=\"twitter:card\" content=\"summary_large_image\" \/>\n<meta name=\"twitter:label1\" content=\"Gesch\u00e4tzte Lesezeit\" \/>\n\t<meta name=\"twitter:data1\" content=\"3\u00a0Minuten\" \/>\n<script type=\"application\/ld+json\" class=\"yoast-schema-graph\">{\"@context\":\"https:\/\/schema.org\",\"@graph\":[{\"@type\":\"WebPage\",\"@id\":\"https:\/\/www.otdihitalia.com\/de\/datenschutzbestimmungen\/\",\"url\":\"https:\/\/www.otdihitalia.com\/de\/datenschutzbestimmungen\/\",\"name\":\"Datenschutzbestimmungen - \u041e\u0442\u0434\u044b\u0445 \u0418\u0442\u0430\u043b\u0438\u044f\",\"isPartOf\":{\"@id\":\"https:\/\/www.otdihitalia.com\/de\/#website\"},\"datePublished\":\"2022-09-27T11:52:41+00:00\",\"dateModified\":\"2023-11-20T15:10:53+00:00\",\"breadcrumb\":{\"@id\":\"https:\/\/www.otdihitalia.com\/de\/datenschutzbestimmungen\/#breadcrumb\"},\"inLanguage\":\"de\",\"potentialAction\":[{\"@type\":\"ReadAction\",\"target\":[\"https:\/\/www.otdihitalia.com\/de\/datenschutzbestimmungen\/\"]}]},{\"@type\":\"BreadcrumbList\",\"@id\":\"https:\/\/www.otdihitalia.com\/de\/datenschutzbestimmungen\/#breadcrumb\",\"itemListElement\":[{\"@type\":\"ListItem\",\"position\":1,\"name\":\"\u0413\u043b\u0430\u0432\u043d\u0430\u044f \u0441\u0442\u0440\u0430\u043d\u0438\u0446\u0430\",\"item\":\"https:\/\/www.otdihitalia.com\/de\/hauptseite\/\"},{\"@type\":\"ListItem\",\"position\":2,\"name\":\"Datenschutzbestimmungen\"}]},{\"@type\":\"WebSite\",\"@id\":\"https:\/\/www.otdihitalia.com\/de\/#website\",\"url\":\"https:\/\/www.otdihitalia.com\/de\/\",\"name\":\"\u041e\u0442\u0434\u044b\u0445 \u0418\u0442\u0430\u043b\u0438\u044f\",\"description\":\"\u042d\u043a\u0441\u043a\u0443\u0440\u0441\u0438\u0438 \u0438\u0437 \u0420\u0438\u043c\u0438\u043d\u0438 \u043d\u0430 \u043b\u044e\u0431\u043e\u0439 \u0432\u043a\u0443\u0441\",\"publisher\":{\"@id\":\"https:\/\/www.otdihitalia.com\/de\/#organization\"},\"potentialAction\":[{\"@type\":\"SearchAction\",\"target\":{\"@type\":\"EntryPoint\",\"urlTemplate\":\"https:\/\/www.otdihitalia.com\/de\/?s={search_term_string}\"},\"query-input\":{\"@type\":\"PropertyValueSpecification\",\"valueRequired\":true,\"valueName\":\"search_term_string\"}}],\"inLanguage\":\"de\"},{\"@type\":\"Organization\",\"@id\":\"https:\/\/www.otdihitalia.com\/de\/#organization\",\"name\":\"OtdihItalia\",\"url\":\"https:\/\/www.otdihitalia.com\/de\/\",\"logo\":{\"@type\":\"ImageObject\",\"inLanguage\":\"de\",\"@id\":\"https:\/\/www.otdihitalia.com\/de\/#\/schema\/logo\/image\/\",\"url\":\"https:\/\/www.otdihitalia.com\/wp-content\/uploads\/2022\/09\/logo-otdihitalia.png\",\"contentUrl\":\"https:\/\/www.otdihitalia.com\/wp-content\/uploads\/2022\/09\/logo-otdihitalia.png\",\"width\":388,\"height\":208,\"caption\":\"OtdihItalia\"},\"image\":{\"@id\":\"https:\/\/www.otdihitalia.com\/de\/#\/schema\/logo\/image\/\"}}]}<\/script>\n<!-- \/ Yoast SEO plugin. -->","yoast_head_json":{"title":"Datenschutzbestimmungen - \u041e\u0442\u0434\u044b\u0445 \u0418\u0442\u0430\u043b\u0438\u044f","robots":{"index":"index","follow":"follow","max-snippet":"max-snippet:-1","max-image-preview":"max-image-preview:large","max-video-preview":"max-video-preview:-1"},"canonical":"https:\/\/www.otdihitalia.com\/de\/datenschutzbestimmungen\/","og_locale":"de_DE","og_type":"article","og_title":"Datenschutzbestimmungen - \u041e\u0442\u0434\u044b\u0445 \u0418\u0442\u0430\u043b\u0438\u044f","og_description":"Wer wir sind Vorgeschlagener Text: Unsere Website-Adresse lautet http:\/\/www.otdihitalia.com. Kommentare Vorgeschlagener Text: Wenn ein Besucher einen Kommentar auf der Website hinterl\u00e4sst, erfassen wir die im Kommentarformular angegebenen Daten sowie die IP-Adresse des Besuchers und die User-Agent-Daten des Browsers zum Zweck der Spam-Erkennung. Eine anonymisierte Zeichenkette, die aus Ihrer E-Mail-Adresse erstellt wird (&#8222;Hash&#8220;), kann an den [&hellip;]","og_url":"https:\/\/www.otdihitalia.com\/de\/datenschutzbestimmungen\/","og_site_name":"\u041e\u0442\u0434\u044b\u0445 \u0418\u0442\u0430\u043b\u0438\u044f","article_modified_time":"2023-11-20T15:10:53+00:00","twitter_card":"summary_large_image","twitter_misc":{"Gesch\u00e4tzte Lesezeit":"3\u00a0Minuten"},"schema":{"@context":"https:\/\/schema.org","@graph":[{"@type":"WebPage","@id":"https:\/\/www.otdihitalia.com\/de\/datenschutzbestimmungen\/","url":"https:\/\/www.otdihitalia.com\/de\/datenschutzbestimmungen\/","name":"Datenschutzbestimmungen - \u041e\u0442\u0434\u044b\u0445 \u0418\u0442\u0430\u043b\u0438\u044f","isPartOf":{"@id":"https:\/\/www.otdihitalia.com\/de\/#website"},"datePublished":"2022-09-27T11:52:41+00:00","dateModified":"2023-11-20T15:10:53+00:00","breadcrumb":{"@id":"https:\/\/www.otdihitalia.com\/de\/datenschutzbestimmungen\/#breadcrumb"},"inLanguage":"de","potentialAction":[{"@type":"ReadAction","target":["https:\/\/www.otdihitalia.com\/de\/datenschutzbestimmungen\/"]}]},{"@type":"BreadcrumbList","@id":"https:\/\/www.otdihitalia.com\/de\/datenschutzbestimmungen\/#breadcrumb","itemListElement":[{"@type":"ListItem","position":1,"name":"\u0413\u043b\u0430\u0432\u043d\u0430\u044f \u0441\u0442\u0440\u0430\u043d\u0438\u0446\u0430","item":"https:\/\/www.otdihitalia.com\/de\/hauptseite\/"},{"@type":"ListItem","position":2,"name":"Datenschutzbestimmungen"}]},{"@type":"WebSite","@id":"https:\/\/www.otdihitalia.com\/de\/#website","url":"https:\/\/www.otdihitalia.com\/de\/","name":"\u041e\u0442\u0434\u044b\u0445 \u0418\u0442\u0430\u043b\u0438\u044f","description":"\u042d\u043a\u0441\u043a\u0443\u0440\u0441\u0438\u0438 \u0438\u0437 \u0420\u0438\u043c\u0438\u043d\u0438 \u043d\u0430 \u043b\u044e\u0431\u043e\u0439 \u0432\u043a\u0443\u0441","publisher":{"@id":"https:\/\/www.otdihitalia.com\/de\/#organization"},"potentialAction":[{"@type":"SearchAction","target":{"@type":"EntryPoint","urlTemplate":"https:\/\/www.otdihitalia.com\/de\/?s={search_term_string}"},"query-input":{"@type":"PropertyValueSpecification","valueRequired":true,"valueName":"search_term_string"}}],"inLanguage":"de"},{"@type":"Organization","@id":"https:\/\/www.otdihitalia.com\/de\/#organization","name":"OtdihItalia","url":"https:\/\/www.otdihitalia.com\/de\/","logo":{"@type":"ImageObject","inLanguage":"de","@id":"https:\/\/www.otdihitalia.com\/de\/#\/schema\/logo\/image\/","url":"https:\/\/www.otdihitalia.com\/wp-content\/uploads\/2022\/09\/logo-otdihitalia.png","contentUrl":"https:\/\/www.otdihitalia.com\/wp-content\/uploads\/2022\/09\/logo-otdihitalia.png","width":388,"height":208,"caption":"OtdihItalia"},"image":{"@id":"https:\/\/www.otdihitalia.com\/de\/#\/schema\/logo\/image\/"}}]}},"_links":{"self":[{"href":"https:\/\/www.otdihitalia.com\/de\/wp-json\/wp\/v2\/pages\/5909","targetHints":{"allow":["GET"]}}],"collection":[{"href":"https:\/\/www.otdihitalia.com\/de\/wp-json\/wp\/v2\/pages"}],"about":[{"href":"https:\/\/www.otdihitalia.com\/de\/wp-json\/wp\/v2\/types\/page"}],"author":[{"embeddable":true,"href":"https:\/\/www.otdihitalia.com\/de\/wp-json\/wp\/v2\/users\/1"}],"replies":[{"embeddable":true,"href":"https:\/\/www.otdihitalia.com\/de\/wp-json\/wp\/v2\/comments?post=5909"}],"version-history":[{"count":1,"href":"https:\/\/www.otdihitalia.com\/de\/wp-json\/wp\/v2\/pages\/5909\/revisions"}],"predecessor-version":[{"id":5910,"href":"https:\/\/www.otdihitalia.com\/de\/wp-json\/wp\/v2\/pages\/5909\/revisions\/5910"}],"wp:attachment":[{"href":"https:\/\/www.otdihitalia.com\/de\/wp-json\/wp\/v2\/media?parent=5909"}],"curies":[{"name":"wp","href":"https:\/\/api.w.org\/{rel}","templated":true}]}}