{"id":4607,"date":"2023-05-15T18:55:56","date_gmt":"2023-05-15T16:55:56","guid":{"rendered":"https:\/\/www.otdihitalia.com\/ekskursijos-i-italija-is-riminio\/"},"modified":"2023-06-07T17:18:10","modified_gmt":"2023-06-07T14:18:10","slug":"ekskursijos-i-italija-is-riminio","status":"publish","type":"page","link":"https:\/\/www.otdihitalia.com\/lt\/ekskursijos-i-italija-is-riminio\/","title":{"rendered":"Ekskursijos \u012f Italij\u0105 i\u0161 Riminio"},"content":{"rendered":"","protected":false},"excerpt":{"rendered":"","protected":false},"author":1,"featured_media":0,"parent":0,"menu_order":0,"comment_status":"closed","ping_status":"closed","template":"template-tour-search.php","meta":{"footnotes":""},"class_list":["post-4607","page","type-page","status-publish","has-post-thumbnail","hentry"],"yoast_head":"<!-- This site is optimized with the Yoast SEO plugin v27.1.1 - https:\/\/yoast.com\/product\/yoast-seo-wordpress\/ -->\n<title>Ekskursijos \u012f Italij\u0105 i\u0161 Riminio - \u041e\u0442\u0434\u044b\u0445 \u0418\u0442\u0430\u043b\u0438\u044f<\/title>\n<meta name=\"robots\" content=\"index, follow, max-snippet:-1, max-image-preview:large, max-video-preview:-1\" \/>\n<link rel=\"canonical\" href=\"https:\/\/www.otdihitalia.com\/lt\/ekskursijos-i-italija-is-riminio\/\" \/>\n<meta property=\"og:locale\" content=\"lt_LT\" \/>\n<meta property=\"og:type\" content=\"article\" \/>\n<meta property=\"og:title\" content=\"Ekskursijos \u012f Italij\u0105 i\u0161 Riminio - \u041e\u0442\u0434\u044b\u0445 \u0418\u0442\u0430\u043b\u0438\u044f\" \/>\n<meta property=\"og:url\" content=\"https:\/\/www.otdihitalia.com\/lt\/ekskursijos-i-italija-is-riminio\/\" \/>\n<meta property=\"og:site_name\" content=\"\u041e\u0442\u0434\u044b\u0445 \u0418\u0442\u0430\u043b\u0438\u044f\" \/>\n<meta property=\"article:modified_time\" content=\"2023-06-07T14:18:10+00:00\" \/>\n<meta name=\"twitter:card\" content=\"summary_large_image\" \/>\n<script type=\"application\/ld+json\" class=\"yoast-schema-graph\">{\"@context\":\"https:\/\/schema.org\",\"@graph\":[{\"@type\":\"WebPage\",\"@id\":\"https:\/\/www.otdihitalia.com\/lt\/ekskursijos-i-italija-is-riminio\/\",\"url\":\"https:\/\/www.otdihitalia.com\/lt\/ekskursijos-i-italija-is-riminio\/\",\"name\":\"Ekskursijos \u012f Italij\u0105 i\u0161 Riminio - \u041e\u0442\u0434\u044b\u0445 \u0418\u0442\u0430\u043b\u0438\u044f\",\"isPartOf\":{\"@id\":\"https:\/\/www.otdihitalia.com\/lt\/#website\"},\"datePublished\":\"2023-05-15T16:55:56+00:00\",\"dateModified\":\"2023-06-07T14:18:10+00:00\",\"breadcrumb\":{\"@id\":\"https:\/\/www.otdihitalia.com\/lt\/ekskursijos-i-italija-is-riminio\/#breadcrumb\"},\"inLanguage\":\"lt-LT\",\"potentialAction\":[{\"@type\":\"ReadAction\",\"target\":[\"https:\/\/www.otdihitalia.com\/lt\/ekskursijos-i-italija-is-riminio\/\"]}]},{\"@type\":\"BreadcrumbList\",\"@id\":\"https:\/\/www.otdihitalia.com\/lt\/ekskursijos-i-italija-is-riminio\/#breadcrumb\",\"itemListElement\":[{\"@type\":\"ListItem\",\"position\":1,\"name\":\"\u0413\u043b\u0430\u0432\u043d\u0430\u044f \u0441\u0442\u0440\u0430\u043d\u0438\u0446\u0430\",\"item\":\"https:\/\/www.otdihitalia.com\/lt\/pagrindinis-puslapis\/\"},{\"@type\":\"ListItem\",\"position\":2,\"name\":\"Ekskursijos \u012f Italij\u0105 i\u0161 Riminio\"}]},{\"@type\":\"WebSite\",\"@id\":\"https:\/\/www.otdihitalia.com\/lt\/#website\",\"url\":\"https:\/\/www.otdihitalia.com\/lt\/\",\"name\":\"\u041e\u0442\u0434\u044b\u0445 \u0418\u0442\u0430\u043b\u0438\u044f\",\"description\":\"\u042d\u043a\u0441\u043a\u0443\u0440\u0441\u0438\u0438 \u0438\u0437 \u0420\u0438\u043c\u0438\u043d\u0438 \u043d\u0430 \u043b\u044e\u0431\u043e\u0439 \u0432\u043a\u0443\u0441\",\"publisher\":{\"@id\":\"https:\/\/www.otdihitalia.com\/lt\/#organization\"},\"potentialAction\":[{\"@type\":\"SearchAction\",\"target\":{\"@type\":\"EntryPoint\",\"urlTemplate\":\"https:\/\/www.otdihitalia.com\/lt\/?s={search_term_string}\"},\"query-input\":{\"@type\":\"PropertyValueSpecification\",\"valueRequired\":true,\"valueName\":\"search_term_string\"}}],\"inLanguage\":\"lt-LT\"},{\"@type\":\"Organization\",\"@id\":\"https:\/\/www.otdihitalia.com\/lt\/#organization\",\"name\":\"OtdihItalia\",\"url\":\"https:\/\/www.otdihitalia.com\/lt\/\",\"logo\":{\"@type\":\"ImageObject\",\"inLanguage\":\"lt-LT\",\"@id\":\"https:\/\/www.otdihitalia.com\/lt\/#\/schema\/logo\/image\/\",\"url\":\"https:\/\/www.otdihitalia.com\/wp-content\/uploads\/2022\/09\/logo-otdihitalia.png\",\"contentUrl\":\"https:\/\/www.otdihitalia.com\/wp-content\/uploads\/2022\/09\/logo-otdihitalia.png\",\"width\":388,\"height\":208,\"caption\":\"OtdihItalia\"},\"image\":{\"@id\":\"https:\/\/www.otdihitalia.com\/lt\/#\/schema\/logo\/image\/\"}}]}<\/script>\n<!-- \/ Yoast SEO plugin. -->","yoast_head_json":{"title":"Ekskursijos \u012f Italij\u0105 i\u0161 Riminio - \u041e\u0442\u0434\u044b\u0445 \u0418\u0442\u0430\u043b\u0438\u044f","robots":{"index":"index","follow":"follow","max-snippet":"max-snippet:-1","max-image-preview":"max-image-preview:large","max-video-preview":"max-video-preview:-1"},"canonical":"https:\/\/www.otdihitalia.com\/lt\/ekskursijos-i-italija-is-riminio\/","og_locale":"lt_LT","og_type":"article","og_title":"Ekskursijos \u012f Italij\u0105 i\u0161 Riminio - \u041e\u0442\u0434\u044b\u0445 \u0418\u0442\u0430\u043b\u0438\u044f","og_url":"https:\/\/www.otdihitalia.com\/lt\/ekskursijos-i-italija-is-riminio\/","og_site_name":"\u041e\u0442\u0434\u044b\u0445 \u0418\u0442\u0430\u043b\u0438\u044f","article_modified_time":"2023-06-07T14:18:10+00:00","twitter_card":"summary_large_image","schema":{"@context":"https:\/\/schema.org","@graph":[{"@type":"WebPage","@id":"https:\/\/www.otdihitalia.com\/lt\/ekskursijos-i-italija-is-riminio\/","url":"https:\/\/www.otdihitalia.com\/lt\/ekskursijos-i-italija-is-riminio\/","name":"Ekskursijos \u012f Italij\u0105 i\u0161 Riminio - \u041e\u0442\u0434\u044b\u0445 \u0418\u0442\u0430\u043b\u0438\u044f","isPartOf":{"@id":"https:\/\/www.otdihitalia.com\/lt\/#website"},"datePublished":"2023-05-15T16:55:56+00:00","dateModified":"2023-06-07T14:18:10+00:00","breadcrumb":{"@id":"https:\/\/www.otdihitalia.com\/lt\/ekskursijos-i-italija-is-riminio\/#breadcrumb"},"inLanguage":"lt-LT","potentialAction":[{"@type":"ReadAction","target":["https:\/\/www.otdihitalia.com\/lt\/ekskursijos-i-italija-is-riminio\/"]}]},{"@type":"BreadcrumbList","@id":"https:\/\/www.otdihitalia.com\/lt\/ekskursijos-i-italija-is-riminio\/#breadcrumb","itemListElement":[{"@type":"ListItem","position":1,"name":"\u0413\u043b\u0430\u0432\u043d\u0430\u044f \u0441\u0442\u0440\u0430\u043d\u0438\u0446\u0430","item":"https:\/\/www.otdihitalia.com\/lt\/pagrindinis-puslapis\/"},{"@type":"ListItem","position":2,"name":"Ekskursijos \u012f Italij\u0105 i\u0161 Riminio"}]},{"@type":"WebSite","@id":"https:\/\/www.otdihitalia.com\/lt\/#website","url":"https:\/\/www.otdihitalia.com\/lt\/","name":"\u041e\u0442\u0434\u044b\u0445 \u0418\u0442\u0430\u043b\u0438\u044f","description":"\u042d\u043a\u0441\u043a\u0443\u0440\u0441\u0438\u0438 \u0438\u0437 \u0420\u0438\u043c\u0438\u043d\u0438 \u043d\u0430 \u043b\u044e\u0431\u043e\u0439 \u0432\u043a\u0443\u0441","publisher":{"@id":"https:\/\/www.otdihitalia.com\/lt\/#organization"},"potentialAction":[{"@type":"SearchAction","target":{"@type":"EntryPoint","urlTemplate":"https:\/\/www.otdihitalia.com\/lt\/?s={search_term_string}"},"query-input":{"@type":"PropertyValueSpecification","valueRequired":true,"valueName":"search_term_string"}}],"inLanguage":"lt-LT"},{"@type":"Organization","@id":"https:\/\/www.otdihitalia.com\/lt\/#organization","name":"OtdihItalia","url":"https:\/\/www.otdihitalia.com\/lt\/","logo":{"@type":"ImageObject","inLanguage":"lt-LT","@id":"https:\/\/www.otdihitalia.com\/lt\/#\/schema\/logo\/image\/","url":"https:\/\/www.otdihitalia.com\/wp-content\/uploads\/2022\/09\/logo-otdihitalia.png","contentUrl":"https:\/\/www.otdihitalia.com\/wp-content\/uploads\/2022\/09\/logo-otdihitalia.png","width":388,"height":208,"caption":"OtdihItalia"},"image":{"@id":"https:\/\/www.otdihitalia.com\/lt\/#\/schema\/logo\/image\/"}}]}},"_links":{"self":[{"href":"https:\/\/www.otdihitalia.com\/lt\/wp-json\/wp\/v2\/pages\/4607","targetHints":{"allow":["GET"]}}],"collection":[{"href":"https:\/\/www.otdihitalia.com\/lt\/wp-json\/wp\/v2\/pages"}],"about":[{"href":"https:\/\/www.otdihitalia.com\/lt\/wp-json\/wp\/v2\/types\/page"}],"author":[{"embeddable":true,"href":"https:\/\/www.otdihitalia.com\/lt\/wp-json\/wp\/v2\/users\/1"}],"replies":[{"embeddable":true,"href":"https:\/\/www.otdihitalia.com\/lt\/wp-json\/wp\/v2\/comments?post=4607"}],"version-history":[{"count":1,"href":"https:\/\/www.otdihitalia.com\/lt\/wp-json\/wp\/v2\/pages\/4607\/revisions"}],"predecessor-version":[{"id":4609,"href":"https:\/\/www.otdihitalia.com\/lt\/wp-json\/wp\/v2\/pages\/4607\/revisions\/4609"}],"wp:attachment":[{"href":"https:\/\/www.otdihitalia.com\/lt\/wp-json\/wp\/v2\/media?parent=4607"}],"curies":[{"name":"wp","href":"https:\/\/api.w.org\/{rel}","templated":true}]}}