{"id":4756,"date":"2022-09-30T20:28:49","date_gmt":"2022-09-30T18:28:49","guid":{"rendered":"https:\/\/www.otdihitalia.com\/svetaines-zemelapis\/"},"modified":"2023-09-25T10:03:59","modified_gmt":"2023-09-25T08:03:59","slug":"svetaines-zemelapis","status":"publish","type":"page","link":"https:\/\/www.otdihitalia.com\/lt\/svetaines-zemelapis\/","title":{"rendered":"Svetain\u0117s \u017eem\u0117lapis"},"content":{"rendered":"\t\t<div data-elementor-type=\"wp-page\" data-elementor-id=\"4756\" class=\"elementor elementor-4756 elementor-820\" data-elementor-post-type=\"page\">\n\t\t\t\t\t\t<section class=\"elementor-section elementor-top-section elementor-element elementor-element-f1f6ea7 elementor-section-boxed elementor-section-height-default elementor-section-height-default\" data-id=\"f1f6ea7\" data-element_type=\"section\" data-e-type=\"section\">\n\t\t\t\t\t\t<div class=\"elementor-container elementor-column-gap-default\">\n\t\t\t\t\t<div class=\"elementor-column elementor-col-100 elementor-top-column elementor-element elementor-element-ea20d4e\" data-id=\"ea20d4e\" data-element_type=\"column\" data-e-type=\"column\">\n\t\t\t<div class=\"elementor-widget-wrap elementor-element-populated\">\n\t\t\t\t\t\t<div class=\"elementor-element elementor-element-be741fe elementor-widget elementor-widget-sitemap\" data-id=\"be741fe\" data-element_type=\"widget\" data-e-type=\"widget\" data-widget_type=\"sitemap.default\">\n\t\t\t\t<div class=\"elementor-widget-container\">\n\t\t\t\t\t<div class=\"elementor-sitemap-wrap\"><div class=\"elementor-sitemap-section\"><h2 class=\"elementor-sitemap-title elementor-sitemap-post-title\">\u041d\u0430\u0448\u0438 \u043f\u0440\u0435\u0434\u043b\u043e\u0436\u0435\u043d\u0438\u044f<\/h2><ul class=\"elementor-sitemap-list elementor-sitemap-post-list\"><li class=\"elementor-sitemap-item elementor-sitemap-item-post page_item page-item-4684\"><a href=\"https:\/\/www.otdihitalia.com\/lt\/aquafan\/\">&#8222;Aquafan&#8221;<\/a><\/li><li class=\"elementor-sitemap-item elementor-sitemap-item-post page_item page-item-4688\"><a href=\"https:\/\/www.otdihitalia.com\/lt\/apsipirkimas-riminyje-riccione-ir-san-marine\/\">Apsipirkimas Riminyje, Riccione ir San Marine<\/a><\/li><li class=\"elementor-sitemap-item elementor-sitemap-item-post page_item page-item-4742\"><a href=\"https:\/\/www.otdihitalia.com\/lt\/cattolica-akvariumas\/\">Cattolica akvariumas<\/a><\/li><li class=\"elementor-sitemap-item elementor-sitemap-item-post page_item page-item-4754\"><a href=\"https:\/\/www.otdihitalia.com\/lt\/cesenatico-diskoteku-ir-klubu-sarasas\/\">Cesenatico diskotek\u0173 ir klub\u0173 s\u0105ra\u0161as<\/a><\/li><li class=\"elementor-sitemap-item elementor-sitemap-item-post page_item page-item-4667\"><a href=\"https:\/\/www.otdihitalia.com\/lt\/del-kailiniu-riminyje\/\">D\u0117l kailini\u0173 Riminyje<\/a><\/li><li class=\"elementor-sitemap-item elementor-sitemap-item-post page_item page-item-4700\"><a href=\"https:\/\/www.otdihitalia.com\/lt\/delfinariumas-riminyje\/\">Delfinariumas Riminyje<\/a><\/li><li class=\"elementor-sitemap-item elementor-sitemap-item-post page_item page-item-4703\"><a href=\"https:\/\/www.otdihitalia.com\/lt\/diskoteku-ir-klubu-sarasas-bellaria-igea-marina\/\">Diskotek\u0173 ir klub\u0173 s\u0105ra\u0161as Bellaria Igea Marina<\/a><\/li><li class=\"elementor-sitemap-item elementor-sitemap-item-post page_item page-item-4718\"><a href=\"https:\/\/www.otdihitalia.com\/lt\/diskoteku-ir-klubu-sarasas-cattolica-misano-gabicce\/\">Diskotek\u0173 ir klub\u0173 s\u0105ra\u0161as Cattolica, Misano, Gabicce<\/a><\/li><li class=\"elementor-sitemap-item elementor-sitemap-item-post page_item page-item-4745\"><a href=\"https:\/\/www.otdihitalia.com\/lt\/diskoteku-ir-klubu-sarasas-ravenoje-ir-lidi-ravennati\/\">Diskotek\u0173 ir klub\u0173 s\u0105ra\u0161as Ravenoje ir Lidi Ravennati<\/a><\/li><li class=\"elementor-sitemap-item elementor-sitemap-item-post page_item page-item-4730\"><a href=\"https:\/\/www.otdihitalia.com\/lt\/diskoteku-ir-klubu-sarasas-riccione\/\">Diskotek\u0173 ir klub\u0173 s\u0105ra\u0161as Riccione<\/a><\/li><li class=\"elementor-sitemap-item elementor-sitemap-item-post page_item page-item-4765\"><a href=\"https:\/\/www.otdihitalia.com\/lt\/emilijos-romanijos-oro-uostai\/\">Emilijos Romanijos oro uostai<\/a><\/li><li class=\"elementor-sitemap-item elementor-sitemap-item-post page_item page-item-4722\"><a href=\"https:\/\/www.otdihitalia.com\/lt\/fiabilandia\/\">Fiabilandia<\/a><\/li><li class=\"elementor-sitemap-item elementor-sitemap-item-post page_item page-item-4843\"><a href=\"https:\/\/www.otdihitalia.com\/lt\/individualios-ekskursijos-is-riminio-i-italija\/\">Individualios ekskursijos i\u0161 Riminio \u012f Italij\u0105<\/a><\/li><li class=\"elementor-sitemap-item elementor-sitemap-item-post page_item page-item-4798\"><a href=\"https:\/\/www.otdihitalia.com\/lt\/individualus-turai-is-riminio\/\">Individual\u016bs turai i\u0161 Riminio<\/a><\/li><li class=\"elementor-sitemap-item elementor-sitemap-item-post page_item page-item-4701\"><a href=\"https:\/\/www.otdihitalia.com\/lt\/ir-malatesta-riminyje\/\">Ir Malatesta Riminyje<\/a><\/li><li class=\"elementor-sitemap-item elementor-sitemap-item-post page_item page-item-4687\"><a href=\"https:\/\/www.otdihitalia.com\/lt\/italija-miniatiuroje\/\">Italija miniati\u016broje<\/a><\/li><li class=\"elementor-sitemap-item elementor-sitemap-item-post page_item page-item-4807\"><a href=\"https:\/\/www.otdihitalia.com\/lt\/ka-pamatyti-riminyje\/\">K\u0105 pamatyti Riminyje<\/a><\/li><li class=\"elementor-sitemap-item elementor-sitemap-item-post page_item page-item-4720\"><a href=\"https:\/\/www.otdihitalia.com\/lt\/kaljanas-riminyje\/\">Kaljanas Riminyje<\/a><\/li><li class=\"elementor-sitemap-item elementor-sitemap-item-post page_item page-item-4800\"><a href=\"https:\/\/www.otdihitalia.com\/lt\/kiti-parkai\/\">Kiti parkai<\/a><\/li><li class=\"elementor-sitemap-item elementor-sitemap-item-post page_item page-item-4782\"><a href=\"https:\/\/www.otdihitalia.com\/lt\/komandos-formavimas-ir-imoniu-renginiai-italijoje-riminyje\/\">Komandos formavimas ir \u012fmoni\u0173 renginiai Italijoje, Riminyje!<\/a><\/li><li class=\"elementor-sitemap-item elementor-sitemap-item-post page_item page-item-4846\"><a href=\"https:\/\/www.otdihitalia.com\/lt\/le-befane-in-rimini\/\">Le Befane in Rimini<\/a><\/li><li class=\"elementor-sitemap-item elementor-sitemap-item-post page_item page-item-4686\"><a href=\"https:\/\/www.otdihitalia.com\/lt\/milano-marittima-diskoteku-ir-klubu-sarasas\/\">Milano Marittima diskotek\u0173 ir klub\u0173 s\u0105ra\u0161as<\/a><\/li><li class=\"elementor-sitemap-item elementor-sitemap-item-post page_item page-item-4764\"><a href=\"https:\/\/www.otdihitalia.com\/lt\/mirabilandija\/\">Mirabilandija<\/a><\/li><li class=\"elementor-sitemap-item elementor-sitemap-item-post page_item page-item-4758\"><a href=\"https:\/\/www.otdihitalia.com\/lt\/oltremare\/\">Oltremare<\/a><\/li><li class=\"elementor-sitemap-item elementor-sitemap-item-post page_item page-item-4821\"><a href=\"https:\/\/www.otdihitalia.com\/lt\/orai-riminyje-ir-riccione\/\">Orai Riminyje ir Riccione<\/a><\/li><li class=\"elementor-sitemap-item elementor-sitemap-item-post page_item page-item-4763\"><a href=\"https:\/\/www.otdihitalia.com\/lt\/pervezimas-is-riminio-ir-riccione\/\">Perve\u017eimas i\u0161 Riminio ir Riccione<\/a><\/li><li class=\"elementor-sitemap-item elementor-sitemap-item-post page_item page-item-4655\"><a href=\"https:\/\/www.otdihitalia.com\/lt\/pirkti-baldus-italijoje\/\">Pirkti baldus Italijoje<\/a><\/li><li class=\"elementor-sitemap-item elementor-sitemap-item-post page_item page-item-4875\"><a href=\"https:\/\/www.otdihitalia.com\/lt\/pristatymas-is-italijos\/\">Pristatymas i\u0161 Italijos<\/a><\/li><li class=\"elementor-sitemap-item elementor-sitemap-item-post page_item page-item-4805\"><a href=\"https:\/\/www.otdihitalia.com\/lt\/rimini-automobiliu-nuoma\/\">Rimini Automobili\u0173 nuoma<\/a><\/li><li class=\"elementor-sitemap-item elementor-sitemap-item-post page_item page-item-4741\"><a href=\"https:\/\/www.otdihitalia.com\/lt\/riminio-diskoteku-ir-klubu-sarasas\/\">Riminio diskotek\u0173 ir klub\u0173 s\u0105ra\u0161as<\/a><\/li><li class=\"elementor-sitemap-item elementor-sitemap-item-post page_item page-item-4724\"><a href=\"https:\/\/www.otdihitalia.com\/lt\/riminio-ir-riciones-diskotekos-ir-klubai\/\">Riminio ir Ri\u010dion\u0117s diskotekos ir klubai<\/a><\/li><li class=\"elementor-sitemap-item elementor-sitemap-item-post page_item page-item-4836\"><a href=\"https:\/\/www.otdihitalia.com\/lt\/riminio-ir-riciones-naktiniai-klubai\/\">Riminio ir Ri\u010dion\u0117s naktiniai klubai<\/a><\/li><li class=\"elementor-sitemap-item elementor-sitemap-item-post page_item page-item-4790\"><a href=\"https:\/\/www.otdihitalia.com\/lt\/riminio-papludimys-ir-romanijos-pakrante\/\">Riminio papl\u016bdimys ir Romanijos pakrant\u0117<\/a><\/li><li class=\"elementor-sitemap-item elementor-sitemap-item-post page_item page-item-4866\"><a href=\"https:\/\/www.otdihitalia.com\/lt\/riminio-restoranai\/\">Riminio restoranai<\/a><\/li><li class=\"elementor-sitemap-item elementor-sitemap-item-post page_item page-item-4762\"><a href=\"https:\/\/www.otdihitalia.com\/lt\/riminis-ir-viesbuciai\/\">Riminis ir vie\u0161bu\u010diai<\/a><\/li><li class=\"elementor-sitemap-item elementor-sitemap-item-post page_item page-item-4725\"><a href=\"https:\/\/www.otdihitalia.com\/lt\/specialus-pasiulymai\/\">Special\u016bs pasi\u016blymai<\/a><\/li><li class=\"elementor-sitemap-item elementor-sitemap-item-post page_item page-item-4733\"><a href=\"https:\/\/www.otdihitalia.com\/lt\/terme-rimini-spa\/\">Terme Rimini Spa<\/a><\/li><li class=\"elementor-sitemap-item elementor-sitemap-item-post page_item page-item-4699\"><a href=\"https:\/\/www.otdihitalia.com\/lt\/transportas-riminyje-ir-riccione\/\">Transportas Riminyje ir Riccione<\/a><\/li><li class=\"elementor-sitemap-item elementor-sitemap-item-post page_item page-item-4845\"><a href=\"https:\/\/www.otdihitalia.com\/lt\/traukiniai-is-riminio\/\">Traukiniai i\u0161 Riminio<\/a><\/li><\/ul><\/div><div class=\"elementor-sitemap-section\"><h2 class=\"elementor-sitemap-title elementor-sitemap-page-title\">\u0421\u0442\u0440\u0430\u043d\u0438\u0446\u044b<\/h2><ul class=\"elementor-sitemap-list elementor-sitemap-page-list\"><li class=\"elementor-sitemap-item elementor-sitemap-item-page page_item page-item-4600\"><a href=\"https:\/\/www.otdihitalia.com\/lt\/uzsakymo-sekme\/\">U\u017esakymo s\u0117km\u0117<\/a><\/li><li class=\"elementor-sitemap-item elementor-sitemap-item-page page_item page-item-4584\"><a href=\"https:\/\/www.otdihitalia.com\/lt\/uzsakymo-patvirtinimas\/\">U\u017esakymo patvirtinimas<\/a><\/li><li class=\"elementor-sitemap-item elementor-sitemap-item-page page_item page-item-4602\"><a href=\"https:\/\/www.otdihitalia.com\/lt\/uzsakymas\/\">U\u017esakymas<\/a><\/li><li class=\"elementor-sitemap-item elementor-sitemap-item-page page_item page-item-4606 current_page_parent\"><a href=\"https:\/\/www.otdihitalia.com\/lt\/tinklarastis\/\">Tinklara\u0161tis<\/a><\/li><li class=\"elementor-sitemap-item elementor-sitemap-item-page page_item page-item-4756\"><a href=\"https:\/\/www.otdihitalia.com\/lt\/svetaines-zemelapis\/\">Svetain\u0117s \u017eem\u0117lapis<\/a><\/li><li class=\"elementor-sitemap-item elementor-sitemap-item-page page_item page-item-4855\"><a href=\"https:\/\/www.otdihitalia.com\/lt\/susisiekite-su\/\">Susisiekite su<\/a><\/li><li class=\"elementor-sitemap-item elementor-sitemap-item-page page_item page-item-4591\"><a href=\"https:\/\/www.otdihitalia.com\/lt\/privatus-biuras\/\">Privatus biuras<\/a><\/li><li class=\"elementor-sitemap-item elementor-sitemap-item-page page_item page-item-4857\"><a href=\"https:\/\/www.otdihitalia.com\/lt\/privatumo-politika\/\">Privatumo politika<\/a><\/li><li class=\"elementor-sitemap-item elementor-sitemap-item-page page_item page-item-4575\"><a href=\"https:\/\/www.otdihitalia.com\/lt\/patvirtinimo-puslapis\/\">Patvirtinimo puslapis<\/a><\/li><li class=\"elementor-sitemap-item elementor-sitemap-item-page page_item page-item-4573\"><a href=\"https:\/\/www.otdihitalia.com\/lt\/parduotuve\/\">Parduotuv\u0117<\/a><\/li><li class=\"elementor-sitemap-item elementor-sitemap-item-page page_item page-item-4791\"><a href=\"https:\/\/www.otdihitalia.com\/lt\/\">Pagrindinis puslapis<\/a><\/li><li class=\"elementor-sitemap-item elementor-sitemap-item-page page_item page-item-4610\"><a href=\"https:\/\/www.otdihitalia.com\/lt\/mano-paskyra\/\">Mano paskyra<\/a><\/li><li class=\"elementor-sitemap-item elementor-sitemap-item-page page_item page-item-4593\"><a href=\"https:\/\/www.otdihitalia.com\/lt\/krepselis\/\">Krep\u0161elis<\/a><\/li><li class=\"elementor-sitemap-item elementor-sitemap-item-page page_item page-item-4820\"><a href=\"https:\/\/www.otdihitalia.com\/lt\/keliones-is-riminio-uzsakymas\/\">Kelion\u0117s i\u0161 Riminio u\u017esakymas<\/a><\/li><li class=\"elementor-sitemap-item elementor-sitemap-item-page page_item page-item-4744\"><a href=\"https:\/\/www.otdihitalia.com\/lt\/jusu-atsiliepimai-apie-rimini-ir-atostogas-su-mumis\/\">J\u016bs\u0173 atsiliepimai apie Rimin\u012f ir atostogas su mumis<\/a><\/li><li class=\"elementor-sitemap-item elementor-sitemap-item-page page_item page-item-4574\"><a href=\"https:\/\/www.otdihitalia.com\/lt\/grazinimo-politika\/\">Gr\u0105\u017einimo politika<\/a><\/li><li class=\"elementor-sitemap-item elementor-sitemap-item-page page_item page-item-4607\"><a href=\"https:\/\/www.otdihitalia.com\/lt\/ekskursijos-i-italija-is-riminio\/\">Ekskursijos \u012f Italij\u0105 i\u0161 Riminio<\/a><\/li><li class=\"elementor-sitemap-item elementor-sitemap-item-page page_item page-item-4830\"><a href=\"https:\/\/www.otdihitalia.com\/lt\/apie-mus\/\">Apie mus<\/a><\/li><\/ul><\/div><\/div>\t\t\t\t<\/div>\n\t\t\t\t<\/div>\n\t\t\t\t\t<\/div>\n\t\t<\/div>\n\t\t\t\t\t<\/div>\n\t\t<\/section>\n\t\t\t\t<\/div>\n\t\t","protected":false},"excerpt":{"rendered":"","protected":false},"author":1,"featured_media":0,"parent":0,"menu_order":0,"comment_status":"closed","ping_status":"closed","template":"","meta":{"footnotes":""},"class_list":["post-4756","page","type-page","status-publish","has-post-thumbnail","hentry"],"yoast_head":"<!-- This site is optimized with the Yoast SEO plugin v27.1.1 - https:\/\/yoast.com\/product\/yoast-seo-wordpress\/ -->\n<title>Svetain\u0117s \u017eem\u0117lapis otdihitalia.com<\/title>\n<meta name=\"description\" content=\"Ekskursijos i\u0161 Riminio: Kelioni\u0173 bendrov\u0117s &quot;Testene&quot; interneto svetain\u0117je Otdihitalia rasite vie\u0161bu\u010di\u0173 nuotrauk\u0173 perve\u017eimo prekybos parkus Riminis Riccione Cattolica Italijoje\" \/>\n<meta name=\"robots\" content=\"index, follow, max-snippet:-1, max-image-preview:large, max-video-preview:-1\" \/>\n<link rel=\"canonical\" href=\"https:\/\/www.otdihitalia.com\/lt\/svetaines-zemelapis\/\" \/>\n<meta property=\"og:locale\" content=\"lt_LT\" \/>\n<meta property=\"og:type\" content=\"article\" \/>\n<meta property=\"og:title\" content=\"Svetain\u0117s \u017eem\u0117lapis otdihitalia.com\" \/>\n<meta property=\"og:description\" content=\"Ekskursijos i\u0161 Riminio: Kelioni\u0173 bendrov\u0117s &quot;Testene&quot; interneto svetain\u0117je Otdihitalia rasite vie\u0161bu\u010di\u0173 nuotrauk\u0173 perve\u017eimo prekybos parkus Riminis Riccione Cattolica Italijoje\" \/>\n<meta property=\"og:url\" content=\"https:\/\/www.otdihitalia.com\/lt\/svetaines-zemelapis\/\" \/>\n<meta property=\"og:site_name\" content=\"\u041e\u0442\u0434\u044b\u0445 \u0418\u0442\u0430\u043b\u0438\u044f\" \/>\n<meta property=\"article:modified_time\" content=\"2023-09-25T08:03:59+00:00\" \/>\n<meta name=\"twitter:card\" content=\"summary_large_image\" \/>\n<script type=\"application\/ld+json\" class=\"yoast-schema-graph\">{\"@context\":\"https:\/\/schema.org\",\"@graph\":[{\"@type\":\"WebPage\",\"@id\":\"https:\/\/www.otdihitalia.com\/lt\/svetaines-zemelapis\/\",\"url\":\"https:\/\/www.otdihitalia.com\/lt\/svetaines-zemelapis\/\",\"name\":\"Svetain\u0117s \u017eem\u0117lapis otdihitalia.com\",\"isPartOf\":{\"@id\":\"https:\/\/www.otdihitalia.com\/lt\/#website\"},\"datePublished\":\"2022-09-30T18:28:49+00:00\",\"dateModified\":\"2023-09-25T08:03:59+00:00\",\"description\":\"Ekskursijos i\u0161 Riminio: Kelioni\u0173 bendrov\u0117s \\\"Testene\\\" interneto svetain\u0117je Otdihitalia rasite vie\u0161bu\u010di\u0173 nuotrauk\u0173 perve\u017eimo prekybos parkus Riminis Riccione Cattolica Italijoje\",\"breadcrumb\":{\"@id\":\"https:\/\/www.otdihitalia.com\/lt\/svetaines-zemelapis\/#breadcrumb\"},\"inLanguage\":\"lt-LT\",\"potentialAction\":[{\"@type\":\"ReadAction\",\"target\":[\"https:\/\/www.otdihitalia.com\/lt\/svetaines-zemelapis\/\"]}]},{\"@type\":\"BreadcrumbList\",\"@id\":\"https:\/\/www.otdihitalia.com\/lt\/svetaines-zemelapis\/#breadcrumb\",\"itemListElement\":[{\"@type\":\"ListItem\",\"position\":1,\"name\":\"\u0413\u043b\u0430\u0432\u043d\u0430\u044f \u0441\u0442\u0440\u0430\u043d\u0438\u0446\u0430\",\"item\":\"https:\/\/www.otdihitalia.com\/lt\/pagrindinis-puslapis\/\"},{\"@type\":\"ListItem\",\"position\":2,\"name\":\"Svetain\u0117s \u017eem\u0117lapis\"}]},{\"@type\":\"WebSite\",\"@id\":\"https:\/\/www.otdihitalia.com\/lt\/#website\",\"url\":\"https:\/\/www.otdihitalia.com\/lt\/\",\"name\":\"\u041e\u0442\u0434\u044b\u0445 \u0418\u0442\u0430\u043b\u0438\u044f\",\"description\":\"\u042d\u043a\u0441\u043a\u0443\u0440\u0441\u0438\u0438 \u0438\u0437 \u0420\u0438\u043c\u0438\u043d\u0438 \u043d\u0430 \u043b\u044e\u0431\u043e\u0439 \u0432\u043a\u0443\u0441\",\"publisher\":{\"@id\":\"https:\/\/www.otdihitalia.com\/lt\/#organization\"},\"potentialAction\":[{\"@type\":\"SearchAction\",\"target\":{\"@type\":\"EntryPoint\",\"urlTemplate\":\"https:\/\/www.otdihitalia.com\/lt\/?s={search_term_string}\"},\"query-input\":{\"@type\":\"PropertyValueSpecification\",\"valueRequired\":true,\"valueName\":\"search_term_string\"}}],\"inLanguage\":\"lt-LT\"},{\"@type\":\"Organization\",\"@id\":\"https:\/\/www.otdihitalia.com\/lt\/#organization\",\"name\":\"OtdihItalia\",\"url\":\"https:\/\/www.otdihitalia.com\/lt\/\",\"logo\":{\"@type\":\"ImageObject\",\"inLanguage\":\"lt-LT\",\"@id\":\"https:\/\/www.otdihitalia.com\/lt\/#\/schema\/logo\/image\/\",\"url\":\"https:\/\/www.otdihitalia.com\/wp-content\/uploads\/2022\/09\/logo-otdihitalia.png\",\"contentUrl\":\"https:\/\/www.otdihitalia.com\/wp-content\/uploads\/2022\/09\/logo-otdihitalia.png\",\"width\":388,\"height\":208,\"caption\":\"OtdihItalia\"},\"image\":{\"@id\":\"https:\/\/www.otdihitalia.com\/lt\/#\/schema\/logo\/image\/\"}}]}<\/script>\n<!-- \/ Yoast SEO plugin. -->","yoast_head_json":{"title":"Svetain\u0117s \u017eem\u0117lapis otdihitalia.com","description":"Ekskursijos i\u0161 Riminio: Kelioni\u0173 bendrov\u0117s \"Testene\" interneto svetain\u0117je Otdihitalia rasite vie\u0161bu\u010di\u0173 nuotrauk\u0173 perve\u017eimo prekybos parkus Riminis Riccione Cattolica Italijoje","robots":{"index":"index","follow":"follow","max-snippet":"max-snippet:-1","max-image-preview":"max-image-preview:large","max-video-preview":"max-video-preview:-1"},"canonical":"https:\/\/www.otdihitalia.com\/lt\/svetaines-zemelapis\/","og_locale":"lt_LT","og_type":"article","og_title":"Svetain\u0117s \u017eem\u0117lapis otdihitalia.com","og_description":"Ekskursijos i\u0161 Riminio: Kelioni\u0173 bendrov\u0117s \"Testene\" interneto svetain\u0117je Otdihitalia rasite vie\u0161bu\u010di\u0173 nuotrauk\u0173 perve\u017eimo prekybos parkus Riminis Riccione Cattolica Italijoje","og_url":"https:\/\/www.otdihitalia.com\/lt\/svetaines-zemelapis\/","og_site_name":"\u041e\u0442\u0434\u044b\u0445 \u0418\u0442\u0430\u043b\u0438\u044f","article_modified_time":"2023-09-25T08:03:59+00:00","twitter_card":"summary_large_image","schema":{"@context":"https:\/\/schema.org","@graph":[{"@type":"WebPage","@id":"https:\/\/www.otdihitalia.com\/lt\/svetaines-zemelapis\/","url":"https:\/\/www.otdihitalia.com\/lt\/svetaines-zemelapis\/","name":"Svetain\u0117s \u017eem\u0117lapis otdihitalia.com","isPartOf":{"@id":"https:\/\/www.otdihitalia.com\/lt\/#website"},"datePublished":"2022-09-30T18:28:49+00:00","dateModified":"2023-09-25T08:03:59+00:00","description":"Ekskursijos i\u0161 Riminio: Kelioni\u0173 bendrov\u0117s \"Testene\" interneto svetain\u0117je Otdihitalia rasite vie\u0161bu\u010di\u0173 nuotrauk\u0173 perve\u017eimo prekybos parkus Riminis Riccione Cattolica Italijoje","breadcrumb":{"@id":"https:\/\/www.otdihitalia.com\/lt\/svetaines-zemelapis\/#breadcrumb"},"inLanguage":"lt-LT","potentialAction":[{"@type":"ReadAction","target":["https:\/\/www.otdihitalia.com\/lt\/svetaines-zemelapis\/"]}]},{"@type":"BreadcrumbList","@id":"https:\/\/www.otdihitalia.com\/lt\/svetaines-zemelapis\/#breadcrumb","itemListElement":[{"@type":"ListItem","position":1,"name":"\u0413\u043b\u0430\u0432\u043d\u0430\u044f \u0441\u0442\u0440\u0430\u043d\u0438\u0446\u0430","item":"https:\/\/www.otdihitalia.com\/lt\/pagrindinis-puslapis\/"},{"@type":"ListItem","position":2,"name":"Svetain\u0117s \u017eem\u0117lapis"}]},{"@type":"WebSite","@id":"https:\/\/www.otdihitalia.com\/lt\/#website","url":"https:\/\/www.otdihitalia.com\/lt\/","name":"\u041e\u0442\u0434\u044b\u0445 \u0418\u0442\u0430\u043b\u0438\u044f","description":"\u042d\u043a\u0441\u043a\u0443\u0440\u0441\u0438\u0438 \u0438\u0437 \u0420\u0438\u043c\u0438\u043d\u0438 \u043d\u0430 \u043b\u044e\u0431\u043e\u0439 \u0432\u043a\u0443\u0441","publisher":{"@id":"https:\/\/www.otdihitalia.com\/lt\/#organization"},"potentialAction":[{"@type":"SearchAction","target":{"@type":"EntryPoint","urlTemplate":"https:\/\/www.otdihitalia.com\/lt\/?s={search_term_string}"},"query-input":{"@type":"PropertyValueSpecification","valueRequired":true,"valueName":"search_term_string"}}],"inLanguage":"lt-LT"},{"@type":"Organization","@id":"https:\/\/www.otdihitalia.com\/lt\/#organization","name":"OtdihItalia","url":"https:\/\/www.otdihitalia.com\/lt\/","logo":{"@type":"ImageObject","inLanguage":"lt-LT","@id":"https:\/\/www.otdihitalia.com\/lt\/#\/schema\/logo\/image\/","url":"https:\/\/www.otdihitalia.com\/wp-content\/uploads\/2022\/09\/logo-otdihitalia.png","contentUrl":"https:\/\/www.otdihitalia.com\/wp-content\/uploads\/2022\/09\/logo-otdihitalia.png","width":388,"height":208,"caption":"OtdihItalia"},"image":{"@id":"https:\/\/www.otdihitalia.com\/lt\/#\/schema\/logo\/image\/"}}]}},"_links":{"self":[{"href":"https:\/\/www.otdihitalia.com\/lt\/wp-json\/wp\/v2\/pages\/4756","targetHints":{"allow":["GET"]}}],"collection":[{"href":"https:\/\/www.otdihitalia.com\/lt\/wp-json\/wp\/v2\/pages"}],"about":[{"href":"https:\/\/www.otdihitalia.com\/lt\/wp-json\/wp\/v2\/types\/page"}],"author":[{"embeddable":true,"href":"https:\/\/www.otdihitalia.com\/lt\/wp-json\/wp\/v2\/users\/1"}],"replies":[{"embeddable":true,"href":"https:\/\/www.otdihitalia.com\/lt\/wp-json\/wp\/v2\/comments?post=4756"}],"version-history":[{"count":1,"href":"https:\/\/www.otdihitalia.com\/lt\/wp-json\/wp\/v2\/pages\/4756\/revisions"}],"predecessor-version":[{"id":4757,"href":"https:\/\/www.otdihitalia.com\/lt\/wp-json\/wp\/v2\/pages\/4756\/revisions\/4757"}],"wp:attachment":[{"href":"https:\/\/www.otdihitalia.com\/lt\/wp-json\/wp\/v2\/media?parent=4756"}],"curies":[{"name":"wp","href":"https:\/\/api.w.org\/{rel}","templated":true}]}}