{"id":4830,"date":"2022-09-27T17:30:48","date_gmt":"2022-09-27T15:30:48","guid":{"rendered":"https:\/\/www.otdihitalia.com\/apie-mus\/"},"modified":"2025-06-11T16:11:08","modified_gmt":"2025-06-11T14:11:08","slug":"apie-mus","status":"publish","type":"page","link":"https:\/\/www.otdihitalia.com\/lt\/apie-mus\/","title":{"rendered":"Apie mus"},"content":{"rendered":"\t\t<div data-elementor-type=\"wp-page\" data-elementor-id=\"4830\" class=\"elementor elementor-4830 elementor-205\" data-elementor-post-type=\"page\">\n\t\t\t\t\t\t<section class=\"elementor-section elementor-top-section elementor-element elementor-element-30c438c1 elementor-reverse-mobile elementor-section-boxed elementor-section-height-default elementor-section-height-default\" data-id=\"30c438c1\" data-element_type=\"section\" data-e-type=\"section\">\n\t\t\t\t\t\t<div class=\"elementor-container elementor-column-gap-wider\">\n\t\t\t\t\t<div class=\"elementor-column elementor-col-100 elementor-top-column elementor-element elementor-element-1a8ef194\" data-id=\"1a8ef194\" data-element_type=\"column\" data-e-type=\"column\">\n\t\t\t<div class=\"elementor-widget-wrap elementor-element-populated\">\n\t\t\t\t\t\t<div class=\"elementor-element elementor-element-58fddf9b elementor-widget elementor-widget-text-editor\" data-id=\"58fddf9b\" data-element_type=\"widget\" data-e-type=\"widget\" data-widget_type=\"text-editor.default\">\n\t\t\t\t<div class=\"elementor-widget-container\">\n\t\t\t\t\t\t\t\t\t<p>Kelioni\u0173 organizatorius &#8222;Testene&#8221;, nuo 2001 m. s\u0117kmingai veikiantis turizmo rinkoje pietin\u0117je Italijos pakrant\u0117je, atidar\u0117 filial\u0105 Riminyje, kuriame dirba rusakalbiai darbuotojai, taip sudarydamas patogias s\u0105lygas bet kuriam turistui, norin\u010diam bet kuriuo metu atvykti \u012f m\u016bs\u0173 biur\u0105 gauti turizmo informacijos, pasikonsultuoti, \u012fsigyti ekskursij\u0173.<\/p>\n<p>M\u016bs\u0173 komand\u0105 sudaro jauni ir energingi \u017emon\u0117s, kurie nori pagerinti atvykstan\u010di\u0173 turist\u0173 aptarnavim\u0105. Neseniai prad\u0117jome dirbti Sicilijos saloje, t. y. taip pat gerai pa\u017e\u012fstame piet\u0173 Italij\u0105, su kuria ir toliau palaikome ry\u0161ius, ir jau daugiau nei 8 metus esame persik\u0117l\u0119 \u012f Rimin\u012f, kur atidar\u0117me savo biurus. Tenkiname vis\u0173 lygi\u0173 keliautoj\u0173 poreikius, stengiam\u0117s kiekvienam suteikti reikiam\u0105 paslaug\u0105 ir jau turime pelnyt\u0105 kokybi\u0161k\u0173 paslaug\u0173 reputacij\u0105.<\/p>\n<p>Bendradarbiaujame su \u012fvairiais kelioni\u0173 organizatoriais ir kelioni\u0173 agent\u016bromis, teikdami jiems \u012fvairias kelioni\u0173 paslaugas, \u012fskaitant visas ant\u017eeminio aptarnavimo paslaugas: pasitikim\u0105\/i\u0161laipinim\u0105 oro uoste, apgyvendinim\u0105 vie\u0161butyje, grupini\u0173 ir individuali\u0173 ekskursij\u0173 programas Italijoje, apsipirkim\u0105, krovini\u0173 i\u0161siuntim\u0105 (cargo). Visuose teikiam\u0173 paslaug\u0173 etapuose daug d\u0117mesio skiriame kokyb\u0117s kontrolei. Nedirbame schemati\u0161kai, bet savo darb\u0105 atliekame 100 % efektyviai.<\/p>\n<p>Mes augame, tobul\u0117jame ir gerai dirbame, nes mums tai patinka!<\/p>\n<p>Prisijunkite prie m\u016bs\u0173!<\/p>\t\t\t\t\t\t\t\t<\/div>\n\t\t\t\t<\/div>\n\t\t\t\t<div class=\"elementor-element elementor-element-77ca491 elementor--h-position-center elementor--v-position-middle elementor-arrows-position-inside elementor-pagination-position-inside elementor-widget elementor-widget-slides\" data-id=\"77ca491\" data-element_type=\"widget\" data-e-type=\"widget\" data-settings=\"{&quot;navigation&quot;:&quot;both&quot;,&quot;autoplay&quot;:&quot;yes&quot;,&quot;pause_on_hover&quot;:&quot;yes&quot;,&quot;pause_on_interaction&quot;:&quot;yes&quot;,&quot;autoplay_speed&quot;:5000,&quot;infinite&quot;:&quot;yes&quot;,&quot;transition&quot;:&quot;slide&quot;,&quot;transition_speed&quot;:500}\" data-widget_type=\"slides.default\">\n\t\t\t\t<div class=\"elementor-widget-container\">\n\t\t\t\t\t\t\t\t\t<div class=\"elementor-swiper\">\n\t\t\t\t\t<div class=\"elementor-slides-wrapper elementor-main-swiper swiper\" role=\"region\" aria-roledescription=\"carousel\" aria-label=\"\u0421\u043b\u0430\u0439\u0434\u0435\u0440\" dir=\"ltr\" data-animation=\"fadeInUp\">\n\t\t\t\t<div class=\"swiper-wrapper elementor-slides\">\n\t\t\t\t\t\t\t\t\t\t<div class=\"elementor-repeater-item-2c53fb0 swiper-slide\" role=\"group\" aria-roledescription=\"slide\"><div class=\"swiper-slide-bg elementor-ken-burns elementor-ken-burns--in\" role=\"img\" aria-label=\"gdemi5\"><\/div><div class=\"swiper-slide-inner\" ><div class=\"swiper-slide-contents\"><\/div><\/div><\/div><div class=\"elementor-repeater-item-0b49c2a swiper-slide\" role=\"group\" aria-roledescription=\"slide\"><div class=\"swiper-slide-bg elementor-ken-burns elementor-ken-burns--in\" role=\"img\" aria-label=\"gdemi6\"><\/div><div class=\"swiper-slide-inner\" ><div class=\"swiper-slide-contents\"><\/div><\/div><\/div>\t\t\t\t<\/div>\n\t\t\t\t\t\t\t\t\t\t\t\t\t\t\t<div class=\"elementor-swiper-button elementor-swiper-button-prev\" role=\"button\" tabindex=\"0\" aria-label=\"Previous slide\">\n\t\t\t\t\t\t\t<i aria-hidden=\"true\" class=\"eicon-chevron-left\"><\/i>\t\t\t\t\t\t<\/div>\n\t\t\t\t\t\t<div class=\"elementor-swiper-button elementor-swiper-button-next\" role=\"button\" tabindex=\"0\" aria-label=\"Next slide\">\n\t\t\t\t\t\t\t<i aria-hidden=\"true\" class=\"eicon-chevron-right\"><\/i>\t\t\t\t\t\t<\/div>\n\t\t\t\t\t\t\t\t\t\t\t\t\t\t\t\t<div class=\"swiper-pagination\"><\/div>\n\t\t\t\t\t\t\t\t\t\t\t\t<\/div>\n\t\t\t\t<\/div>\n\t\t\t\t\t\t\t\t<\/div>\n\t\t\t\t<\/div>\n\t\t\t\t<div class=\"elementor-element elementor-element-48b8e9f elementor-widget elementor-widget-heading\" data-id=\"48b8e9f\" data-element_type=\"widget\" data-e-type=\"widget\" data-widget_type=\"heading.default\">\n\t\t\t\t<div class=\"elementor-widget-container\">\n\t\t\t\t\t<div class=\"elementor-heading-title elementor-size-default\">Esame 15-oje, 11-oje ir 26-oje 11-ojo autobus\u0173 mar\u0161ruto stotel\u0117se.\n\n<\/div>\t\t\t\t<\/div>\n\t\t\t\t<\/div>\n\t\t\t\t\t<\/div>\n\t\t<\/div>\n\t\t\t\t\t<\/div>\n\t\t<\/section>\n\t\t\t\t<\/div>\n\t\t","protected":false},"excerpt":{"rendered":"<p>Kelioni\u0173 organizatorius &#8222;Testene&#8221;, nuo 2001 m. s\u0117kmingai veikiantis turizmo rinkoje pietin\u0117je Italijos pakrant\u0117je, atidar\u0117 filial\u0105 Riminyje, kuriame dirba rusakalbiai darbuotojai, taip sudarydamas patogias s\u0105lygas bet kuriam turistui, norin\u010diam bet kuriuo metu atvykti \u012f m\u016bs\u0173 biur\u0105 gauti turizmo informacijos, pasikonsultuoti, \u012fsigyti ekskursij\u0173. M\u016bs\u0173 komand\u0105 sudaro jauni ir energingi \u017emon\u0117s, kurie nori pagerinti atvykstan\u010di\u0173 turist\u0173 aptarnavim\u0105. Neseniai [&hellip;]<\/p>\n","protected":false},"author":1,"featured_media":0,"parent":0,"menu_order":0,"comment_status":"closed","ping_status":"closed","template":"","meta":{"footnotes":""},"class_list":["post-4830","page","type-page","status-publish","has-post-thumbnail","hentry"],"yoast_head":"<!-- This site is optimized with the Yoast SEO plugin v27.1.1 - https:\/\/yoast.com\/product\/yoast-seo-wordpress\/ -->\n<title>Apie mus - \u041e\u0442\u0434\u044b\u0445 \u0418\u0442\u0430\u043b\u0438\u044f<\/title>\n<meta name=\"robots\" content=\"index, follow, max-snippet:-1, max-image-preview:large, max-video-preview:-1\" \/>\n<link rel=\"canonical\" href=\"https:\/\/www.otdihitalia.com\/lt\/apie-mus\/\" \/>\n<meta property=\"og:locale\" content=\"lt_LT\" \/>\n<meta property=\"og:type\" content=\"article\" \/>\n<meta property=\"og:title\" content=\"Apie mus - \u041e\u0442\u0434\u044b\u0445 \u0418\u0442\u0430\u043b\u0438\u044f\" \/>\n<meta property=\"og:description\" content=\"Kelioni\u0173 organizatorius &#8222;Testene&#8221;, nuo 2001 m. s\u0117kmingai veikiantis turizmo rinkoje pietin\u0117je Italijos pakrant\u0117je, atidar\u0117 filial\u0105 Riminyje, kuriame dirba rusakalbiai darbuotojai, taip sudarydamas patogias s\u0105lygas bet kuriam turistui, norin\u010diam bet kuriuo metu atvykti \u012f m\u016bs\u0173 biur\u0105 gauti turizmo informacijos, pasikonsultuoti, \u012fsigyti ekskursij\u0173. M\u016bs\u0173 komand\u0105 sudaro jauni ir energingi \u017emon\u0117s, kurie nori pagerinti atvykstan\u010di\u0173 turist\u0173 aptarnavim\u0105. Neseniai [&hellip;]\" \/>\n<meta property=\"og:url\" content=\"https:\/\/www.otdihitalia.com\/lt\/apie-mus\/\" \/>\n<meta property=\"og:site_name\" content=\"\u041e\u0442\u0434\u044b\u0445 \u0418\u0442\u0430\u043b\u0438\u044f\" \/>\n<meta property=\"article:modified_time\" content=\"2025-06-11T14:11:08+00:00\" \/>\n<meta name=\"twitter:card\" content=\"summary_large_image\" \/>\n<meta name=\"twitter:label1\" content=\"Est. reading time\" \/>\n\t<meta name=\"twitter:data1\" content=\"1 minut\u0117\" \/>\n<script type=\"application\/ld+json\" class=\"yoast-schema-graph\">{\"@context\":\"https:\/\/schema.org\",\"@graph\":[{\"@type\":\"WebPage\",\"@id\":\"https:\/\/www.otdihitalia.com\/lt\/apie-mus\/\",\"url\":\"https:\/\/www.otdihitalia.com\/lt\/apie-mus\/\",\"name\":\"Apie mus - \u041e\u0442\u0434\u044b\u0445 \u0418\u0442\u0430\u043b\u0438\u044f\",\"isPartOf\":{\"@id\":\"https:\/\/www.otdihitalia.com\/lt\/#website\"},\"datePublished\":\"2022-09-27T15:30:48+00:00\",\"dateModified\":\"2025-06-11T14:11:08+00:00\",\"breadcrumb\":{\"@id\":\"https:\/\/www.otdihitalia.com\/lt\/apie-mus\/#breadcrumb\"},\"inLanguage\":\"lt-LT\",\"potentialAction\":[{\"@type\":\"ReadAction\",\"target\":[\"https:\/\/www.otdihitalia.com\/lt\/apie-mus\/\"]}]},{\"@type\":\"BreadcrumbList\",\"@id\":\"https:\/\/www.otdihitalia.com\/lt\/apie-mus\/#breadcrumb\",\"itemListElement\":[{\"@type\":\"ListItem\",\"position\":1,\"name\":\"\u0413\u043b\u0430\u0432\u043d\u0430\u044f \u0441\u0442\u0440\u0430\u043d\u0438\u0446\u0430\",\"item\":\"https:\/\/www.otdihitalia.com\/lt\/pagrindinis-puslapis\/\"},{\"@type\":\"ListItem\",\"position\":2,\"name\":\"Apie mus\"}]},{\"@type\":\"WebSite\",\"@id\":\"https:\/\/www.otdihitalia.com\/lt\/#website\",\"url\":\"https:\/\/www.otdihitalia.com\/lt\/\",\"name\":\"\u041e\u0442\u0434\u044b\u0445 \u0418\u0442\u0430\u043b\u0438\u044f\",\"description\":\"\u042d\u043a\u0441\u043a\u0443\u0440\u0441\u0438\u0438 \u0438\u0437 \u0420\u0438\u043c\u0438\u043d\u0438 \u043d\u0430 \u043b\u044e\u0431\u043e\u0439 \u0432\u043a\u0443\u0441\",\"publisher\":{\"@id\":\"https:\/\/www.otdihitalia.com\/lt\/#organization\"},\"potentialAction\":[{\"@type\":\"SearchAction\",\"target\":{\"@type\":\"EntryPoint\",\"urlTemplate\":\"https:\/\/www.otdihitalia.com\/lt\/?s={search_term_string}\"},\"query-input\":{\"@type\":\"PropertyValueSpecification\",\"valueRequired\":true,\"valueName\":\"search_term_string\"}}],\"inLanguage\":\"lt-LT\"},{\"@type\":\"Organization\",\"@id\":\"https:\/\/www.otdihitalia.com\/lt\/#organization\",\"name\":\"OtdihItalia\",\"url\":\"https:\/\/www.otdihitalia.com\/lt\/\",\"logo\":{\"@type\":\"ImageObject\",\"inLanguage\":\"lt-LT\",\"@id\":\"https:\/\/www.otdihitalia.com\/lt\/#\/schema\/logo\/image\/\",\"url\":\"https:\/\/www.otdihitalia.com\/wp-content\/uploads\/2022\/09\/logo-otdihitalia.png\",\"contentUrl\":\"https:\/\/www.otdihitalia.com\/wp-content\/uploads\/2022\/09\/logo-otdihitalia.png\",\"width\":388,\"height\":208,\"caption\":\"OtdihItalia\"},\"image\":{\"@id\":\"https:\/\/www.otdihitalia.com\/lt\/#\/schema\/logo\/image\/\"}}]}<\/script>\n<!-- \/ Yoast SEO plugin. -->","yoast_head_json":{"title":"Apie mus - \u041e\u0442\u0434\u044b\u0445 \u0418\u0442\u0430\u043b\u0438\u044f","robots":{"index":"index","follow":"follow","max-snippet":"max-snippet:-1","max-image-preview":"max-image-preview:large","max-video-preview":"max-video-preview:-1"},"canonical":"https:\/\/www.otdihitalia.com\/lt\/apie-mus\/","og_locale":"lt_LT","og_type":"article","og_title":"Apie mus - \u041e\u0442\u0434\u044b\u0445 \u0418\u0442\u0430\u043b\u0438\u044f","og_description":"Kelioni\u0173 organizatorius &#8222;Testene&#8221;, nuo 2001 m. s\u0117kmingai veikiantis turizmo rinkoje pietin\u0117je Italijos pakrant\u0117je, atidar\u0117 filial\u0105 Riminyje, kuriame dirba rusakalbiai darbuotojai, taip sudarydamas patogias s\u0105lygas bet kuriam turistui, norin\u010diam bet kuriuo metu atvykti \u012f m\u016bs\u0173 biur\u0105 gauti turizmo informacijos, pasikonsultuoti, \u012fsigyti ekskursij\u0173. M\u016bs\u0173 komand\u0105 sudaro jauni ir energingi \u017emon\u0117s, kurie nori pagerinti atvykstan\u010di\u0173 turist\u0173 aptarnavim\u0105. Neseniai [&hellip;]","og_url":"https:\/\/www.otdihitalia.com\/lt\/apie-mus\/","og_site_name":"\u041e\u0442\u0434\u044b\u0445 \u0418\u0442\u0430\u043b\u0438\u044f","article_modified_time":"2025-06-11T14:11:08+00:00","twitter_card":"summary_large_image","twitter_misc":{"Est. reading time":"1 minut\u0117"},"schema":{"@context":"https:\/\/schema.org","@graph":[{"@type":"WebPage","@id":"https:\/\/www.otdihitalia.com\/lt\/apie-mus\/","url":"https:\/\/www.otdihitalia.com\/lt\/apie-mus\/","name":"Apie mus - \u041e\u0442\u0434\u044b\u0445 \u0418\u0442\u0430\u043b\u0438\u044f","isPartOf":{"@id":"https:\/\/www.otdihitalia.com\/lt\/#website"},"datePublished":"2022-09-27T15:30:48+00:00","dateModified":"2025-06-11T14:11:08+00:00","breadcrumb":{"@id":"https:\/\/www.otdihitalia.com\/lt\/apie-mus\/#breadcrumb"},"inLanguage":"lt-LT","potentialAction":[{"@type":"ReadAction","target":["https:\/\/www.otdihitalia.com\/lt\/apie-mus\/"]}]},{"@type":"BreadcrumbList","@id":"https:\/\/www.otdihitalia.com\/lt\/apie-mus\/#breadcrumb","itemListElement":[{"@type":"ListItem","position":1,"name":"\u0413\u043b\u0430\u0432\u043d\u0430\u044f \u0441\u0442\u0440\u0430\u043d\u0438\u0446\u0430","item":"https:\/\/www.otdihitalia.com\/lt\/pagrindinis-puslapis\/"},{"@type":"ListItem","position":2,"name":"Apie mus"}]},{"@type":"WebSite","@id":"https:\/\/www.otdihitalia.com\/lt\/#website","url":"https:\/\/www.otdihitalia.com\/lt\/","name":"\u041e\u0442\u0434\u044b\u0445 \u0418\u0442\u0430\u043b\u0438\u044f","description":"\u042d\u043a\u0441\u043a\u0443\u0440\u0441\u0438\u0438 \u0438\u0437 \u0420\u0438\u043c\u0438\u043d\u0438 \u043d\u0430 \u043b\u044e\u0431\u043e\u0439 \u0432\u043a\u0443\u0441","publisher":{"@id":"https:\/\/www.otdihitalia.com\/lt\/#organization"},"potentialAction":[{"@type":"SearchAction","target":{"@type":"EntryPoint","urlTemplate":"https:\/\/www.otdihitalia.com\/lt\/?s={search_term_string}"},"query-input":{"@type":"PropertyValueSpecification","valueRequired":true,"valueName":"search_term_string"}}],"inLanguage":"lt-LT"},{"@type":"Organization","@id":"https:\/\/www.otdihitalia.com\/lt\/#organization","name":"OtdihItalia","url":"https:\/\/www.otdihitalia.com\/lt\/","logo":{"@type":"ImageObject","inLanguage":"lt-LT","@id":"https:\/\/www.otdihitalia.com\/lt\/#\/schema\/logo\/image\/","url":"https:\/\/www.otdihitalia.com\/wp-content\/uploads\/2022\/09\/logo-otdihitalia.png","contentUrl":"https:\/\/www.otdihitalia.com\/wp-content\/uploads\/2022\/09\/logo-otdihitalia.png","width":388,"height":208,"caption":"OtdihItalia"},"image":{"@id":"https:\/\/www.otdihitalia.com\/lt\/#\/schema\/logo\/image\/"}}]}},"_links":{"self":[{"href":"https:\/\/www.otdihitalia.com\/lt\/wp-json\/wp\/v2\/pages\/4830","targetHints":{"allow":["GET"]}}],"collection":[{"href":"https:\/\/www.otdihitalia.com\/lt\/wp-json\/wp\/v2\/pages"}],"about":[{"href":"https:\/\/www.otdihitalia.com\/lt\/wp-json\/wp\/v2\/types\/page"}],"author":[{"embeddable":true,"href":"https:\/\/www.otdihitalia.com\/lt\/wp-json\/wp\/v2\/users\/1"}],"replies":[{"embeddable":true,"href":"https:\/\/www.otdihitalia.com\/lt\/wp-json\/wp\/v2\/comments?post=4830"}],"version-history":[{"count":6,"href":"https:\/\/www.otdihitalia.com\/lt\/wp-json\/wp\/v2\/pages\/4830\/revisions"}],"predecessor-version":[{"id":12096,"href":"https:\/\/www.otdihitalia.com\/lt\/wp-json\/wp\/v2\/pages\/4830\/revisions\/12096"}],"wp:attachment":[{"href":"https:\/\/www.otdihitalia.com\/lt\/wp-json\/wp\/v2\/media?parent=4830"}],"curies":[{"name":"wp","href":"https:\/\/api.w.org\/{rel}","templated":true}]}}