{"id":4857,"date":"2022-09-27T13:52:41","date_gmt":"2022-09-27T11:52:41","guid":{"rendered":"https:\/\/www.otdihitalia.com\/privatumo-politika\/"},"modified":"2023-11-20T17:01:32","modified_gmt":"2023-11-20T15:01:32","slug":"privatumo-politika","status":"publish","type":"page","link":"https:\/\/www.otdihitalia.com\/lt\/privatumo-politika\/","title":{"rendered":"Privatumo politika"},"content":{"rendered":"<h2 class=\"wp-block-heading\">Kas mes esame<\/h2><p><strong class=\"privacy-policy-tutorial\">Si\u016blomas tekstas: <\/strong>M\u016bs\u0173 svetain\u0117s adresas: http:\/\/www.otdihitalia.com<\/p><h2 class=\"wp-block-heading\">Komentaras<\/h2><p><strong class=\"privacy-policy-tutorial\">Si\u016blomas tekstas: <\/strong>Jei lankytojas svetain\u0117je palieka komentar\u0105, mes renkame komentaro formoje nurodytus duomenis, taip pat lankytojo IP adres\u0105 ir nar\u0161ykl\u0117s vartotojo agento duomenis, kad gal\u0117tume nustatyti \u0161lam\u0161t\u0105.<\/p><p>I\u0161 j\u016bs\u0173 el. pa\u0161to adreso sukurta anonimin\u0117 eilut\u0117 (&#8222;hash&#8221;) gali b\u016bti pateikta &#8222;Gravatar&#8221; paslaugai, kad b\u016bt\u0173 galima nustatyti, ar j\u0105 naudojate. &#8222;Gravatar&#8221; privatumo politik\u0105 galite rasti \u010dia: https:\/\/automattic.com\/privacy\/ . Kai j\u016bs\u0173 komentaras bus patvirtintas, j\u016bs\u0173 profilio atvaizdas bus matomas vie\u0161ai, atsi\u017evelgiant \u012f j\u016bs\u0173 komentaro kontekst\u0105.<\/p><h2 class=\"wp-block-heading\">\u017diniasklaidos failai<\/h2><p><strong class=\"privacy-policy-tutorial\">Si\u016blomas tekstas: <\/strong>Jei esate registruotas naudotojas ir \u012f svetain\u0119 siun\u010diate nuotraukas, tur\u0117tum\u0117te vengti si\u0173sti nuotraukas su EXIF metaduomenimis, nes juose gali b\u016bti j\u016bs\u0173 GPS buvimo vietos duomenys. \u0160i\u0105 informacij\u0105 lankytojai gali gauti atsisi\u0173sdami vaizdus i\u0161 svetain\u0117s.<\/p><h2 class=\"wp-block-heading\">Slapukas<\/h2><p><strong class=\"privacy-policy-tutorial\">Si\u016blomas tekstas: <\/strong>Jei m\u016bs\u0173 svetain\u0117je paliekate komentar\u0105, galite leisti, kad j\u016bs\u0173 vardas, el. pa\u0161to adresas ir svetain\u0117 b\u016bt\u0173 \u012fra\u0161yti \u012f slapuk\u0105. Tai daroma j\u016bs\u0173 patogumui, kad nereik\u0117t\u0173 i\u0161 naujo pildyti duomen\u0173, kai komentuosite dar kart\u0105. \u0160ie slapukai saugomi vienerius metus.<\/p><p>Jei turite paskyr\u0105 svetain\u0117je ir prisijungiate, nustatysime laikin\u0105 slapuk\u0105, kad nustatytume, ar j\u016bs\u0173 nar\u0161ykl\u0117 palaiko slapuk\u0105; slapuke n\u0117ra jokios asmenin\u0117s informacijos ir jis i\u0161trinamas, kai u\u017edarote nar\u0161ykl\u0119.<\/p><p>Kai prisijungiate prie savo paskyros, taip pat nustatome kelet\u0105 slapuk\u0173 su j\u016bs\u0173 prisijungimo duomenimis ir ekrano nustatymais. Prisijungimo slapukas saugomas dvi dienas, o ekrano nustatym\u0173 slapukas &#8211; metus. Jei pasirinksite parinkt\u012f &#8222;Prisiminti mane&#8221;, j\u016bs\u0173 prisijungimo duomenys bus i\u0161saugoti dvi savaites. Atsijungus nuo paskyros, prisijungimo slapukas bus i\u0161trintas.<\/p><p>Kai redaguojate arba publikuojate straipsn\u012f, j\u016bs\u0173 nar\u0161ykl\u0117je bus i\u0161saugotas papildomas slapukas, kuriame n\u0117ra asmens duomen\u0173, o tik redaguojamo \u012fra\u0161o ID, kuris nustoja galioti po 1 dienos.<\/p><h2 class=\"wp-block-heading\">\u012eterptasis turinys i\u0161 kit\u0173 svetaini\u0173<\/h2><p><strong class=\"privacy-policy-tutorial\">Si\u016blomas tekstas: <\/strong>\u0160ios svetain\u0117s straipsniuose gali b\u016bti \u012fterpto turinio (pvz., vaizdo \u012fra\u0161\u0173, paveiksl\u0117li\u0173, straipsni\u0173 ir kt.), toks turinys elgiasi taip pat, tarsi lankytojas lankyt\u0173si kitoje svetain\u0117je.<\/p><p>\u0160ios svetain\u0117s gali rinkti duomenis apie jus, naudoti slapukus, vykdyti papildom\u0105 tre\u010di\u0173j\u0173 \u0161ali\u0173 steb\u0117jim\u0105 ir steb\u0117ti j\u016bs\u0173 s\u0105veik\u0105 su \u012fterptu turiniu, \u012fskaitant j\u016bs\u0173 s\u0105veikos steb\u0117jim\u0105, jei turite paskyr\u0105 ir esate prisijung\u0119 prie tos svetain\u0117s.<\/p><h2 class=\"wp-block-heading\">Su kuo dalijam\u0117s j\u016bs\u0173 duomenimis<\/h2><p><strong class=\"privacy-policy-tutorial\">Si\u016blomas tekstas: <\/strong>Jei pra\u0161ote i\u0161 naujo nustatyti slapta\u017eod\u012f, j\u016bs\u0173 IP bus nurodytas i\u0161 naujo gautame el. lai\u0161ke.<\/p><h2 class=\"wp-block-heading\">Kiek laiko saugome j\u016bs\u0173 duomenis<\/h2><p><strong class=\"privacy-policy-tutorial\">Si\u016blomas tekstas: <\/strong>Jei paliekate komentar\u0105, pats komentaras ir jo metaduomenys saugomi neribot\u0105 laik\u0105. Taip siekiama automati\u0161kai nustatyti ir patvirtinti v\u0117lesnius komentarus, u\u017euot juos \u012ftraukus \u012f patvirtinimo eil\u0119.<\/p><p>Vartotoj\u0173, u\u017esiregistravusi\u0173 m\u016bs\u0173 svetain\u0117je, asmenin\u0119 informacij\u0105, kuri\u0105 jie pateikia, saugome j\u0173 profilyje. Visi naudotojai gali bet kada per\u017ei\u016br\u0117ti, redaguoti ar i\u0161trinti savo profilio informacij\u0105 (i\u0161skyrus naudotojo vard\u0105). Svetain\u0117s administracija taip pat gali matyti ir keisti \u0161i\u0105 informacij\u0105.<\/p><h2 class=\"wp-block-heading\">Kokias teises turite \u012f savo duomenis<\/h2><p><strong class=\"privacy-policy-tutorial\">Si\u016blomas tekstas: <\/strong>Jei turite paskyr\u0105 svetain\u0117je arba jei palikote komentar\u0173, galite papra\u0161yti eksportuoti asmens duomen\u0173, kuriuos saugome apie jus, \u012fskaitant j\u016bs\u0173 pateiktus duomenis, byl\u0105. Taip pat galite pra\u0161yti i\u0161trinti \u0161iuos duomenis; tai neapima duomen\u0173, kuriuos privalome saugoti administraciniais, teisiniais ar saugumo tikslais.<\/p><h2 class=\"wp-block-heading\">Kur siun\u010diami j\u016bs\u0173 duomenys<\/h2><p><strong class=\"privacy-policy-tutorial\">Si\u016blomas tekstas: <\/strong>Naudotoj\u0173 komentarus gali tikrinti automatin\u0117 \u0161lam\u0161to aptikimo paslauga.<\/p>","protected":false},"excerpt":{"rendered":"<p>Kas mes esame Si\u016blomas tekstas: M\u016bs\u0173 svetain\u0117s adresas: http:\/\/www.otdihitalia.com Komentaras Si\u016blomas tekstas: Jei lankytojas svetain\u0117je palieka komentar\u0105, mes renkame komentaro formoje nurodytus duomenis, taip pat lankytojo IP adres\u0105 ir nar\u0161ykl\u0117s vartotojo agento duomenis, kad gal\u0117tume nustatyti \u0161lam\u0161t\u0105. I\u0161 j\u016bs\u0173 el. pa\u0161to adreso sukurta anonimin\u0117 eilut\u0117 (&#8222;hash&#8221;) gali b\u016bti pateikta &#8222;Gravatar&#8221; paslaugai, kad b\u016bt\u0173 galima nustatyti, [&hellip;]<\/p>\n","protected":false},"author":1,"featured_media":0,"parent":0,"menu_order":0,"comment_status":"closed","ping_status":"open","template":"","meta":{"footnotes":""},"class_list":["post-4857","page","type-page","status-publish","has-post-thumbnail","hentry"],"yoast_head":"<!-- This site is optimized with the Yoast SEO plugin v27.1.1 - https:\/\/yoast.com\/product\/yoast-seo-wordpress\/ -->\n<title>Privatumo politika - \u041e\u0442\u0434\u044b\u0445 \u0418\u0442\u0430\u043b\u0438\u044f<\/title>\n<meta name=\"robots\" content=\"index, follow, max-snippet:-1, max-image-preview:large, max-video-preview:-1\" \/>\n<link rel=\"canonical\" href=\"https:\/\/www.otdihitalia.com\/lt\/privatumo-politika\/\" \/>\n<meta property=\"og:locale\" content=\"lt_LT\" \/>\n<meta property=\"og:type\" content=\"article\" \/>\n<meta property=\"og:title\" content=\"Privatumo politika - \u041e\u0442\u0434\u044b\u0445 \u0418\u0442\u0430\u043b\u0438\u044f\" \/>\n<meta property=\"og:description\" content=\"Kas mes esame Si\u016blomas tekstas: M\u016bs\u0173 svetain\u0117s adresas: http:\/\/www.otdihitalia.com Komentaras Si\u016blomas tekstas: Jei lankytojas svetain\u0117je palieka komentar\u0105, mes renkame komentaro formoje nurodytus duomenis, taip pat lankytojo IP adres\u0105 ir nar\u0161ykl\u0117s vartotojo agento duomenis, kad gal\u0117tume nustatyti \u0161lam\u0161t\u0105. I\u0161 j\u016bs\u0173 el. pa\u0161to adreso sukurta anonimin\u0117 eilut\u0117 (&#8222;hash&#8221;) gali b\u016bti pateikta &#8222;Gravatar&#8221; paslaugai, kad b\u016bt\u0173 galima nustatyti, [&hellip;]\" \/>\n<meta property=\"og:url\" content=\"https:\/\/www.otdihitalia.com\/lt\/privatumo-politika\/\" \/>\n<meta property=\"og:site_name\" content=\"\u041e\u0442\u0434\u044b\u0445 \u0418\u0442\u0430\u043b\u0438\u044f\" \/>\n<meta property=\"article:modified_time\" content=\"2023-11-20T15:01:32+00:00\" \/>\n<meta name=\"twitter:card\" content=\"summary_large_image\" \/>\n<meta name=\"twitter:label1\" content=\"Est. reading time\" \/>\n\t<meta name=\"twitter:data1\" content=\"3 minut\u0117s\" \/>\n<script type=\"application\/ld+json\" class=\"yoast-schema-graph\">{\"@context\":\"https:\/\/schema.org\",\"@graph\":[{\"@type\":\"WebPage\",\"@id\":\"https:\/\/www.otdihitalia.com\/lt\/privatumo-politika\/\",\"url\":\"https:\/\/www.otdihitalia.com\/lt\/privatumo-politika\/\",\"name\":\"Privatumo politika - \u041e\u0442\u0434\u044b\u0445 \u0418\u0442\u0430\u043b\u0438\u044f\",\"isPartOf\":{\"@id\":\"https:\/\/www.otdihitalia.com\/lt\/#website\"},\"datePublished\":\"2022-09-27T11:52:41+00:00\",\"dateModified\":\"2023-11-20T15:01:32+00:00\",\"breadcrumb\":{\"@id\":\"https:\/\/www.otdihitalia.com\/lt\/privatumo-politika\/#breadcrumb\"},\"inLanguage\":\"lt-LT\",\"potentialAction\":[{\"@type\":\"ReadAction\",\"target\":[\"https:\/\/www.otdihitalia.com\/lt\/privatumo-politika\/\"]}]},{\"@type\":\"BreadcrumbList\",\"@id\":\"https:\/\/www.otdihitalia.com\/lt\/privatumo-politika\/#breadcrumb\",\"itemListElement\":[{\"@type\":\"ListItem\",\"position\":1,\"name\":\"\u0413\u043b\u0430\u0432\u043d\u0430\u044f \u0441\u0442\u0440\u0430\u043d\u0438\u0446\u0430\",\"item\":\"https:\/\/www.otdihitalia.com\/lt\/pagrindinis-puslapis\/\"},{\"@type\":\"ListItem\",\"position\":2,\"name\":\"Privatumo politika\"}]},{\"@type\":\"WebSite\",\"@id\":\"https:\/\/www.otdihitalia.com\/lt\/#website\",\"url\":\"https:\/\/www.otdihitalia.com\/lt\/\",\"name\":\"\u041e\u0442\u0434\u044b\u0445 \u0418\u0442\u0430\u043b\u0438\u044f\",\"description\":\"\u042d\u043a\u0441\u043a\u0443\u0440\u0441\u0438\u0438 \u0438\u0437 \u0420\u0438\u043c\u0438\u043d\u0438 \u043d\u0430 \u043b\u044e\u0431\u043e\u0439 \u0432\u043a\u0443\u0441\",\"publisher\":{\"@id\":\"https:\/\/www.otdihitalia.com\/lt\/#organization\"},\"potentialAction\":[{\"@type\":\"SearchAction\",\"target\":{\"@type\":\"EntryPoint\",\"urlTemplate\":\"https:\/\/www.otdihitalia.com\/lt\/?s={search_term_string}\"},\"query-input\":{\"@type\":\"PropertyValueSpecification\",\"valueRequired\":true,\"valueName\":\"search_term_string\"}}],\"inLanguage\":\"lt-LT\"},{\"@type\":\"Organization\",\"@id\":\"https:\/\/www.otdihitalia.com\/lt\/#organization\",\"name\":\"OtdihItalia\",\"url\":\"https:\/\/www.otdihitalia.com\/lt\/\",\"logo\":{\"@type\":\"ImageObject\",\"inLanguage\":\"lt-LT\",\"@id\":\"https:\/\/www.otdihitalia.com\/lt\/#\/schema\/logo\/image\/\",\"url\":\"https:\/\/www.otdihitalia.com\/wp-content\/uploads\/2022\/09\/logo-otdihitalia.png\",\"contentUrl\":\"https:\/\/www.otdihitalia.com\/wp-content\/uploads\/2022\/09\/logo-otdihitalia.png\",\"width\":388,\"height\":208,\"caption\":\"OtdihItalia\"},\"image\":{\"@id\":\"https:\/\/www.otdihitalia.com\/lt\/#\/schema\/logo\/image\/\"}}]}<\/script>\n<!-- \/ Yoast SEO plugin. -->","yoast_head_json":{"title":"Privatumo politika - \u041e\u0442\u0434\u044b\u0445 \u0418\u0442\u0430\u043b\u0438\u044f","robots":{"index":"index","follow":"follow","max-snippet":"max-snippet:-1","max-image-preview":"max-image-preview:large","max-video-preview":"max-video-preview:-1"},"canonical":"https:\/\/www.otdihitalia.com\/lt\/privatumo-politika\/","og_locale":"lt_LT","og_type":"article","og_title":"Privatumo politika - \u041e\u0442\u0434\u044b\u0445 \u0418\u0442\u0430\u043b\u0438\u044f","og_description":"Kas mes esame Si\u016blomas tekstas: M\u016bs\u0173 svetain\u0117s adresas: http:\/\/www.otdihitalia.com Komentaras Si\u016blomas tekstas: Jei lankytojas svetain\u0117je palieka komentar\u0105, mes renkame komentaro formoje nurodytus duomenis, taip pat lankytojo IP adres\u0105 ir nar\u0161ykl\u0117s vartotojo agento duomenis, kad gal\u0117tume nustatyti \u0161lam\u0161t\u0105. I\u0161 j\u016bs\u0173 el. pa\u0161to adreso sukurta anonimin\u0117 eilut\u0117 (&#8222;hash&#8221;) gali b\u016bti pateikta &#8222;Gravatar&#8221; paslaugai, kad b\u016bt\u0173 galima nustatyti, [&hellip;]","og_url":"https:\/\/www.otdihitalia.com\/lt\/privatumo-politika\/","og_site_name":"\u041e\u0442\u0434\u044b\u0445 \u0418\u0442\u0430\u043b\u0438\u044f","article_modified_time":"2023-11-20T15:01:32+00:00","twitter_card":"summary_large_image","twitter_misc":{"Est. reading time":"3 minut\u0117s"},"schema":{"@context":"https:\/\/schema.org","@graph":[{"@type":"WebPage","@id":"https:\/\/www.otdihitalia.com\/lt\/privatumo-politika\/","url":"https:\/\/www.otdihitalia.com\/lt\/privatumo-politika\/","name":"Privatumo politika - \u041e\u0442\u0434\u044b\u0445 \u0418\u0442\u0430\u043b\u0438\u044f","isPartOf":{"@id":"https:\/\/www.otdihitalia.com\/lt\/#website"},"datePublished":"2022-09-27T11:52:41+00:00","dateModified":"2023-11-20T15:01:32+00:00","breadcrumb":{"@id":"https:\/\/www.otdihitalia.com\/lt\/privatumo-politika\/#breadcrumb"},"inLanguage":"lt-LT","potentialAction":[{"@type":"ReadAction","target":["https:\/\/www.otdihitalia.com\/lt\/privatumo-politika\/"]}]},{"@type":"BreadcrumbList","@id":"https:\/\/www.otdihitalia.com\/lt\/privatumo-politika\/#breadcrumb","itemListElement":[{"@type":"ListItem","position":1,"name":"\u0413\u043b\u0430\u0432\u043d\u0430\u044f \u0441\u0442\u0440\u0430\u043d\u0438\u0446\u0430","item":"https:\/\/www.otdihitalia.com\/lt\/pagrindinis-puslapis\/"},{"@type":"ListItem","position":2,"name":"Privatumo politika"}]},{"@type":"WebSite","@id":"https:\/\/www.otdihitalia.com\/lt\/#website","url":"https:\/\/www.otdihitalia.com\/lt\/","name":"\u041e\u0442\u0434\u044b\u0445 \u0418\u0442\u0430\u043b\u0438\u044f","description":"\u042d\u043a\u0441\u043a\u0443\u0440\u0441\u0438\u0438 \u0438\u0437 \u0420\u0438\u043c\u0438\u043d\u0438 \u043d\u0430 \u043b\u044e\u0431\u043e\u0439 \u0432\u043a\u0443\u0441","publisher":{"@id":"https:\/\/www.otdihitalia.com\/lt\/#organization"},"potentialAction":[{"@type":"SearchAction","target":{"@type":"EntryPoint","urlTemplate":"https:\/\/www.otdihitalia.com\/lt\/?s={search_term_string}"},"query-input":{"@type":"PropertyValueSpecification","valueRequired":true,"valueName":"search_term_string"}}],"inLanguage":"lt-LT"},{"@type":"Organization","@id":"https:\/\/www.otdihitalia.com\/lt\/#organization","name":"OtdihItalia","url":"https:\/\/www.otdihitalia.com\/lt\/","logo":{"@type":"ImageObject","inLanguage":"lt-LT","@id":"https:\/\/www.otdihitalia.com\/lt\/#\/schema\/logo\/image\/","url":"https:\/\/www.otdihitalia.com\/wp-content\/uploads\/2022\/09\/logo-otdihitalia.png","contentUrl":"https:\/\/www.otdihitalia.com\/wp-content\/uploads\/2022\/09\/logo-otdihitalia.png","width":388,"height":208,"caption":"OtdihItalia"},"image":{"@id":"https:\/\/www.otdihitalia.com\/lt\/#\/schema\/logo\/image\/"}}]}},"_links":{"self":[{"href":"https:\/\/www.otdihitalia.com\/lt\/wp-json\/wp\/v2\/pages\/4857","targetHints":{"allow":["GET"]}}],"collection":[{"href":"https:\/\/www.otdihitalia.com\/lt\/wp-json\/wp\/v2\/pages"}],"about":[{"href":"https:\/\/www.otdihitalia.com\/lt\/wp-json\/wp\/v2\/types\/page"}],"author":[{"embeddable":true,"href":"https:\/\/www.otdihitalia.com\/lt\/wp-json\/wp\/v2\/users\/1"}],"replies":[{"embeddable":true,"href":"https:\/\/www.otdihitalia.com\/lt\/wp-json\/wp\/v2\/comments?post=4857"}],"version-history":[{"count":2,"href":"https:\/\/www.otdihitalia.com\/lt\/wp-json\/wp\/v2\/pages\/4857\/revisions"}],"predecessor-version":[{"id":4867,"href":"https:\/\/www.otdihitalia.com\/lt\/wp-json\/wp\/v2\/pages\/4857\/revisions\/4867"}],"wp:attachment":[{"href":"https:\/\/www.otdihitalia.com\/lt\/wp-json\/wp\/v2\/media?parent=4857"}],"curies":[{"name":"wp","href":"https:\/\/api.w.org\/{rel}","templated":true}]}}