{"id":4220,"date":"2023-09-25T10:03:57","date_gmt":"2023-09-25T08:03:57","guid":{"rendered":"https:\/\/www.otdihitalia.com\/?page_id=4220"},"modified":"2023-11-20T17:00:50","modified_gmt":"2023-11-20T15:00:50","slug":"atgriesanas-politika","status":"publish","type":"page","link":"https:\/\/www.otdihitalia.com\/lv\/atgriesanas-politika\/","title":{"rendered":"Atgrie\u0161anas politika"},"content":{"rendered":"\n<p><b>\u0160\u012b ir parauga lapa.<\/b><\/p>\n\n<h3>Overview<\/h3>\n\n<p>M\u016bsu atmaksas un atgrie\u0161anas politika ilgst 30 dienas. Ja kop\u0161 pirkuma ir pag\u0101ju\u0161as 30 dienas, m\u0113s nevaram jums pied\u0101v\u0101t pilnu kompens\u0101ciju vai apmai\u0146u.<\/p>\n\n<p>Lai preci var\u0113tu atgriezt, tai j\u0101b\u016bt neizmantotai un t\u0101d\u0101 pa\u0161\u0101 st\u0101vokl\u012b, k\u0101d\u0101 to sa\u0146\u0113m\u0101t. Tam j\u0101b\u016bt ar\u012b ori\u0123in\u0101laj\u0101 iepakojum\u0101.<\/p>\n\n<p>Vair\u0101ki pre\u010du veidi ir atbr\u012bvoti no atgrie\u0161anas. \u0100tri boj\u0101jo\u0161\u0101s preces, piem\u0113ram, p\u0101rtiku, ziedus, laikrakstus vai \u017eurn\u0101lus, nevar atdot. M\u0113s nepie\u0146emam ar\u012b produktus, kas ir int\u012bmpreces vai sanit\u0101r\u0101s preces, b\u012bstamus materi\u0101lus vai uzliesmojo\u0161us \u0161\u0137idrumus vai g\u0101zes.<\/p>\n\n<p>Papildu preces, kas nav atgrie\u017eamas:<\/p>\n\n<ul class=\"wp-block-list\">\n<li>D\u0101vanu kartes<\/li>\n<li>Lejupiel\u0101d\u0113jami programmat\u016bras produkti<\/li>\n<li>Da\u017eas vesel\u012bbas un person\u012bg\u0101s higi\u0113nas preces<\/li>\n<\/ul>\n\n<p>Lai pabeigtu atgrie\u0161anu, mums ir nepiecie\u0161ams pirkuma kv\u012bts vai pirkuma apliecin\u0101jums.<\/p>\n\n<p>L\u016bdzu, nes\u016btiet savu pirkumu atpaka\u013c ra\u017eot\u0101jam.<\/p>\n\n<p>Da\u017e\u0101s situ\u0101cij\u0101s tiek pie\u0161\u0137irtas tikai da\u013c\u0113jas kompens\u0101cijas:<\/p>\n\n<ul class=\"wp-block-list\">\n<li>Gr\u0101mata ar ac\u012bmredzam\u0101m lieto\u0161anas paz\u012bm\u0113m<\/li>\n<li>CD, DVD, VHS lentes, programmat\u016bras, videosp\u0113les, kasetes lentes vai vinila plates, kas ir atv\u0113rtas.<\/li>\n<li>Jebkura prece nav s\u0101kotn\u0113j\u0101 st\u0101vokl\u012b, ir boj\u0101ta vai tai tr\u016bkst deta\u013cu t\u0101du iemeslu d\u0113\u013c, kas nav saist\u012bti ar m\u016bsu k\u013c\u016bdu.<\/li>\n<li>Jebkura prece, kas tiek atgriezta v\u0113l\u0101k nek\u0101 30 dienas p\u0113c pieg\u0101des.<\/li>\n<\/ul>\n\n<h2>Refunds<\/h2>\n\n<p>P\u0113c tam, kad atgriezt\u0101 prece b\u016bs sa\u0146emta un p\u0101rbaud\u012bta, m\u0113s nos\u016bt\u012bsim jums e-pastu, lai pazi\u0146otu, ka esam sa\u0146\u0113mu\u0161i j\u016bsu atgriezt\u0101s preces. M\u0113s jums ar\u012b pazi\u0146osim par atmaksas apstiprin\u0101\u0161anu vai noraid\u012b\u0161anu.<\/p>\n\n<p>Ja j\u016bsu atmaksa tiks apstiprin\u0101ta, atmaksa tiks apstr\u0101d\u0101ta un kred\u012bts tiks autom\u0101tiski p\u0101rskait\u012bts uz j\u016bsu kred\u012btkarti vai s\u0101kotn\u0113jo maks\u0101juma veidu noteiktu dienu laik\u0101.<\/p>\n\n<b>Late or missing refunds<\/b>\n\n<p>Ja v\u0113l neesat sa\u0146\u0113mis atmaksu, vispirms v\u0113lreiz p\u0101rbaudiet savu bankas kontu.<\/p>\n\n<p>P\u0113c tam sazinieties ar kred\u012btkartes uz\u0146\u0113mumu, jo var paiet zin\u0101ms laiks, l\u012bdz atmaksa tiks ofici\u0101li p\u0101rskait\u012bta.<\/p>\n\n<p>P\u0113c tam sazinieties ar savu banku. Bie\u017ei vien pirms atmaks\u0101\u0161ana tiek ieskait\u012bta, paiet zin\u0101ms apstr\u0101des laiks.<\/p>\n\n<p>Ja esat izdar\u012bjis visu iepriek\u0161min\u0113to, bet joproj\u0101m neesat sa\u0146\u0113mis atmaks\u0101to naudu, l\u016bdzu, sazinieties ar mums pa e-pastu {pasta adrese}.<\/p>\n\n<b>Sale items<\/b>\n\n<p>Atmaks\u0101t var tikai parast\u0101s cenas preces. Izp\u0101rdo\u0161anas preces nevar atmaks\u0101t.<\/p>\n\n<h2>Exchanges<\/h2>\n\n<p>M\u0113s main\u0101m preces tikai tad, ja t\u0101s ir boj\u0101tas vai boj\u0101tas. Ja v\u0113laties to apmain\u012bt pret t\u0101du pa\u0161u preci, s\u016btiet mums e-pastu uz {pasta adrese} un s\u016btiet savu preci uz: Nos\u016btiet savu s\u016bt\u012bjumu un nos\u016btiet to uz adresi: {fizisk\u0101 adrese}.<\/p>\n\n<h2>Gifts<\/h2>\n\n<p>Ja prece ieg\u0101des br\u012bd\u012b tika atz\u012bm\u0113ta k\u0101 d\u0101vana un nos\u016bt\u012bta tie\u0161i jums, j\u016bs sa\u0146emsiet d\u0101vanu kred\u012btu atgrie\u0161anas v\u0113rt\u012bbas apm\u0113r\u0101. P\u0113c atgriezt\u0101s preces sa\u0146em\u0161anas jums tiks nos\u016bt\u012bts d\u0101vanu sertifik\u0101ts.<\/p>\n\n<p>Ja prece ieg\u0101des br\u012bd\u012b nebija mar\u0137\u0113ta k\u0101 d\u0101vana vai ja d\u0101vanas dev\u0113js pas\u016bt\u012bjumu nos\u016bt\u012bja sev, lai v\u0113l\u0101k to nodotu jums, m\u0113s nos\u016bt\u012bsim naudu atpaka\u013c d\u0101vanas dev\u0113jam, un vi\u0146\u0161 uzzin\u0101s par j\u016bsu atgrie\u0161anu.<\/p>\n\n<h2>Shipping returns<\/h2>\n\n<p>Lai atdotu produktu, jums tas j\u0101nos\u016bta pa pastu uz \u0161\u0101du adresi: Ja s\u016bt\u012bjums nav nos\u016bt\u012bts, s\u016btiet s\u016bt\u012bjumu atpaka\u013c: {fizisk\u0101 adrese}.<\/p>\n\n<p>Jums pa\u0161am b\u016bs j\u0101sedz s\u016bt\u012b\u0161anas izmaksas, kas saist\u012btas ar preces atgrie\u0161anu. Pieg\u0101des izmaksas nav atmaks\u0101jamas. Ja jums tiks atmaks\u0101ta nauda, no atmaks\u0101t\u0101s naudas tiks atskait\u012btas atpaka\u013cnos\u016bt\u012b\u0161anas izmaksas.<\/p>\n\n<p>Atkar\u012bb\u0101 no j\u016bsu dz\u012bvesvietas var at\u0161\u0137irties laiks, kas nepiecie\u0161ams, lai j\u016bsu apmain\u012btais produkts j\u016bs sasniegtu.<\/p>\n\n<p>Ja atgrie\u017eat d\u0101rg\u0101kas preces, varat apsv\u0113rt iesp\u0113ju izmantot izsekojamu pieg\u0101des pakalpojumu vai ieg\u0101d\u0101ties pieg\u0101des apdro\u0161in\u0101\u0161anu. M\u0113s negarant\u0113jam, ka sa\u0146emsim j\u016bsu atgriezto preci.<\/p>\n\n<h2>Need help?<\/h2>\n\n<p>Jaut\u0101jumus par naudas atmaksu un atgrie\u0161anu var uzdot, rakstot mums uz e-pasta adresi {email}.<\/p>\n","protected":false},"excerpt":{"rendered":"<p>\u0160\u012b ir parauga lapa. Overview M\u016bsu atmaksas un atgrie\u0161anas politika ilgst 30 dienas. Ja kop\u0161 pirkuma ir pag\u0101ju\u0161as 30 dienas, m\u0113s nevaram jums pied\u0101v\u0101t pilnu kompens\u0101ciju vai apmai\u0146u. Lai preci var\u0113tu atgriezt, tai j\u0101b\u016bt neizmantotai un t\u0101d\u0101 pa\u0161\u0101 st\u0101vokl\u012b, k\u0101d\u0101 to sa\u0146\u0113m\u0101t. Tam j\u0101b\u016bt ar\u012b ori\u0123in\u0101laj\u0101 iepakojum\u0101. Vair\u0101ki pre\u010du veidi ir atbr\u012bvoti no atgrie\u0161anas. \u0100tri [&hellip;]<\/p>\n","protected":false},"author":1,"featured_media":0,"parent":0,"menu_order":0,"comment_status":"closed","ping_status":"closed","template":"","meta":{"footnotes":""},"class_list":["post-4220","page","type-page","status-publish","has-post-thumbnail","hentry"],"yoast_head":"<!-- This site is optimized with the Yoast SEO plugin v27.1.1 - https:\/\/yoast.com\/product\/yoast-seo-wordpress\/ -->\n<title>Atgrie\u0161anas politika - \u041e\u0442\u0434\u044b\u0445 \u0418\u0442\u0430\u043b\u0438\u044f<\/title>\n<meta name=\"robots\" content=\"index, follow, max-snippet:-1, max-image-preview:large, max-video-preview:-1\" \/>\n<link rel=\"canonical\" href=\"https:\/\/www.otdihitalia.com\/lv\/atgriesanas-politika\/\" \/>\n<meta property=\"og:locale\" content=\"lv_LV\" \/>\n<meta property=\"og:type\" content=\"article\" \/>\n<meta property=\"og:title\" content=\"Atgrie\u0161anas politika - \u041e\u0442\u0434\u044b\u0445 \u0418\u0442\u0430\u043b\u0438\u044f\" \/>\n<meta property=\"og:description\" content=\"\u0160\u012b ir parauga lapa. Overview M\u016bsu atmaksas un atgrie\u0161anas politika ilgst 30 dienas. Ja kop\u0161 pirkuma ir pag\u0101ju\u0161as 30 dienas, m\u0113s nevaram jums pied\u0101v\u0101t pilnu kompens\u0101ciju vai apmai\u0146u. Lai preci var\u0113tu atgriezt, tai j\u0101b\u016bt neizmantotai un t\u0101d\u0101 pa\u0161\u0101 st\u0101vokl\u012b, k\u0101d\u0101 to sa\u0146\u0113m\u0101t. Tam j\u0101b\u016bt ar\u012b ori\u0123in\u0101laj\u0101 iepakojum\u0101. Vair\u0101ki pre\u010du veidi ir atbr\u012bvoti no atgrie\u0161anas. \u0100tri [&hellip;]\" \/>\n<meta property=\"og:url\" content=\"https:\/\/www.otdihitalia.com\/lv\/atgriesanas-politika\/\" \/>\n<meta property=\"og:site_name\" content=\"\u041e\u0442\u0434\u044b\u0445 \u0418\u0442\u0430\u043b\u0438\u044f\" \/>\n<meta property=\"article:modified_time\" content=\"2023-11-20T15:00:50+00:00\" \/>\n<meta name=\"twitter:card\" content=\"summary_large_image\" \/>\n<meta name=\"twitter:label1\" content=\"Est. reading time\" \/>\n\t<meta name=\"twitter:data1\" content=\"4 minutes\" \/>\n<script type=\"application\/ld+json\" class=\"yoast-schema-graph\">{\"@context\":\"https:\/\/schema.org\",\"@graph\":[{\"@type\":\"WebPage\",\"@id\":\"https:\/\/www.otdihitalia.com\/lv\/atgriesanas-politika\/\",\"url\":\"https:\/\/www.otdihitalia.com\/lv\/atgriesanas-politika\/\",\"name\":\"Atgrie\u0161anas politika - \u041e\u0442\u0434\u044b\u0445 \u0418\u0442\u0430\u043b\u0438\u044f\",\"isPartOf\":{\"@id\":\"https:\/\/www.otdihitalia.com\/lv\/#website\"},\"datePublished\":\"2023-09-25T08:03:57+00:00\",\"dateModified\":\"2023-11-20T15:00:50+00:00\",\"breadcrumb\":{\"@id\":\"https:\/\/www.otdihitalia.com\/lv\/atgriesanas-politika\/#breadcrumb\"},\"inLanguage\":\"lv-LV\",\"potentialAction\":[{\"@type\":\"ReadAction\",\"target\":[\"https:\/\/www.otdihitalia.com\/lv\/atgriesanas-politika\/\"]}]},{\"@type\":\"BreadcrumbList\",\"@id\":\"https:\/\/www.otdihitalia.com\/lv\/atgriesanas-politika\/#breadcrumb\",\"itemListElement\":[{\"@type\":\"ListItem\",\"position\":1,\"name\":\"\u0413\u043b\u0430\u0432\u043d\u0430\u044f \u0441\u0442\u0440\u0430\u043d\u0438\u0446\u0430\",\"item\":\"https:\/\/www.otdihitalia.com\/lv\/sakumlapa\/\"},{\"@type\":\"ListItem\",\"position\":2,\"name\":\"Atgrie\u0161anas politika\"}]},{\"@type\":\"WebSite\",\"@id\":\"https:\/\/www.otdihitalia.com\/lv\/#website\",\"url\":\"https:\/\/www.otdihitalia.com\/lv\/\",\"name\":\"\u041e\u0442\u0434\u044b\u0445 \u0418\u0442\u0430\u043b\u0438\u044f\",\"description\":\"\u042d\u043a\u0441\u043a\u0443\u0440\u0441\u0438\u0438 \u0438\u0437 \u0420\u0438\u043c\u0438\u043d\u0438 \u043d\u0430 \u043b\u044e\u0431\u043e\u0439 \u0432\u043a\u0443\u0441\",\"publisher\":{\"@id\":\"https:\/\/www.otdihitalia.com\/lv\/#organization\"},\"potentialAction\":[{\"@type\":\"SearchAction\",\"target\":{\"@type\":\"EntryPoint\",\"urlTemplate\":\"https:\/\/www.otdihitalia.com\/lv\/?s={search_term_string}\"},\"query-input\":{\"@type\":\"PropertyValueSpecification\",\"valueRequired\":true,\"valueName\":\"search_term_string\"}}],\"inLanguage\":\"lv-LV\"},{\"@type\":\"Organization\",\"@id\":\"https:\/\/www.otdihitalia.com\/lv\/#organization\",\"name\":\"OtdihItalia\",\"url\":\"https:\/\/www.otdihitalia.com\/lv\/\",\"logo\":{\"@type\":\"ImageObject\",\"inLanguage\":\"lv-LV\",\"@id\":\"https:\/\/www.otdihitalia.com\/lv\/#\/schema\/logo\/image\/\",\"url\":\"https:\/\/www.otdihitalia.com\/wp-content\/uploads\/2022\/09\/logo-otdihitalia.png\",\"contentUrl\":\"https:\/\/www.otdihitalia.com\/wp-content\/uploads\/2022\/09\/logo-otdihitalia.png\",\"width\":388,\"height\":208,\"caption\":\"OtdihItalia\"},\"image\":{\"@id\":\"https:\/\/www.otdihitalia.com\/lv\/#\/schema\/logo\/image\/\"}}]}<\/script>\n<!-- \/ Yoast SEO plugin. -->","yoast_head_json":{"title":"Atgrie\u0161anas politika - \u041e\u0442\u0434\u044b\u0445 \u0418\u0442\u0430\u043b\u0438\u044f","robots":{"index":"index","follow":"follow","max-snippet":"max-snippet:-1","max-image-preview":"max-image-preview:large","max-video-preview":"max-video-preview:-1"},"canonical":"https:\/\/www.otdihitalia.com\/lv\/atgriesanas-politika\/","og_locale":"lv_LV","og_type":"article","og_title":"Atgrie\u0161anas politika - \u041e\u0442\u0434\u044b\u0445 \u0418\u0442\u0430\u043b\u0438\u044f","og_description":"\u0160\u012b ir parauga lapa. Overview M\u016bsu atmaksas un atgrie\u0161anas politika ilgst 30 dienas. Ja kop\u0161 pirkuma ir pag\u0101ju\u0161as 30 dienas, m\u0113s nevaram jums pied\u0101v\u0101t pilnu kompens\u0101ciju vai apmai\u0146u. Lai preci var\u0113tu atgriezt, tai j\u0101b\u016bt neizmantotai un t\u0101d\u0101 pa\u0161\u0101 st\u0101vokl\u012b, k\u0101d\u0101 to sa\u0146\u0113m\u0101t. Tam j\u0101b\u016bt ar\u012b ori\u0123in\u0101laj\u0101 iepakojum\u0101. Vair\u0101ki pre\u010du veidi ir atbr\u012bvoti no atgrie\u0161anas. \u0100tri [&hellip;]","og_url":"https:\/\/www.otdihitalia.com\/lv\/atgriesanas-politika\/","og_site_name":"\u041e\u0442\u0434\u044b\u0445 \u0418\u0442\u0430\u043b\u0438\u044f","article_modified_time":"2023-11-20T15:00:50+00:00","twitter_card":"summary_large_image","twitter_misc":{"Est. reading time":"4 minutes"},"schema":{"@context":"https:\/\/schema.org","@graph":[{"@type":"WebPage","@id":"https:\/\/www.otdihitalia.com\/lv\/atgriesanas-politika\/","url":"https:\/\/www.otdihitalia.com\/lv\/atgriesanas-politika\/","name":"Atgrie\u0161anas politika - \u041e\u0442\u0434\u044b\u0445 \u0418\u0442\u0430\u043b\u0438\u044f","isPartOf":{"@id":"https:\/\/www.otdihitalia.com\/lv\/#website"},"datePublished":"2023-09-25T08:03:57+00:00","dateModified":"2023-11-20T15:00:50+00:00","breadcrumb":{"@id":"https:\/\/www.otdihitalia.com\/lv\/atgriesanas-politika\/#breadcrumb"},"inLanguage":"lv-LV","potentialAction":[{"@type":"ReadAction","target":["https:\/\/www.otdihitalia.com\/lv\/atgriesanas-politika\/"]}]},{"@type":"BreadcrumbList","@id":"https:\/\/www.otdihitalia.com\/lv\/atgriesanas-politika\/#breadcrumb","itemListElement":[{"@type":"ListItem","position":1,"name":"\u0413\u043b\u0430\u0432\u043d\u0430\u044f \u0441\u0442\u0440\u0430\u043d\u0438\u0446\u0430","item":"https:\/\/www.otdihitalia.com\/lv\/sakumlapa\/"},{"@type":"ListItem","position":2,"name":"Atgrie\u0161anas politika"}]},{"@type":"WebSite","@id":"https:\/\/www.otdihitalia.com\/lv\/#website","url":"https:\/\/www.otdihitalia.com\/lv\/","name":"\u041e\u0442\u0434\u044b\u0445 \u0418\u0442\u0430\u043b\u0438\u044f","description":"\u042d\u043a\u0441\u043a\u0443\u0440\u0441\u0438\u0438 \u0438\u0437 \u0420\u0438\u043c\u0438\u043d\u0438 \u043d\u0430 \u043b\u044e\u0431\u043e\u0439 \u0432\u043a\u0443\u0441","publisher":{"@id":"https:\/\/www.otdihitalia.com\/lv\/#organization"},"potentialAction":[{"@type":"SearchAction","target":{"@type":"EntryPoint","urlTemplate":"https:\/\/www.otdihitalia.com\/lv\/?s={search_term_string}"},"query-input":{"@type":"PropertyValueSpecification","valueRequired":true,"valueName":"search_term_string"}}],"inLanguage":"lv-LV"},{"@type":"Organization","@id":"https:\/\/www.otdihitalia.com\/lv\/#organization","name":"OtdihItalia","url":"https:\/\/www.otdihitalia.com\/lv\/","logo":{"@type":"ImageObject","inLanguage":"lv-LV","@id":"https:\/\/www.otdihitalia.com\/lv\/#\/schema\/logo\/image\/","url":"https:\/\/www.otdihitalia.com\/wp-content\/uploads\/2022\/09\/logo-otdihitalia.png","contentUrl":"https:\/\/www.otdihitalia.com\/wp-content\/uploads\/2022\/09\/logo-otdihitalia.png","width":388,"height":208,"caption":"OtdihItalia"},"image":{"@id":"https:\/\/www.otdihitalia.com\/lv\/#\/schema\/logo\/image\/"}}]}},"_links":{"self":[{"href":"https:\/\/www.otdihitalia.com\/lv\/wp-json\/wp\/v2\/pages\/4220","targetHints":{"allow":["GET"]}}],"collection":[{"href":"https:\/\/www.otdihitalia.com\/lv\/wp-json\/wp\/v2\/pages"}],"about":[{"href":"https:\/\/www.otdihitalia.com\/lv\/wp-json\/wp\/v2\/types\/page"}],"author":[{"embeddable":true,"href":"https:\/\/www.otdihitalia.com\/lv\/wp-json\/wp\/v2\/users\/1"}],"replies":[{"embeddable":true,"href":"https:\/\/www.otdihitalia.com\/lv\/wp-json\/wp\/v2\/comments?post=4220"}],"version-history":[{"count":3,"href":"https:\/\/www.otdihitalia.com\/lv\/wp-json\/wp\/v2\/pages\/4220\/revisions"}],"predecessor-version":[{"id":5864,"href":"https:\/\/www.otdihitalia.com\/lv\/wp-json\/wp\/v2\/pages\/4220\/revisions\/5864"}],"wp:attachment":[{"href":"https:\/\/www.otdihitalia.com\/lv\/wp-json\/wp\/v2\/media?parent=4220"}],"curies":[{"name":"wp","href":"https:\/\/api.w.org\/{rel}","templated":true}]}}