{"id":4391,"date":"2022-09-29T21:22:12","date_gmt":"2022-09-29T19:22:12","guid":{"rendered":"https:\/\/www.otdihitalia.com\/celojuma-rezervesana-no-rimini\/"},"modified":"2023-09-25T10:04:03","modified_gmt":"2023-09-25T08:04:03","slug":"celojuma-rezervesana-no-rimini","status":"publish","type":"page","link":"https:\/\/www.otdihitalia.com\/lv\/celojuma-rezervesana-no-rimini\/","title":{"rendered":"Ce\u013cojuma rezerv\u0113\u0161ana no Rimini"},"content":{"rendered":"\t\t<div data-elementor-type=\"wp-page\" data-elementor-id=\"4391\" class=\"elementor elementor-4391 elementor-476\" data-elementor-post-type=\"page\">\n\t\t\t\t\t\t<section class=\"elementor-section elementor-top-section elementor-element elementor-element-efbd09e elementor-section-boxed elementor-section-height-default elementor-section-height-default\" data-id=\"efbd09e\" data-element_type=\"section\" data-e-type=\"section\">\n\t\t\t\t\t\t<div class=\"elementor-container elementor-column-gap-default\">\n\t\t\t\t\t<div class=\"elementor-column elementor-col-100 elementor-top-column elementor-element elementor-element-c425640\" data-id=\"c425640\" data-element_type=\"column\" data-e-type=\"column\">\n\t\t\t<div class=\"elementor-widget-wrap elementor-element-populated\">\n\t\t\t\t\t\t<div class=\"elementor-element elementor-element-e4871b2 elementor-widget elementor-widget-text-editor\" data-id=\"e4871b2\" data-element_type=\"widget\" data-e-type=\"widget\" data-widget_type=\"text-editor.default\">\n\t\t\t\t<div class=\"elementor-widget-container\">\n\t\t\t\t\t\t\t\t\t<p>M\u0113s pie\u0146emam pas\u016bt\u012bjumus Viber\/Whats App \u0101trai atbildei pa t\u0101lruni<\/p>\n<p><strong><a href=\"tel:+393454687870\">+39 3454687870<\/a> Inessa (ekskursijas)<\/strong><\/p>\n<p><strong><a href=\"tel:+393921217653\">+39 3921217653<\/a> Eugene (iepirk\u0161an\u0101s t\u016bres)<\/strong><\/p>\n<p>Vai ar\u012b varat piezvan\u012bt mums pa t\u0101lru\u0146a numuriem:<\/p>\n<p><strong>+7 (499) 390-94-01  <\/strong><\/p>\n<p><strong>+7 (929) 918-93-42<\/strong><\/p>\n<p>Vai rakstiet v\u0113stuli uz:<\/p>\n<p><strong><a href=\"mailto:otdihitalia@mail.ru\">otdihitalia@mail.ru<\/a><\/strong><\/p>\n<p>Skype: otdihitalia<\/p>\n\t\t\t\t\t\t\t\t<\/div>\n\t\t\t\t<\/div>\n\t\t\t\t\t<\/div>\n\t\t<\/div>\n\t\t\t\t\t<\/div>\n\t\t<\/section>\n\t\t\t\t<\/div>\n\t\t","protected":false},"excerpt":{"rendered":"<p>M\u0113s pie\u0146emam pas\u016bt\u012bjumus Viber\/Whats App \u0101trai atbildei pa t\u0101lruni +39 3454687870 Inessa (ekskursijas) +39 3921217653 Eugene (iepirk\u0161an\u0101s t\u016bres) Vai ar\u012b varat piezvan\u012bt mums pa t\u0101lru\u0146a numuriem: +7 (499) 390-94-01 +7 (929) 918-93-42 Vai rakstiet v\u0113stuli uz: otdihitalia@mail.ru Skype: otdihitalia<\/p>\n","protected":false},"author":1,"featured_media":0,"parent":0,"menu_order":0,"comment_status":"closed","ping_status":"closed","template":"","meta":{"footnotes":""},"class_list":["post-4391","page","type-page","status-publish","has-post-thumbnail","hentry"],"yoast_head":"<!-- This site is optimized with the Yoast SEO plugin v27.1.1 - https:\/\/yoast.com\/product\/yoast-seo-wordpress\/ -->\n<title>Ce\u013cojuma rezerv\u0113\u0161ana no Rimini<\/title>\n<meta name=\"description\" content=\"Ekskursijas no Rimini: Otdihitalia m\u0101jas lap\u0101 Otdihitalia t\u016brisma komp\u0101nijas Testene j\u016bs atrad\u012bsiet viesn\u012bcas foto transf\u0113rs iepirk\u0161an\u0101s parki Rimini Riccione Cattolica It\u0101lij\u0101.\" \/>\n<meta name=\"robots\" content=\"index, follow, max-snippet:-1, max-image-preview:large, max-video-preview:-1\" \/>\n<link rel=\"canonical\" href=\"https:\/\/www.otdihitalia.com\/lv\/celojuma-rezervesana-no-rimini\/\" \/>\n<meta property=\"og:locale\" content=\"lv_LV\" \/>\n<meta property=\"og:type\" content=\"article\" \/>\n<meta property=\"og:title\" content=\"Ce\u013cojuma rezerv\u0113\u0161ana no Rimini\" \/>\n<meta property=\"og:description\" content=\"Ekskursijas no Rimini: Otdihitalia m\u0101jas lap\u0101 Otdihitalia t\u016brisma komp\u0101nijas Testene j\u016bs atrad\u012bsiet viesn\u012bcas foto transf\u0113rs iepirk\u0161an\u0101s parki Rimini Riccione Cattolica It\u0101lij\u0101.\" \/>\n<meta property=\"og:url\" content=\"https:\/\/www.otdihitalia.com\/lv\/celojuma-rezervesana-no-rimini\/\" \/>\n<meta property=\"og:site_name\" content=\"\u041e\u0442\u0434\u044b\u0445 \u0418\u0442\u0430\u043b\u0438\u044f\" \/>\n<meta property=\"article:modified_time\" content=\"2023-09-25T08:04:03+00:00\" \/>\n<meta name=\"twitter:card\" content=\"summary_large_image\" \/>\n<script type=\"application\/ld+json\" class=\"yoast-schema-graph\">{\"@context\":\"https:\/\/schema.org\",\"@graph\":[{\"@type\":\"WebPage\",\"@id\":\"https:\/\/www.otdihitalia.com\/lv\/celojuma-rezervesana-no-rimini\/\",\"url\":\"https:\/\/www.otdihitalia.com\/lv\/celojuma-rezervesana-no-rimini\/\",\"name\":\"Ce\u013cojuma rezerv\u0113\u0161ana no Rimini\",\"isPartOf\":{\"@id\":\"https:\/\/www.otdihitalia.com\/lv\/#website\"},\"datePublished\":\"2022-09-29T19:22:12+00:00\",\"dateModified\":\"2023-09-25T08:04:03+00:00\",\"description\":\"Ekskursijas no Rimini: Otdihitalia m\u0101jas lap\u0101 Otdihitalia t\u016brisma komp\u0101nijas Testene j\u016bs atrad\u012bsiet viesn\u012bcas foto transf\u0113rs iepirk\u0161an\u0101s parki Rimini Riccione Cattolica It\u0101lij\u0101.\",\"breadcrumb\":{\"@id\":\"https:\/\/www.otdihitalia.com\/lv\/celojuma-rezervesana-no-rimini\/#breadcrumb\"},\"inLanguage\":\"lv-LV\",\"potentialAction\":[{\"@type\":\"ReadAction\",\"target\":[\"https:\/\/www.otdihitalia.com\/lv\/celojuma-rezervesana-no-rimini\/\"]}]},{\"@type\":\"BreadcrumbList\",\"@id\":\"https:\/\/www.otdihitalia.com\/lv\/celojuma-rezervesana-no-rimini\/#breadcrumb\",\"itemListElement\":[{\"@type\":\"ListItem\",\"position\":1,\"name\":\"\u0413\u043b\u0430\u0432\u043d\u0430\u044f \u0441\u0442\u0440\u0430\u043d\u0438\u0446\u0430\",\"item\":\"https:\/\/www.otdihitalia.com\/lv\/sakumlapa\/\"},{\"@type\":\"ListItem\",\"position\":2,\"name\":\"Ce\u013cojuma rezerv\u0113\u0161ana no Rimini\"}]},{\"@type\":\"WebSite\",\"@id\":\"https:\/\/www.otdihitalia.com\/lv\/#website\",\"url\":\"https:\/\/www.otdihitalia.com\/lv\/\",\"name\":\"\u041e\u0442\u0434\u044b\u0445 \u0418\u0442\u0430\u043b\u0438\u044f\",\"description\":\"\u042d\u043a\u0441\u043a\u0443\u0440\u0441\u0438\u0438 \u0438\u0437 \u0420\u0438\u043c\u0438\u043d\u0438 \u043d\u0430 \u043b\u044e\u0431\u043e\u0439 \u0432\u043a\u0443\u0441\",\"publisher\":{\"@id\":\"https:\/\/www.otdihitalia.com\/lv\/#organization\"},\"potentialAction\":[{\"@type\":\"SearchAction\",\"target\":{\"@type\":\"EntryPoint\",\"urlTemplate\":\"https:\/\/www.otdihitalia.com\/lv\/?s={search_term_string}\"},\"query-input\":{\"@type\":\"PropertyValueSpecification\",\"valueRequired\":true,\"valueName\":\"search_term_string\"}}],\"inLanguage\":\"lv-LV\"},{\"@type\":\"Organization\",\"@id\":\"https:\/\/www.otdihitalia.com\/lv\/#organization\",\"name\":\"OtdihItalia\",\"url\":\"https:\/\/www.otdihitalia.com\/lv\/\",\"logo\":{\"@type\":\"ImageObject\",\"inLanguage\":\"lv-LV\",\"@id\":\"https:\/\/www.otdihitalia.com\/lv\/#\/schema\/logo\/image\/\",\"url\":\"https:\/\/www.otdihitalia.com\/wp-content\/uploads\/2022\/09\/logo-otdihitalia.png\",\"contentUrl\":\"https:\/\/www.otdihitalia.com\/wp-content\/uploads\/2022\/09\/logo-otdihitalia.png\",\"width\":388,\"height\":208,\"caption\":\"OtdihItalia\"},\"image\":{\"@id\":\"https:\/\/www.otdihitalia.com\/lv\/#\/schema\/logo\/image\/\"}}]}<\/script>\n<!-- \/ Yoast SEO plugin. -->","yoast_head_json":{"title":"Ce\u013cojuma rezerv\u0113\u0161ana no Rimini","description":"Ekskursijas no Rimini: Otdihitalia m\u0101jas lap\u0101 Otdihitalia t\u016brisma komp\u0101nijas Testene j\u016bs atrad\u012bsiet viesn\u012bcas foto transf\u0113rs iepirk\u0161an\u0101s parki Rimini Riccione Cattolica It\u0101lij\u0101.","robots":{"index":"index","follow":"follow","max-snippet":"max-snippet:-1","max-image-preview":"max-image-preview:large","max-video-preview":"max-video-preview:-1"},"canonical":"https:\/\/www.otdihitalia.com\/lv\/celojuma-rezervesana-no-rimini\/","og_locale":"lv_LV","og_type":"article","og_title":"Ce\u013cojuma rezerv\u0113\u0161ana no Rimini","og_description":"Ekskursijas no Rimini: Otdihitalia m\u0101jas lap\u0101 Otdihitalia t\u016brisma komp\u0101nijas Testene j\u016bs atrad\u012bsiet viesn\u012bcas foto transf\u0113rs iepirk\u0161an\u0101s parki Rimini Riccione Cattolica It\u0101lij\u0101.","og_url":"https:\/\/www.otdihitalia.com\/lv\/celojuma-rezervesana-no-rimini\/","og_site_name":"\u041e\u0442\u0434\u044b\u0445 \u0418\u0442\u0430\u043b\u0438\u044f","article_modified_time":"2023-09-25T08:04:03+00:00","twitter_card":"summary_large_image","schema":{"@context":"https:\/\/schema.org","@graph":[{"@type":"WebPage","@id":"https:\/\/www.otdihitalia.com\/lv\/celojuma-rezervesana-no-rimini\/","url":"https:\/\/www.otdihitalia.com\/lv\/celojuma-rezervesana-no-rimini\/","name":"Ce\u013cojuma rezerv\u0113\u0161ana no Rimini","isPartOf":{"@id":"https:\/\/www.otdihitalia.com\/lv\/#website"},"datePublished":"2022-09-29T19:22:12+00:00","dateModified":"2023-09-25T08:04:03+00:00","description":"Ekskursijas no Rimini: Otdihitalia m\u0101jas lap\u0101 Otdihitalia t\u016brisma komp\u0101nijas Testene j\u016bs atrad\u012bsiet viesn\u012bcas foto transf\u0113rs iepirk\u0161an\u0101s parki Rimini Riccione Cattolica It\u0101lij\u0101.","breadcrumb":{"@id":"https:\/\/www.otdihitalia.com\/lv\/celojuma-rezervesana-no-rimini\/#breadcrumb"},"inLanguage":"lv-LV","potentialAction":[{"@type":"ReadAction","target":["https:\/\/www.otdihitalia.com\/lv\/celojuma-rezervesana-no-rimini\/"]}]},{"@type":"BreadcrumbList","@id":"https:\/\/www.otdihitalia.com\/lv\/celojuma-rezervesana-no-rimini\/#breadcrumb","itemListElement":[{"@type":"ListItem","position":1,"name":"\u0413\u043b\u0430\u0432\u043d\u0430\u044f \u0441\u0442\u0440\u0430\u043d\u0438\u0446\u0430","item":"https:\/\/www.otdihitalia.com\/lv\/sakumlapa\/"},{"@type":"ListItem","position":2,"name":"Ce\u013cojuma rezerv\u0113\u0161ana no Rimini"}]},{"@type":"WebSite","@id":"https:\/\/www.otdihitalia.com\/lv\/#website","url":"https:\/\/www.otdihitalia.com\/lv\/","name":"\u041e\u0442\u0434\u044b\u0445 \u0418\u0442\u0430\u043b\u0438\u044f","description":"\u042d\u043a\u0441\u043a\u0443\u0440\u0441\u0438\u0438 \u0438\u0437 \u0420\u0438\u043c\u0438\u043d\u0438 \u043d\u0430 \u043b\u044e\u0431\u043e\u0439 \u0432\u043a\u0443\u0441","publisher":{"@id":"https:\/\/www.otdihitalia.com\/lv\/#organization"},"potentialAction":[{"@type":"SearchAction","target":{"@type":"EntryPoint","urlTemplate":"https:\/\/www.otdihitalia.com\/lv\/?s={search_term_string}"},"query-input":{"@type":"PropertyValueSpecification","valueRequired":true,"valueName":"search_term_string"}}],"inLanguage":"lv-LV"},{"@type":"Organization","@id":"https:\/\/www.otdihitalia.com\/lv\/#organization","name":"OtdihItalia","url":"https:\/\/www.otdihitalia.com\/lv\/","logo":{"@type":"ImageObject","inLanguage":"lv-LV","@id":"https:\/\/www.otdihitalia.com\/lv\/#\/schema\/logo\/image\/","url":"https:\/\/www.otdihitalia.com\/wp-content\/uploads\/2022\/09\/logo-otdihitalia.png","contentUrl":"https:\/\/www.otdihitalia.com\/wp-content\/uploads\/2022\/09\/logo-otdihitalia.png","width":388,"height":208,"caption":"OtdihItalia"},"image":{"@id":"https:\/\/www.otdihitalia.com\/lv\/#\/schema\/logo\/image\/"}}]}},"_links":{"self":[{"href":"https:\/\/www.otdihitalia.com\/lv\/wp-json\/wp\/v2\/pages\/4391","targetHints":{"allow":["GET"]}}],"collection":[{"href":"https:\/\/www.otdihitalia.com\/lv\/wp-json\/wp\/v2\/pages"}],"about":[{"href":"https:\/\/www.otdihitalia.com\/lv\/wp-json\/wp\/v2\/types\/page"}],"author":[{"embeddable":true,"href":"https:\/\/www.otdihitalia.com\/lv\/wp-json\/wp\/v2\/users\/1"}],"replies":[{"embeddable":true,"href":"https:\/\/www.otdihitalia.com\/lv\/wp-json\/wp\/v2\/comments?post=4391"}],"version-history":[{"count":2,"href":"https:\/\/www.otdihitalia.com\/lv\/wp-json\/wp\/v2\/pages\/4391\/revisions"}],"predecessor-version":[{"id":4397,"href":"https:\/\/www.otdihitalia.com\/lv\/wp-json\/wp\/v2\/pages\/4391\/revisions\/4397"}],"wp:attachment":[{"href":"https:\/\/www.otdihitalia.com\/lv\/wp-json\/wp\/v2\/media?parent=4391"}],"curies":[{"name":"wp","href":"https:\/\/api.w.org\/{rel}","templated":true}]}}