{"id":4412,"date":"2022-09-27T17:30:48","date_gmt":"2022-09-27T15:30:48","guid":{"rendered":"https:\/\/www.otdihitalia.com\/par-mums\/"},"modified":"2023-09-25T10:04:05","modified_gmt":"2023-09-25T08:04:05","slug":"par-mums","status":"publish","type":"page","link":"https:\/\/www.otdihitalia.com\/lv\/par-mums\/","title":{"rendered":"Par mums"},"content":{"rendered":"\t\t<div data-elementor-type=\"wp-page\" data-elementor-id=\"4412\" class=\"elementor elementor-4412 elementor-205\" data-elementor-post-type=\"page\">\n\t\t\t\t\t\t<section class=\"elementor-section elementor-top-section elementor-element elementor-element-30c438c1 elementor-reverse-mobile elementor-section-boxed elementor-section-height-default elementor-section-height-default\" data-id=\"30c438c1\" data-element_type=\"section\" data-e-type=\"section\">\n\t\t\t\t\t\t<div class=\"elementor-container elementor-column-gap-wider\">\n\t\t\t\t\t<div class=\"elementor-column elementor-col-100 elementor-top-column elementor-element elementor-element-1a8ef194\" data-id=\"1a8ef194\" data-element_type=\"column\" data-e-type=\"column\">\n\t\t\t<div class=\"elementor-widget-wrap elementor-element-populated\">\n\t\t\t\t\t\t<div class=\"elementor-element elementor-element-58fddf9b elementor-widget elementor-widget-text-editor\" data-id=\"58fddf9b\" data-element_type=\"widget\" data-e-type=\"widget\" data-widget_type=\"text-editor.default\">\n\t\t\t\t<div class=\"elementor-widget-container\">\n\t\t\t\t\t\t\t\t\t<p>T\u016brisma operators Testene, kas kop\u0161 2001. gada veiksm\u012bgi darbojas t\u016brisma tirg\u016b It\u0101lijas dienvidu piekrast\u0113, ir atv\u0113ris fili\u0101li Rimini, kur\u0101 str\u0101d\u0101 krieviski run\u0101jo\u0161i darbinieki, t\u0101d\u0113j\u0101di radot \u0113rt\u012bbas ikvienam t\u016bristam, kas v\u0113las jebkur\u0101 laik\u0101 ierasties m\u016bsu biroj\u0101, lai sa\u0146emtu t\u016brisma inform\u0101ciju, konsult\u0101ciju, ieg\u0101d\u0101tos ekskursijas.<\/p>\n<p>M\u016bsu komandu veido jauni un dinamiski cilv\u0113ki, kuri v\u0113las uzlabot pakalpojumus iebrauco\u0161ajiem t\u016bristiem. Nesen m\u0113s s\u0101k\u0101m str\u0101d\u0101t Sic\u012blijas sal\u0101, t.i. paz\u012bstam ar\u012b It\u0101lijas dienvidus, ar kuriem turpin\u0101m uztur\u0113t kontaktus, un jau vair\u0101k nek\u0101 8 gadus esam p\u0101rc\u0113lu\u0161ies uz Rimini, kur esam atv\u0113ru\u0161i savus birojus. M\u0113s apkalpojam visu l\u012bme\u0146u ce\u013cot\u0101jus, cen\u0161amies sniegt ikvienam nepiecie\u0161amo pakalpojumu, un mums jau ir labi nopeln\u012bta reput\u0101cija par kvalitat\u012bvu apkalpo\u0161anu.<\/p>\n<p>M\u0113s sadarbojamies ar da\u017e\u0101diem Krievijas un \u0101rvalstu t\u016broperatoriem un t\u016brisma a\u0123ent\u016br\u0101m, sniedzot tiem da\u017e\u0101dus ce\u013cojumu pakalpojumus, tostarp visus virszemes pakalpojumus: sagaid\u012b\u0161ana lidost\u0101, izmitin\u0101\u0161ana viesn\u012bc\u0101, grupu un individu\u0101l\u0101s apskates programmas It\u0101lij\u0101, iepirk\u0161an\u0101s, kravu nos\u016bt\u012b\u0161ana (cargo). M\u0113s piev\u0113r\u0161am lielu uzman\u012bbu kvalit\u0101tes kontrolei visos m\u016bsu sniegto pakalpojumu posmos. M\u0113s nestr\u0101d\u0101jam shematiski, bet savu darbu veicam ar 100% efektivit\u0101ti.<\/p>\n<p>M\u0113s augam, att\u012bst\u0101mies un labi str\u0101d\u0101jam, jo mums tas pat\u012bk!<\/p>\n<p>Pievienojieties mums!<\/p>\n\t\t\t\t\t\t\t\t<\/div>\n\t\t\t\t<\/div>\n\t\t\t\t<div class=\"elementor-element elementor-element-77ca491 elementor--h-position-center elementor--v-position-middle elementor-arrows-position-inside elementor-pagination-position-inside elementor-widget elementor-widget-slides\" data-id=\"77ca491\" data-element_type=\"widget\" data-e-type=\"widget\" data-settings=\"{&quot;navigation&quot;:&quot;both&quot;,&quot;autoplay&quot;:&quot;yes&quot;,&quot;pause_on_hover&quot;:&quot;yes&quot;,&quot;pause_on_interaction&quot;:&quot;yes&quot;,&quot;autoplay_speed&quot;:5000,&quot;infinite&quot;:&quot;yes&quot;,&quot;transition&quot;:&quot;slide&quot;,&quot;transition_speed&quot;:500}\" data-widget_type=\"slides.default\">\n\t\t\t\t<div class=\"elementor-widget-container\">\n\t\t\t\t\t\t\t\t\t<div class=\"elementor-swiper\">\n\t\t\t\t\t<div class=\"elementor-slides-wrapper elementor-main-swiper swiper\" role=\"region\" aria-roledescription=\"carousel\" aria-label=\"Slides\" dir=\"ltr\" data-animation=\"fadeInUp\">\n\t\t\t\t<div class=\"swiper-wrapper elementor-slides\">\n\t\t\t\t\t\t\t\t\t\t<div class=\"elementor-repeater-item-2c53fb0 swiper-slide\" role=\"group\" aria-roledescription=\"slide\"><div class=\"swiper-slide-bg elementor-ken-burns elementor-ken-burns--in\" role=\"img\" aria-label=\"gdemi5\"><\/div><div class=\"swiper-slide-inner\" ><div class=\"swiper-slide-contents\"><\/div><\/div><\/div><div class=\"elementor-repeater-item-0b49c2a swiper-slide\" role=\"group\" aria-roledescription=\"slide\"><div class=\"swiper-slide-bg elementor-ken-burns elementor-ken-burns--in\" role=\"img\" aria-label=\"gdemi6\"><\/div><div class=\"swiper-slide-inner\" ><div class=\"swiper-slide-contents\"><\/div><\/div><\/div>\t\t\t\t<\/div>\n\t\t\t\t\t\t\t\t\t\t\t\t\t\t\t<div class=\"elementor-swiper-button elementor-swiper-button-prev\" role=\"button\" tabindex=\"0\" aria-label=\"Previous slide\">\n\t\t\t\t\t\t\t<i aria-hidden=\"true\" class=\"eicon-chevron-left\"><\/i>\t\t\t\t\t\t<\/div>\n\t\t\t\t\t\t<div class=\"elementor-swiper-button elementor-swiper-button-next\" role=\"button\" tabindex=\"0\" aria-label=\"Next slide\">\n\t\t\t\t\t\t\t<i aria-hidden=\"true\" class=\"eicon-chevron-right\"><\/i>\t\t\t\t\t\t<\/div>\n\t\t\t\t\t\t\t\t\t\t\t\t\t\t\t\t<div class=\"swiper-pagination\"><\/div>\n\t\t\t\t\t\t\t\t\t\t\t\t<\/div>\n\t\t\t\t<\/div>\n\t\t\t\t\t\t\t\t<\/div>\n\t\t\t\t<\/div>\n\t\t\t\t<div class=\"elementor-element elementor-element-48b8e9f elementor-widget elementor-widget-heading\" data-id=\"48b8e9f\" data-element_type=\"widget\" data-e-type=\"widget\" data-widget_type=\"heading.default\">\n\t\t\t\t<div class=\"elementor-widget-container\">\n\t\t\t\t\t<div class=\"elementor-heading-title elementor-size-default\">M\u0113s atrodamies 11. autobusa mar\u0161ruta 15., 11. un 26. pietur\u0101.\n\n<\/div>\t\t\t\t<\/div>\n\t\t\t\t<\/div>\n\t\t\t\t\t<\/div>\n\t\t<\/div>\n\t\t\t\t\t<\/div>\n\t\t<\/section>\n\t\t\t\t<\/div>\n\t\t","protected":false},"excerpt":{"rendered":"<p>T\u016brisma operators Testene, kas kop\u0161 2001. gada veiksm\u012bgi darbojas t\u016brisma tirg\u016b It\u0101lijas dienvidu piekrast\u0113, ir atv\u0113ris fili\u0101li Rimini, kur\u0101 str\u0101d\u0101 krieviski run\u0101jo\u0161i darbinieki, t\u0101d\u0113j\u0101di radot \u0113rt\u012bbas ikvienam t\u016bristam, kas v\u0113las jebkur\u0101 laik\u0101 ierasties m\u016bsu biroj\u0101, lai sa\u0146emtu t\u016brisma inform\u0101ciju, konsult\u0101ciju, ieg\u0101d\u0101tos ekskursijas. M\u016bsu komandu veido jauni un dinamiski cilv\u0113ki, kuri v\u0113las uzlabot pakalpojumus iebrauco\u0161ajiem t\u016bristiem. [&hellip;]<\/p>\n","protected":false},"author":1,"featured_media":0,"parent":0,"menu_order":0,"comment_status":"closed","ping_status":"closed","template":"","meta":{"footnotes":""},"class_list":["post-4412","page","type-page","status-publish","has-post-thumbnail","hentry"],"yoast_head":"<!-- This site is optimized with the Yoast SEO plugin v27.1.1 - https:\/\/yoast.com\/product\/yoast-seo-wordpress\/ -->\n<title>Par mums - \u041e\u0442\u0434\u044b\u0445 \u0418\u0442\u0430\u043b\u0438\u044f<\/title>\n<meta name=\"robots\" content=\"index, follow, max-snippet:-1, max-image-preview:large, max-video-preview:-1\" \/>\n<link rel=\"canonical\" href=\"https:\/\/www.otdihitalia.com\/lv\/par-mums\/\" \/>\n<meta property=\"og:locale\" content=\"lv_LV\" \/>\n<meta property=\"og:type\" content=\"article\" \/>\n<meta property=\"og:title\" content=\"Par mums - \u041e\u0442\u0434\u044b\u0445 \u0418\u0442\u0430\u043b\u0438\u044f\" \/>\n<meta property=\"og:description\" content=\"T\u016brisma operators Testene, kas kop\u0161 2001. gada veiksm\u012bgi darbojas t\u016brisma tirg\u016b It\u0101lijas dienvidu piekrast\u0113, ir atv\u0113ris fili\u0101li Rimini, kur\u0101 str\u0101d\u0101 krieviski run\u0101jo\u0161i darbinieki, t\u0101d\u0113j\u0101di radot \u0113rt\u012bbas ikvienam t\u016bristam, kas v\u0113las jebkur\u0101 laik\u0101 ierasties m\u016bsu biroj\u0101, lai sa\u0146emtu t\u016brisma inform\u0101ciju, konsult\u0101ciju, ieg\u0101d\u0101tos ekskursijas. M\u016bsu komandu veido jauni un dinamiski cilv\u0113ki, kuri v\u0113las uzlabot pakalpojumus iebrauco\u0161ajiem t\u016bristiem. [&hellip;]\" \/>\n<meta property=\"og:url\" content=\"https:\/\/www.otdihitalia.com\/lv\/par-mums\/\" \/>\n<meta property=\"og:site_name\" content=\"\u041e\u0442\u0434\u044b\u0445 \u0418\u0442\u0430\u043b\u0438\u044f\" \/>\n<meta property=\"article:modified_time\" content=\"2023-09-25T08:04:05+00:00\" \/>\n<meta name=\"twitter:card\" content=\"summary_large_image\" \/>\n<meta name=\"twitter:label1\" content=\"Est. reading time\" \/>\n\t<meta name=\"twitter:data1\" content=\"1 minute\" \/>\n<script type=\"application\/ld+json\" class=\"yoast-schema-graph\">{\"@context\":\"https:\/\/schema.org\",\"@graph\":[{\"@type\":\"WebPage\",\"@id\":\"https:\/\/www.otdihitalia.com\/lv\/par-mums\/\",\"url\":\"https:\/\/www.otdihitalia.com\/lv\/par-mums\/\",\"name\":\"Par mums - \u041e\u0442\u0434\u044b\u0445 \u0418\u0442\u0430\u043b\u0438\u044f\",\"isPartOf\":{\"@id\":\"https:\/\/www.otdihitalia.com\/lv\/#website\"},\"datePublished\":\"2022-09-27T15:30:48+00:00\",\"dateModified\":\"2023-09-25T08:04:05+00:00\",\"breadcrumb\":{\"@id\":\"https:\/\/www.otdihitalia.com\/lv\/par-mums\/#breadcrumb\"},\"inLanguage\":\"lv-LV\",\"potentialAction\":[{\"@type\":\"ReadAction\",\"target\":[\"https:\/\/www.otdihitalia.com\/lv\/par-mums\/\"]}]},{\"@type\":\"BreadcrumbList\",\"@id\":\"https:\/\/www.otdihitalia.com\/lv\/par-mums\/#breadcrumb\",\"itemListElement\":[{\"@type\":\"ListItem\",\"position\":1,\"name\":\"\u0413\u043b\u0430\u0432\u043d\u0430\u044f \u0441\u0442\u0440\u0430\u043d\u0438\u0446\u0430\",\"item\":\"https:\/\/www.otdihitalia.com\/lv\/sakumlapa\/\"},{\"@type\":\"ListItem\",\"position\":2,\"name\":\"Par mums\"}]},{\"@type\":\"WebSite\",\"@id\":\"https:\/\/www.otdihitalia.com\/lv\/#website\",\"url\":\"https:\/\/www.otdihitalia.com\/lv\/\",\"name\":\"\u041e\u0442\u0434\u044b\u0445 \u0418\u0442\u0430\u043b\u0438\u044f\",\"description\":\"\u042d\u043a\u0441\u043a\u0443\u0440\u0441\u0438\u0438 \u0438\u0437 \u0420\u0438\u043c\u0438\u043d\u0438 \u043d\u0430 \u043b\u044e\u0431\u043e\u0439 \u0432\u043a\u0443\u0441\",\"publisher\":{\"@id\":\"https:\/\/www.otdihitalia.com\/lv\/#organization\"},\"potentialAction\":[{\"@type\":\"SearchAction\",\"target\":{\"@type\":\"EntryPoint\",\"urlTemplate\":\"https:\/\/www.otdihitalia.com\/lv\/?s={search_term_string}\"},\"query-input\":{\"@type\":\"PropertyValueSpecification\",\"valueRequired\":true,\"valueName\":\"search_term_string\"}}],\"inLanguage\":\"lv-LV\"},{\"@type\":\"Organization\",\"@id\":\"https:\/\/www.otdihitalia.com\/lv\/#organization\",\"name\":\"OtdihItalia\",\"url\":\"https:\/\/www.otdihitalia.com\/lv\/\",\"logo\":{\"@type\":\"ImageObject\",\"inLanguage\":\"lv-LV\",\"@id\":\"https:\/\/www.otdihitalia.com\/lv\/#\/schema\/logo\/image\/\",\"url\":\"https:\/\/www.otdihitalia.com\/wp-content\/uploads\/2022\/09\/logo-otdihitalia.png\",\"contentUrl\":\"https:\/\/www.otdihitalia.com\/wp-content\/uploads\/2022\/09\/logo-otdihitalia.png\",\"width\":388,\"height\":208,\"caption\":\"OtdihItalia\"},\"image\":{\"@id\":\"https:\/\/www.otdihitalia.com\/lv\/#\/schema\/logo\/image\/\"}}]}<\/script>\n<!-- \/ Yoast SEO plugin. -->","yoast_head_json":{"title":"Par mums - \u041e\u0442\u0434\u044b\u0445 \u0418\u0442\u0430\u043b\u0438\u044f","robots":{"index":"index","follow":"follow","max-snippet":"max-snippet:-1","max-image-preview":"max-image-preview:large","max-video-preview":"max-video-preview:-1"},"canonical":"https:\/\/www.otdihitalia.com\/lv\/par-mums\/","og_locale":"lv_LV","og_type":"article","og_title":"Par mums - \u041e\u0442\u0434\u044b\u0445 \u0418\u0442\u0430\u043b\u0438\u044f","og_description":"T\u016brisma operators Testene, kas kop\u0161 2001. gada veiksm\u012bgi darbojas t\u016brisma tirg\u016b It\u0101lijas dienvidu piekrast\u0113, ir atv\u0113ris fili\u0101li Rimini, kur\u0101 str\u0101d\u0101 krieviski run\u0101jo\u0161i darbinieki, t\u0101d\u0113j\u0101di radot \u0113rt\u012bbas ikvienam t\u016bristam, kas v\u0113las jebkur\u0101 laik\u0101 ierasties m\u016bsu biroj\u0101, lai sa\u0146emtu t\u016brisma inform\u0101ciju, konsult\u0101ciju, ieg\u0101d\u0101tos ekskursijas. M\u016bsu komandu veido jauni un dinamiski cilv\u0113ki, kuri v\u0113las uzlabot pakalpojumus iebrauco\u0161ajiem t\u016bristiem. [&hellip;]","og_url":"https:\/\/www.otdihitalia.com\/lv\/par-mums\/","og_site_name":"\u041e\u0442\u0434\u044b\u0445 \u0418\u0442\u0430\u043b\u0438\u044f","article_modified_time":"2023-09-25T08:04:05+00:00","twitter_card":"summary_large_image","twitter_misc":{"Est. reading time":"1 minute"},"schema":{"@context":"https:\/\/schema.org","@graph":[{"@type":"WebPage","@id":"https:\/\/www.otdihitalia.com\/lv\/par-mums\/","url":"https:\/\/www.otdihitalia.com\/lv\/par-mums\/","name":"Par mums - \u041e\u0442\u0434\u044b\u0445 \u0418\u0442\u0430\u043b\u0438\u044f","isPartOf":{"@id":"https:\/\/www.otdihitalia.com\/lv\/#website"},"datePublished":"2022-09-27T15:30:48+00:00","dateModified":"2023-09-25T08:04:05+00:00","breadcrumb":{"@id":"https:\/\/www.otdihitalia.com\/lv\/par-mums\/#breadcrumb"},"inLanguage":"lv-LV","potentialAction":[{"@type":"ReadAction","target":["https:\/\/www.otdihitalia.com\/lv\/par-mums\/"]}]},{"@type":"BreadcrumbList","@id":"https:\/\/www.otdihitalia.com\/lv\/par-mums\/#breadcrumb","itemListElement":[{"@type":"ListItem","position":1,"name":"\u0413\u043b\u0430\u0432\u043d\u0430\u044f \u0441\u0442\u0440\u0430\u043d\u0438\u0446\u0430","item":"https:\/\/www.otdihitalia.com\/lv\/sakumlapa\/"},{"@type":"ListItem","position":2,"name":"Par mums"}]},{"@type":"WebSite","@id":"https:\/\/www.otdihitalia.com\/lv\/#website","url":"https:\/\/www.otdihitalia.com\/lv\/","name":"\u041e\u0442\u0434\u044b\u0445 \u0418\u0442\u0430\u043b\u0438\u044f","description":"\u042d\u043a\u0441\u043a\u0443\u0440\u0441\u0438\u0438 \u0438\u0437 \u0420\u0438\u043c\u0438\u043d\u0438 \u043d\u0430 \u043b\u044e\u0431\u043e\u0439 \u0432\u043a\u0443\u0441","publisher":{"@id":"https:\/\/www.otdihitalia.com\/lv\/#organization"},"potentialAction":[{"@type":"SearchAction","target":{"@type":"EntryPoint","urlTemplate":"https:\/\/www.otdihitalia.com\/lv\/?s={search_term_string}"},"query-input":{"@type":"PropertyValueSpecification","valueRequired":true,"valueName":"search_term_string"}}],"inLanguage":"lv-LV"},{"@type":"Organization","@id":"https:\/\/www.otdihitalia.com\/lv\/#organization","name":"OtdihItalia","url":"https:\/\/www.otdihitalia.com\/lv\/","logo":{"@type":"ImageObject","inLanguage":"lv-LV","@id":"https:\/\/www.otdihitalia.com\/lv\/#\/schema\/logo\/image\/","url":"https:\/\/www.otdihitalia.com\/wp-content\/uploads\/2022\/09\/logo-otdihitalia.png","contentUrl":"https:\/\/www.otdihitalia.com\/wp-content\/uploads\/2022\/09\/logo-otdihitalia.png","width":388,"height":208,"caption":"OtdihItalia"},"image":{"@id":"https:\/\/www.otdihitalia.com\/lv\/#\/schema\/logo\/image\/"}}]}},"_links":{"self":[{"href":"https:\/\/www.otdihitalia.com\/lv\/wp-json\/wp\/v2\/pages\/4412","targetHints":{"allow":["GET"]}}],"collection":[{"href":"https:\/\/www.otdihitalia.com\/lv\/wp-json\/wp\/v2\/pages"}],"about":[{"href":"https:\/\/www.otdihitalia.com\/lv\/wp-json\/wp\/v2\/types\/page"}],"author":[{"embeddable":true,"href":"https:\/\/www.otdihitalia.com\/lv\/wp-json\/wp\/v2\/users\/1"}],"replies":[{"embeddable":true,"href":"https:\/\/www.otdihitalia.com\/lv\/wp-json\/wp\/v2\/comments?post=4412"}],"version-history":[{"count":5,"href":"https:\/\/www.otdihitalia.com\/lv\/wp-json\/wp\/v2\/pages\/4412\/revisions"}],"predecessor-version":[{"id":4884,"href":"https:\/\/www.otdihitalia.com\/lv\/wp-json\/wp\/v2\/pages\/4412\/revisions\/4884"}],"wp:attachment":[{"href":"https:\/\/www.otdihitalia.com\/lv\/wp-json\/wp\/v2\/media?parent=4412"}],"curies":[{"name":"wp","href":"https:\/\/api.w.org\/{rel}","templated":true}]}}