{"id":4441,"date":"2022-09-27T13:52:41","date_gmt":"2022-09-27T11:52:41","guid":{"rendered":"https:\/\/www.otdihitalia.com\/konfidencialitates-politika\/"},"modified":"2023-11-20T17:01:32","modified_gmt":"2023-11-20T15:01:32","slug":"konfidencialitates-politika","status":"publish","type":"page","link":"https:\/\/www.otdihitalia.com\/lv\/konfidencialitates-politika\/","title":{"rendered":"Konfidencialit\u0101tes politika"},"content":{"rendered":"<h2 class=\"wp-block-heading\">Kas m\u0113s esam<\/h2><p><strong class=\"privacy-policy-tutorial\">Ieteicamais teksts: <\/strong>M\u016bsu t\u012bmek\u013ca vietnes adrese: http:\/\/www.otdihitalia.com<\/p><h2 class=\"wp-block-heading\">Koment\u0101rs<\/h2><p><strong class=\"privacy-policy-tutorial\">Ieteicamais teksts: <\/strong>Ja apmekl\u0113t\u0101js t\u012bmek\u013ca vietn\u0113 atst\u0101j koment\u0101ru, m\u0113s apkopojam koment\u0101ra veidlap\u0101 nor\u0101d\u012btos datus, k\u0101 ar\u012b apmekl\u0113t\u0101ja IP adresi un p\u0101rl\u016bkprogrammas lietot\u0101ja a\u0123enta datus, lai identific\u0113tu surog\u0101tpastu.<\/p><p>No j\u016bsu e-pasta adreses izveidoto anonimiz\u0113to virkni (&#8220;hash&#8221;) var sniegt pakalpojumam Gravatar, lai noteiktu, vai to izmantojat. Gravatar konfidencialit\u0101tes politika ir pieejama \u0161eit: https:\/\/automattic.com\/privacy\/ . Kad j\u016bsu koment\u0101rs ir apstiprin\u0101ts, j\u016bsu profila att\u0113ls b\u016bs publiski redzams j\u016bsu koment\u0101ra kontekst\u0101.<\/p><h2 class=\"wp-block-heading\">Multivides faili<\/h2><p><strong class=\"privacy-policy-tutorial\">Ieteicamais teksts: <\/strong>Ja esat re\u0123istr\u0113ts lietot\u0101js un aug\u0161upiel\u0101d\u0113jat vietn\u0113 fotoatt\u0113lus, iesp\u0113jams, jums nevajadz\u0113tu aug\u0161upiel\u0101d\u0113t att\u0113lus ar EXIF metadatiem, jo tajos var b\u016bt iek\u013cauti j\u016bsu GPS atra\u0161an\u0101s vietas dati. Apmekl\u0113t\u0101ji var ieg\u016bt \u0161o inform\u0101ciju, lejupiel\u0101d\u0113jot att\u0113lus no t\u012bmek\u013ca vietnes.<\/p><h2 class=\"wp-block-heading\">S\u012bkfaili<\/h2><p><strong class=\"privacy-policy-tutorial\">Ieteicamais teksts: <\/strong>Ja atst\u0101jat koment\u0101ru m\u016bsu t\u012bmek\u013ca vietn\u0113, varat at\u013caut saglab\u0101t s\u012bkfail\u0101 savu v\u0101rdu, e-pasta adresi un t\u012bmek\u013ca vietni. Tas tiek dar\u012bts j\u016bsu \u0113rt\u012bbai, lai, koment\u0113jot v\u0113lreiz, jums neb\u016btu j\u0101aizpilda dati v\u0113lreiz. \u0160\u012bs s\u012bkdatnes tiek glab\u0101tas vienu gadu.<\/p><p>Ja jums ir vietnes konts un piesak\u0101ties vietn\u0113, m\u0113s iestat\u012bsim pagaidu s\u012bkfailu, lai noteiktu, vai j\u016bsu p\u0101rl\u016bkprogramma atbalsta s\u012bkfailu; s\u012bkfail\u0101 nav personiskas inform\u0101cijas, un tas tiek dz\u0113sts, kad aizverat p\u0101rl\u016bkprogrammu.<\/p><p>Kad piesak\u0101ties sav\u0101 kont\u0101, m\u0113s iestat\u0101m ar\u012b da\u017eas s\u012bkdatnes ar j\u016bsu pieteik\u0161an\u0101s inform\u0101ciju un ekr\u0101na iestat\u012bjumiem. Pieteik\u0161an\u0101s s\u012bkfails tiek saglab\u0101ts divas dienas, bet ekr\u0101na iestat\u012bjumu s\u012bkfails &#8211; gadu. Ja izv\u0113laties iesp\u0113ju &#8220;Atcer\u0113ties mani&#8221;, j\u016bsu pieteik\u0161an\u0101s dati tiks saglab\u0101ti divas ned\u0113\u013cas. Kad izrakst\u012bsieties no konta, pieteik\u0161an\u0101s s\u012bkfails tiks dz\u0113sts.<\/p><p>Kad redi\u0123\u0113jat vai public\u0113jat rakstu, j\u016bsu p\u0101rl\u016bkprogramm\u0101 tiek saglab\u0101ts papildu s\u012bkfails, kas nesatur personas datus un satur tikai j\u016bsu redi\u0123\u0113t\u0101 ieraksta ID, un t\u0101 der\u012bguma termi\u0146\u0161 beidzas p\u0113c 1 dienas.<\/p><h2 class=\"wp-block-heading\">Citu viet\u0146u iegultais saturs<\/h2><p><strong class=\"privacy-policy-tutorial\">Ieteicamais teksts: <\/strong>\u0160\u012bs vietnes rakstos var b\u016bt iestr\u0101d\u0101ts saturs (piem\u0113ram, videoklipi, att\u0113li, raksti u. c.), \u0161\u0101ds saturs darbojas t\u0101pat k\u0101 tad, ja apmekl\u0113t\u0101js apmekl\u0113 citu vietni.<\/p><p>\u0160\u012bs vietnes var v\u0101kt datus par jums, izmantot s\u012bkfailus, \u012bstenot papildu tre\u0161o pu\u0161u izseko\u0161anu un uzraudz\u012bt j\u016bsu mijiedarb\u012bbu ar iegulto saturu, tostarp izsekojot j\u016bsu mijiedarb\u012bbu, ja jums ir konts un esat pieteicies \u0161aj\u0101 vietn\u0113.<\/p><h2 class=\"wp-block-heading\">Kam m\u0113s kop\u012bgojam j\u016bsu datus<\/h2><p><strong class=\"privacy-policy-tutorial\">Ieteicamais teksts: <\/strong>Ja piepras\u0101t paroles atiestat\u012b\u0161anu, atiestat\u012b\u0161anas e-past\u0101 tiks nor\u0101d\u012bts j\u016bsu IP.<\/p><h2 class=\"wp-block-heading\">Cik ilgi m\u0113s glab\u0101jam j\u016bsu datus<\/h2><p><strong class=\"privacy-policy-tutorial\">Ieteicamais teksts: <\/strong>Ja atst\u0101jat koment\u0101ru, pats koment\u0101rs un t\u0101 metadati tiek saglab\u0101ti uz nenoteiktu laiku. Tas tiek dar\u012bts, lai autom\u0101tiski identific\u0113tu un apstiprin\u0101tu turpm\u0101kos koment\u0101rus, nevis ievietojot tos apstiprin\u0101\u0161anas rind\u0101.<\/p><p>Lietot\u0101jiem, kas re\u0123istr\u0113ju\u0161ies m\u016bsu t\u012bmek\u013ca vietn\u0113, m\u0113s saglab\u0101jam vi\u0146u sniegto personisko inform\u0101ciju vi\u0146u profil\u0101. Visi lietot\u0101ji jebkur\u0101 laik\u0101 var skat\u012bt, redi\u0123\u0113t vai dz\u0113st savu profila inform\u0101ciju (iz\u0146emot lietot\u0101jv\u0101rdu). \u0160o inform\u0101ciju var redz\u0113t un main\u012bt ar\u012b vietnes administr\u0101cija.<\/p><h2 class=\"wp-block-heading\">K\u0101das ir j\u016bsu ties\u012bbas uz j\u016bsu datiem<\/h2><p><strong class=\"privacy-policy-tutorial\">Ieteicamais teksts: <\/strong>Ja jums ir konts t\u012bmek\u013ca vietn\u0113 vai ja esat atst\u0101jis koment\u0101rus, varat piepras\u012bt eksport\u0113t datni ar personas datiem, ko esam saglab\u0101ju\u0161i par jums, tostarp j\u016bsu sniegtajiem datiem. J\u016bs varat ar\u012b piepras\u012bt \u0161o datu dz\u0113\u0161anu; tas neattiecas uz datiem, kas mums ir j\u0101saglab\u0101 administrat\u012bvos, juridiskos vai dro\u0161\u012bbas nol\u016bkos.<\/p><h2 class=\"wp-block-heading\">Kur tiek nos\u016bt\u012bti j\u016bsu dati<\/h2><p><strong class=\"privacy-policy-tutorial\">Ieteicamais teksts: <\/strong>Lietot\u0101ju koment\u0101rus var p\u0101rbaud\u012bt autom\u0101tiskais surog\u0101tpasta atkl\u0101\u0161anas pakalpojums.<\/p>","protected":false},"excerpt":{"rendered":"<p>Kas m\u0113s esam Ieteicamais teksts: M\u016bsu t\u012bmek\u013ca vietnes adrese: http:\/\/www.otdihitalia.com Koment\u0101rs Ieteicamais teksts: Ja apmekl\u0113t\u0101js t\u012bmek\u013ca vietn\u0113 atst\u0101j koment\u0101ru, m\u0113s apkopojam koment\u0101ra veidlap\u0101 nor\u0101d\u012btos datus, k\u0101 ar\u012b apmekl\u0113t\u0101ja IP adresi un p\u0101rl\u016bkprogrammas lietot\u0101ja a\u0123enta datus, lai identific\u0113tu surog\u0101tpastu. No j\u016bsu e-pasta adreses izveidoto anonimiz\u0113to virkni (&#8220;hash&#8221;) var sniegt pakalpojumam Gravatar, lai noteiktu, vai to izmantojat. [&hellip;]<\/p>\n","protected":false},"author":1,"featured_media":0,"parent":0,"menu_order":0,"comment_status":"closed","ping_status":"open","template":"","meta":{"footnotes":""},"class_list":["post-4441","page","type-page","status-publish","has-post-thumbnail","hentry"],"yoast_head":"<!-- This site is optimized with the Yoast SEO plugin v27.1.1 - https:\/\/yoast.com\/product\/yoast-seo-wordpress\/ -->\n<title>Konfidencialit\u0101tes politika - \u041e\u0442\u0434\u044b\u0445 \u0418\u0442\u0430\u043b\u0438\u044f<\/title>\n<meta name=\"robots\" content=\"index, follow, max-snippet:-1, max-image-preview:large, max-video-preview:-1\" \/>\n<link rel=\"canonical\" href=\"https:\/\/www.otdihitalia.com\/lv\/konfidencialitates-politika\/\" \/>\n<meta property=\"og:locale\" content=\"lv_LV\" \/>\n<meta property=\"og:type\" content=\"article\" \/>\n<meta property=\"og:title\" content=\"Konfidencialit\u0101tes politika - \u041e\u0442\u0434\u044b\u0445 \u0418\u0442\u0430\u043b\u0438\u044f\" \/>\n<meta property=\"og:description\" content=\"Kas m\u0113s esam Ieteicamais teksts: M\u016bsu t\u012bmek\u013ca vietnes adrese: http:\/\/www.otdihitalia.com Koment\u0101rs Ieteicamais teksts: Ja apmekl\u0113t\u0101js t\u012bmek\u013ca vietn\u0113 atst\u0101j koment\u0101ru, m\u0113s apkopojam koment\u0101ra veidlap\u0101 nor\u0101d\u012btos datus, k\u0101 ar\u012b apmekl\u0113t\u0101ja IP adresi un p\u0101rl\u016bkprogrammas lietot\u0101ja a\u0123enta datus, lai identific\u0113tu surog\u0101tpastu. No j\u016bsu e-pasta adreses izveidoto anonimiz\u0113to virkni (&#8220;hash&#8221;) var sniegt pakalpojumam Gravatar, lai noteiktu, vai to izmantojat. [&hellip;]\" \/>\n<meta property=\"og:url\" content=\"https:\/\/www.otdihitalia.com\/lv\/konfidencialitates-politika\/\" \/>\n<meta property=\"og:site_name\" content=\"\u041e\u0442\u0434\u044b\u0445 \u0418\u0442\u0430\u043b\u0438\u044f\" \/>\n<meta property=\"article:modified_time\" content=\"2023-11-20T15:01:32+00:00\" \/>\n<meta name=\"twitter:card\" content=\"summary_large_image\" \/>\n<meta name=\"twitter:label1\" content=\"Est. reading time\" \/>\n\t<meta name=\"twitter:data1\" content=\"4 minutes\" \/>\n<script type=\"application\/ld+json\" class=\"yoast-schema-graph\">{\"@context\":\"https:\/\/schema.org\",\"@graph\":[{\"@type\":\"WebPage\",\"@id\":\"https:\/\/www.otdihitalia.com\/lv\/konfidencialitates-politika\/\",\"url\":\"https:\/\/www.otdihitalia.com\/lv\/konfidencialitates-politika\/\",\"name\":\"Konfidencialit\u0101tes politika - \u041e\u0442\u0434\u044b\u0445 \u0418\u0442\u0430\u043b\u0438\u044f\",\"isPartOf\":{\"@id\":\"https:\/\/www.otdihitalia.com\/lv\/#website\"},\"datePublished\":\"2022-09-27T11:52:41+00:00\",\"dateModified\":\"2023-11-20T15:01:32+00:00\",\"breadcrumb\":{\"@id\":\"https:\/\/www.otdihitalia.com\/lv\/konfidencialitates-politika\/#breadcrumb\"},\"inLanguage\":\"lv-LV\",\"potentialAction\":[{\"@type\":\"ReadAction\",\"target\":[\"https:\/\/www.otdihitalia.com\/lv\/konfidencialitates-politika\/\"]}]},{\"@type\":\"BreadcrumbList\",\"@id\":\"https:\/\/www.otdihitalia.com\/lv\/konfidencialitates-politika\/#breadcrumb\",\"itemListElement\":[{\"@type\":\"ListItem\",\"position\":1,\"name\":\"\u0413\u043b\u0430\u0432\u043d\u0430\u044f \u0441\u0442\u0440\u0430\u043d\u0438\u0446\u0430\",\"item\":\"https:\/\/www.otdihitalia.com\/lv\/sakumlapa\/\"},{\"@type\":\"ListItem\",\"position\":2,\"name\":\"Konfidencialit\u0101tes politika\"}]},{\"@type\":\"WebSite\",\"@id\":\"https:\/\/www.otdihitalia.com\/lv\/#website\",\"url\":\"https:\/\/www.otdihitalia.com\/lv\/\",\"name\":\"\u041e\u0442\u0434\u044b\u0445 \u0418\u0442\u0430\u043b\u0438\u044f\",\"description\":\"\u042d\u043a\u0441\u043a\u0443\u0440\u0441\u0438\u0438 \u0438\u0437 \u0420\u0438\u043c\u0438\u043d\u0438 \u043d\u0430 \u043b\u044e\u0431\u043e\u0439 \u0432\u043a\u0443\u0441\",\"publisher\":{\"@id\":\"https:\/\/www.otdihitalia.com\/lv\/#organization\"},\"potentialAction\":[{\"@type\":\"SearchAction\",\"target\":{\"@type\":\"EntryPoint\",\"urlTemplate\":\"https:\/\/www.otdihitalia.com\/lv\/?s={search_term_string}\"},\"query-input\":{\"@type\":\"PropertyValueSpecification\",\"valueRequired\":true,\"valueName\":\"search_term_string\"}}],\"inLanguage\":\"lv-LV\"},{\"@type\":\"Organization\",\"@id\":\"https:\/\/www.otdihitalia.com\/lv\/#organization\",\"name\":\"OtdihItalia\",\"url\":\"https:\/\/www.otdihitalia.com\/lv\/\",\"logo\":{\"@type\":\"ImageObject\",\"inLanguage\":\"lv-LV\",\"@id\":\"https:\/\/www.otdihitalia.com\/lv\/#\/schema\/logo\/image\/\",\"url\":\"https:\/\/www.otdihitalia.com\/wp-content\/uploads\/2022\/09\/logo-otdihitalia.png\",\"contentUrl\":\"https:\/\/www.otdihitalia.com\/wp-content\/uploads\/2022\/09\/logo-otdihitalia.png\",\"width\":388,\"height\":208,\"caption\":\"OtdihItalia\"},\"image\":{\"@id\":\"https:\/\/www.otdihitalia.com\/lv\/#\/schema\/logo\/image\/\"}}]}<\/script>\n<!-- \/ Yoast SEO plugin. -->","yoast_head_json":{"title":"Konfidencialit\u0101tes politika - \u041e\u0442\u0434\u044b\u0445 \u0418\u0442\u0430\u043b\u0438\u044f","robots":{"index":"index","follow":"follow","max-snippet":"max-snippet:-1","max-image-preview":"max-image-preview:large","max-video-preview":"max-video-preview:-1"},"canonical":"https:\/\/www.otdihitalia.com\/lv\/konfidencialitates-politika\/","og_locale":"lv_LV","og_type":"article","og_title":"Konfidencialit\u0101tes politika - \u041e\u0442\u0434\u044b\u0445 \u0418\u0442\u0430\u043b\u0438\u044f","og_description":"Kas m\u0113s esam Ieteicamais teksts: M\u016bsu t\u012bmek\u013ca vietnes adrese: http:\/\/www.otdihitalia.com Koment\u0101rs Ieteicamais teksts: Ja apmekl\u0113t\u0101js t\u012bmek\u013ca vietn\u0113 atst\u0101j koment\u0101ru, m\u0113s apkopojam koment\u0101ra veidlap\u0101 nor\u0101d\u012btos datus, k\u0101 ar\u012b apmekl\u0113t\u0101ja IP adresi un p\u0101rl\u016bkprogrammas lietot\u0101ja a\u0123enta datus, lai identific\u0113tu surog\u0101tpastu. No j\u016bsu e-pasta adreses izveidoto anonimiz\u0113to virkni (&#8220;hash&#8221;) var sniegt pakalpojumam Gravatar, lai noteiktu, vai to izmantojat. [&hellip;]","og_url":"https:\/\/www.otdihitalia.com\/lv\/konfidencialitates-politika\/","og_site_name":"\u041e\u0442\u0434\u044b\u0445 \u0418\u0442\u0430\u043b\u0438\u044f","article_modified_time":"2023-11-20T15:01:32+00:00","twitter_card":"summary_large_image","twitter_misc":{"Est. reading time":"4 minutes"},"schema":{"@context":"https:\/\/schema.org","@graph":[{"@type":"WebPage","@id":"https:\/\/www.otdihitalia.com\/lv\/konfidencialitates-politika\/","url":"https:\/\/www.otdihitalia.com\/lv\/konfidencialitates-politika\/","name":"Konfidencialit\u0101tes politika - \u041e\u0442\u0434\u044b\u0445 \u0418\u0442\u0430\u043b\u0438\u044f","isPartOf":{"@id":"https:\/\/www.otdihitalia.com\/lv\/#website"},"datePublished":"2022-09-27T11:52:41+00:00","dateModified":"2023-11-20T15:01:32+00:00","breadcrumb":{"@id":"https:\/\/www.otdihitalia.com\/lv\/konfidencialitates-politika\/#breadcrumb"},"inLanguage":"lv-LV","potentialAction":[{"@type":"ReadAction","target":["https:\/\/www.otdihitalia.com\/lv\/konfidencialitates-politika\/"]}]},{"@type":"BreadcrumbList","@id":"https:\/\/www.otdihitalia.com\/lv\/konfidencialitates-politika\/#breadcrumb","itemListElement":[{"@type":"ListItem","position":1,"name":"\u0413\u043b\u0430\u0432\u043d\u0430\u044f \u0441\u0442\u0440\u0430\u043d\u0438\u0446\u0430","item":"https:\/\/www.otdihitalia.com\/lv\/sakumlapa\/"},{"@type":"ListItem","position":2,"name":"Konfidencialit\u0101tes politika"}]},{"@type":"WebSite","@id":"https:\/\/www.otdihitalia.com\/lv\/#website","url":"https:\/\/www.otdihitalia.com\/lv\/","name":"\u041e\u0442\u0434\u044b\u0445 \u0418\u0442\u0430\u043b\u0438\u044f","description":"\u042d\u043a\u0441\u043a\u0443\u0440\u0441\u0438\u0438 \u0438\u0437 \u0420\u0438\u043c\u0438\u043d\u0438 \u043d\u0430 \u043b\u044e\u0431\u043e\u0439 \u0432\u043a\u0443\u0441","publisher":{"@id":"https:\/\/www.otdihitalia.com\/lv\/#organization"},"potentialAction":[{"@type":"SearchAction","target":{"@type":"EntryPoint","urlTemplate":"https:\/\/www.otdihitalia.com\/lv\/?s={search_term_string}"},"query-input":{"@type":"PropertyValueSpecification","valueRequired":true,"valueName":"search_term_string"}}],"inLanguage":"lv-LV"},{"@type":"Organization","@id":"https:\/\/www.otdihitalia.com\/lv\/#organization","name":"OtdihItalia","url":"https:\/\/www.otdihitalia.com\/lv\/","logo":{"@type":"ImageObject","inLanguage":"lv-LV","@id":"https:\/\/www.otdihitalia.com\/lv\/#\/schema\/logo\/image\/","url":"https:\/\/www.otdihitalia.com\/wp-content\/uploads\/2022\/09\/logo-otdihitalia.png","contentUrl":"https:\/\/www.otdihitalia.com\/wp-content\/uploads\/2022\/09\/logo-otdihitalia.png","width":388,"height":208,"caption":"OtdihItalia"},"image":{"@id":"https:\/\/www.otdihitalia.com\/lv\/#\/schema\/logo\/image\/"}}]}},"_links":{"self":[{"href":"https:\/\/www.otdihitalia.com\/lv\/wp-json\/wp\/v2\/pages\/4441","targetHints":{"allow":["GET"]}}],"collection":[{"href":"https:\/\/www.otdihitalia.com\/lv\/wp-json\/wp\/v2\/pages"}],"about":[{"href":"https:\/\/www.otdihitalia.com\/lv\/wp-json\/wp\/v2\/types\/page"}],"author":[{"embeddable":true,"href":"https:\/\/www.otdihitalia.com\/lv\/wp-json\/wp\/v2\/users\/1"}],"replies":[{"embeddable":true,"href":"https:\/\/www.otdihitalia.com\/lv\/wp-json\/wp\/v2\/comments?post=4441"}],"version-history":[{"count":2,"href":"https:\/\/www.otdihitalia.com\/lv\/wp-json\/wp\/v2\/pages\/4441\/revisions"}],"predecessor-version":[{"id":4451,"href":"https:\/\/www.otdihitalia.com\/lv\/wp-json\/wp\/v2\/pages\/4441\/revisions\/4451"}],"wp:attachment":[{"href":"https:\/\/www.otdihitalia.com\/lv\/wp-json\/wp\/v2\/media?parent=4441"}],"curies":[{"name":"wp","href":"https:\/\/api.w.org\/{rel}","templated":true}]}}