{"id":5852,"date":"2022-09-30T20:28:49","date_gmt":"2022-09-30T18:28:49","guid":{"rendered":"https:\/\/www.otdihitalia.com\/mapa-witryny\/"},"modified":"2023-11-20T16:55:57","modified_gmt":"2023-11-20T14:55:57","slug":"mapa-witryny","status":"publish","type":"page","link":"https:\/\/www.otdihitalia.com\/pl\/mapa-witryny\/","title":{"rendered":"Mapa witryny"},"content":{"rendered":"\t\t<div data-elementor-type=\"wp-page\" data-elementor-id=\"5852\" class=\"elementor elementor-5852 elementor-820\" data-elementor-post-type=\"page\">\n\t\t\t\t\t\t<section class=\"elementor-section elementor-top-section elementor-element elementor-element-f1f6ea7 elementor-section-boxed elementor-section-height-default elementor-section-height-default\" data-id=\"f1f6ea7\" data-element_type=\"section\" data-e-type=\"section\">\n\t\t\t\t\t\t<div class=\"elementor-container elementor-column-gap-default\">\n\t\t\t\t\t<div class=\"elementor-column elementor-col-100 elementor-top-column elementor-element elementor-element-ea20d4e\" data-id=\"ea20d4e\" data-element_type=\"column\" data-e-type=\"column\">\n\t\t\t<div class=\"elementor-widget-wrap elementor-element-populated\">\n\t\t\t\t\t\t<div class=\"elementor-element elementor-element-be741fe elementor-widget elementor-widget-sitemap\" data-id=\"be741fe\" data-element_type=\"widget\" data-e-type=\"widget\" data-widget_type=\"sitemap.default\">\n\t\t\t\t<div class=\"elementor-widget-container\">\n\t\t\t\t\t<div class=\"elementor-sitemap-wrap\"><div class=\"elementor-sitemap-section\"><h2 class=\"elementor-sitemap-title elementor-sitemap-post-title\">\u041d\u0430\u0448\u0438 \u043f\u0440\u0435\u0434\u043b\u043e\u0436\u0435\u043d\u0438\u044f<\/h2><ul class=\"elementor-sitemap-list elementor-sitemap-post-list\"><li class=\"elementor-sitemap-item elementor-sitemap-item-post page_item page-item-5658\"><a href=\"https:\/\/www.otdihitalia.com\/pl\/akwarium-cattolica\/\">Akwarium Cattolica<\/a><\/li><li class=\"elementor-sitemap-item elementor-sitemap-item-post page_item page-item-5738\"><a href=\"https:\/\/www.otdihitalia.com\/pl\/aquafan\/\">Aquafan<\/a><\/li><li class=\"elementor-sitemap-item elementor-sitemap-item-post page_item page-item-5770\"><a href=\"https:\/\/www.otdihitalia.com\/pl\/co-zobaczyc-w-rimini\/\">Co zobaczy\u0107 w Rimini<\/a><\/li><li class=\"elementor-sitemap-item elementor-sitemap-item-post page_item page-item-5651\"><a href=\"https:\/\/www.otdihitalia.com\/pl\/delfinarium-w-rimini\/\">Delfinarium w Rimini<\/a><\/li><li class=\"elementor-sitemap-item elementor-sitemap-item-post page_item page-item-5710\"><a href=\"https:\/\/www.otdihitalia.com\/pl\/dyskoteki-i-kluby-w-rimini-i-riccione\/\">Dyskoteki i kluby w Rimini i Riccione<\/a><\/li><li class=\"elementor-sitemap-item elementor-sitemap-item-post page_item page-item-5711\"><a href=\"https:\/\/www.otdihitalia.com\/pl\/fiabilandia\/\">Fiabilandia<\/a><\/li><li class=\"elementor-sitemap-item elementor-sitemap-item-post page_item page-item-5587\"><a href=\"https:\/\/www.otdihitalia.com\/pl\/i-malatesta-w-rimini\/\">I Malatesta w Rimini<\/a><\/li><li class=\"elementor-sitemap-item elementor-sitemap-item-post page_item page-item-5686\"><a href=\"https:\/\/www.otdihitalia.com\/pl\/inne-parki\/\">Inne parki<\/a><\/li><li class=\"elementor-sitemap-item elementor-sitemap-item-post page_item page-item-5666\"><a href=\"https:\/\/www.otdihitalia.com\/pl\/kluby-nocne-w-rimini-i-riccione\/\">Kluby nocne w Rimini i Riccione<\/a><\/li><li class=\"elementor-sitemap-item elementor-sitemap-item-post page_item page-item-5628\"><a href=\"https:\/\/www.otdihitalia.com\/pl\/kupic-meble-we-wloszech\/\">Kupi\u0107 meble we W\u0142oszech<\/a><\/li><li class=\"elementor-sitemap-item elementor-sitemap-item-post page_item page-item-5788\"><a href=\"https:\/\/www.otdihitalia.com\/pl\/le-befane-w-rimini\/\">Le Befane w Rimini<\/a><\/li><li class=\"elementor-sitemap-item elementor-sitemap-item-post page_item page-item-5648\"><a href=\"https:\/\/www.otdihitalia.com\/pl\/lista-dyskotek-i-klubow-w-rawennie-i-lidi-ravennati\/\">Lista dyskotek i klub\u00f3w w Rawennie i Lidi Ravennati<\/a><\/li><li class=\"elementor-sitemap-item elementor-sitemap-item-post page_item page-item-5732\"><a href=\"https:\/\/www.otdihitalia.com\/pl\/lista-dyskotek-i-klubow-w-riccione\/\">Lista dyskotek i klub\u00f3w w Riccione<\/a><\/li><li class=\"elementor-sitemap-item elementor-sitemap-item-post page_item page-item-5579\"><a href=\"https:\/\/www.otdihitalia.com\/pl\/lista-dyskotek-i-klubow-w-rimini\/\">Lista dyskotek i klub\u00f3w w Rimini<\/a><\/li><li class=\"elementor-sitemap-item elementor-sitemap-item-post page_item page-item-5777\"><a href=\"https:\/\/www.otdihitalia.com\/pl\/lotniska-w-regionie-emilia-romania\/\">Lotniska w regionie Emilia-Romania<\/a><\/li><li class=\"elementor-sitemap-item elementor-sitemap-item-post page_item page-item-5685\"><a href=\"https:\/\/www.otdihitalia.com\/pl\/mirabilandia\/\">Mirabilandia<\/a><\/li><li class=\"elementor-sitemap-item elementor-sitemap-item-post page_item page-item-5637\"><a href=\"https:\/\/www.otdihitalia.com\/pl\/na-futro-w-rimini\/\">Na futro w Rimini<\/a><\/li><li class=\"elementor-sitemap-item elementor-sitemap-item-post page_item page-item-5571\"><a href=\"https:\/\/www.otdihitalia.com\/pl\/oferty-specjalne\/\">Oferty specjalne<\/a><\/li><li class=\"elementor-sitemap-item elementor-sitemap-item-post page_item page-item-5631\"><a href=\"https:\/\/www.otdihitalia.com\/pl\/oltremare\/\">Oltremare<\/a><\/li><li class=\"elementor-sitemap-item elementor-sitemap-item-post page_item page-item-5792\"><a href=\"https:\/\/www.otdihitalia.com\/pl\/plaza-w-rimini-i-wybrzeze-romanii\/\">Pla\u017ca w Rimini i wybrze\u017ce Romanii<\/a><\/li><li class=\"elementor-sitemap-item elementor-sitemap-item-post page_item page-item-5761\"><a href=\"https:\/\/www.otdihitalia.com\/pl\/pociagi-z-rimini\/\">Poci\u0105gi z Rimini<\/a><\/li><li class=\"elementor-sitemap-item elementor-sitemap-item-post page_item page-item-5728\"><a href=\"https:\/\/www.otdihitalia.com\/pl\/pogoda-w-rimini-i-riccione\/\">Pogoda w Rimini i Riccione<\/a><\/li><li class=\"elementor-sitemap-item elementor-sitemap-item-post page_item page-item-5606\"><a href=\"https:\/\/www.otdihitalia.com\/pl\/restauracje-w-rimini\/\">Restauracje w Rimini<\/a><\/li><li class=\"elementor-sitemap-item elementor-sitemap-item-post page_item page-item-5704\"><a href=\"https:\/\/www.otdihitalia.com\/pl\/rimini-i-hotele\/\">Rimini i hotele<\/a><\/li><li class=\"elementor-sitemap-item elementor-sitemap-item-post page_item page-item-5605\"><a href=\"https:\/\/www.otdihitalia.com\/pl\/spersonalizowane-wycieczki-na-zakupy-z-rimini\/\">Spersonalizowane wycieczki na zakupy z Rimini<\/a><\/li><li class=\"elementor-sitemap-item elementor-sitemap-item-post page_item page-item-5664\"><a href=\"https:\/\/www.otdihitalia.com\/pl\/spersonalizowane-wycieczki-z-rimini-do-wloch\/\">Spersonalizowane wycieczki z Rimini do W\u0142och<\/a><\/li><li class=\"elementor-sitemap-item elementor-sitemap-item-post page_item page-item-5580\"><a href=\"https:\/\/www.otdihitalia.com\/pl\/szisza-w-rimini\/\">Szisza w Rimini<\/a><\/li><li class=\"elementor-sitemap-item elementor-sitemap-item-post page_item page-item-5736\"><a href=\"https:\/\/www.otdihitalia.com\/pl\/team-building-i-imprezy-firmowe-we-wloszech-w-rimini\/\">Team building i imprezy firmowe we W\u0142oszech w Rimini!<\/a><\/li><li class=\"elementor-sitemap-item elementor-sitemap-item-post page_item page-item-5599\"><a href=\"https:\/\/www.otdihitalia.com\/pl\/terme-rimini-spa\/\">Terme Rimini Spa<\/a><\/li><li class=\"elementor-sitemap-item elementor-sitemap-item-post page_item page-item-5682\"><a href=\"https:\/\/www.otdihitalia.com\/pl\/transfer-z-rimini-i-riccione\/\">Transfer z Rimini i Riccione<\/a><\/li><li class=\"elementor-sitemap-item elementor-sitemap-item-post page_item page-item-5670\"><a href=\"https:\/\/www.otdihitalia.com\/pl\/transport-w-rimini-i-riccione\/\">Transport w Rimini i Riccione<\/a><\/li><li class=\"elementor-sitemap-item elementor-sitemap-item-post page_item page-item-5665\"><a href=\"https:\/\/www.otdihitalia.com\/pl\/wlochy-w-miniaturze\/\">W\u0142ochy w miniaturze<\/a><\/li><li class=\"elementor-sitemap-item elementor-sitemap-item-post page_item page-item-5724\"><a href=\"https:\/\/www.otdihitalia.com\/pl\/wynajem-samochodow-w-rimini\/\">Wynajem samochod\u00f3w w Rimini<\/a><\/li><li class=\"elementor-sitemap-item elementor-sitemap-item-post page_item page-item-5617\"><a href=\"https:\/\/www.otdihitalia.com\/pl\/wysylka-z-wloch\/\">Wysy\u0142ka z W\u0142och<\/a><\/li><li class=\"elementor-sitemap-item elementor-sitemap-item-post page_item page-item-5625\"><a href=\"https:\/\/www.otdihitalia.com\/pl\/zakupy-w-rimini-w-riccione-i-w-san-marino\/\">Zakupy w Rimini w Riccione i w San Marino<\/a><\/li><\/ul><\/div><div class=\"elementor-sitemap-section\"><h2 class=\"elementor-sitemap-title elementor-sitemap-page-title\">\u0421\u0442\u0440\u0430\u043d\u0438\u0446\u044b<\/h2><ul class=\"elementor-sitemap-list elementor-sitemap-page-list\"><li class=\"elementor-sitemap-item elementor-sitemap-item-page page_item page-item-5898\"><a href=\"https:\/\/www.otdihitalia.com\/pl\/wlochy-wycieczki-z-rimini\/\">W\u0142ochy wycieczki z Rimini<\/a><\/li><li class=\"elementor-sitemap-item elementor-sitemap-item-page page_item page-item-5907\"><a href=\"https:\/\/www.otdihitalia.com\/pl\/twoje-opinie-o-rimini-i-wakacjach-z-nami\/\">Twoje opinie o Rimini i wakacjach z nami<\/a><\/li><li class=\"elementor-sitemap-item elementor-sitemap-item-page page_item page-item-5797\"><a href=\"https:\/\/www.otdihitalia.com\/pl\/sukces-rezerwacji\/\">Sukces rezerwacji<\/a><\/li><li class=\"elementor-sitemap-item elementor-sitemap-item-page page_item page-item-5844\"><a href=\"https:\/\/www.otdihitalia.com\/pl\/strona-potwierdzenia\/\">Strona potwierdzenia<\/a><\/li><li class=\"elementor-sitemap-item elementor-sitemap-item-page page_item page-item-5817\"><a href=\"https:\/\/www.otdihitalia.com\/pl\/\">Strona g\u0142\u00f3wna<\/a><\/li><li class=\"elementor-sitemap-item elementor-sitemap-item-page page_item page-item-5862\"><a href=\"https:\/\/www.otdihitalia.com\/pl\/sklep\/\">Sklep<\/a><\/li><li class=\"elementor-sitemap-item elementor-sitemap-item-page page_item page-item-5838\"><a href=\"https:\/\/www.otdihitalia.com\/pl\/prosze-zarezerwowac-wycieczke-z-rimini\/\">Prosz\u0119 zarezerwowa\u0107 wycieczk\u0119 z Rimini<\/a><\/li><li class=\"elementor-sitemap-item elementor-sitemap-item-page page_item page-item-5891\"><a href=\"https:\/\/www.otdihitalia.com\/pl\/potwierdzenie-rezerwacji\/\">Potwierdzenie rezerwacji<\/a><\/li><li class=\"elementor-sitemap-item elementor-sitemap-item-page page_item page-item-5901\"><a href=\"https:\/\/www.otdihitalia.com\/pl\/polityka-prywatnosci\/\">Polityka prywatno\u015bci<\/a><\/li><li class=\"elementor-sitemap-item elementor-sitemap-item-page page_item page-item-5883\"><a href=\"https:\/\/www.otdihitalia.com\/pl\/o-nas\/\">O nas<\/a><\/li><li class=\"elementor-sitemap-item elementor-sitemap-item-page page_item page-item-5860\"><a href=\"https:\/\/www.otdihitalia.com\/pl\/moje-konto\/\">Moje konto<\/a><\/li><li class=\"elementor-sitemap-item elementor-sitemap-item-page page_item page-item-5879\"><a href=\"https:\/\/www.otdihitalia.com\/pl\/moje-konto-2\/\">Moje konto<\/a><\/li><li class=\"elementor-sitemap-item elementor-sitemap-item-page page_item page-item-5852\"><a href=\"https:\/\/www.otdihitalia.com\/pl\/mapa-witryny\/\">Mapa witryny<\/a><\/li><li class=\"elementor-sitemap-item elementor-sitemap-item-page page_item page-item-5856\"><a href=\"https:\/\/www.otdihitalia.com\/pl\/koszyk\/\">Koszyk<\/a><\/li><li class=\"elementor-sitemap-item elementor-sitemap-item-page page_item page-item-5870\"><a href=\"https:\/\/www.otdihitalia.com\/pl\/kontakty\/\">Kontakty<\/a><\/li><li class=\"elementor-sitemap-item elementor-sitemap-item-page page_item page-item-5887\"><a href=\"https:\/\/www.otdihitalia.com\/pl\/kasa\/\">Kasa<\/a><\/li><li class=\"elementor-sitemap-item elementor-sitemap-item-page page_item page-item-5849 current_page_parent\"><a href=\"https:\/\/www.otdihitalia.com\/pl\/blog\/\">Blog<\/a><\/li><\/ul><\/div><\/div>\t\t\t\t<\/div>\n\t\t\t\t<\/div>\n\t\t\t\t\t<\/div>\n\t\t<\/div>\n\t\t\t\t\t<\/div>\n\t\t<\/section>\n\t\t\t\t<\/div>\n\t\t","protected":false},"excerpt":{"rendered":"","protected":false},"author":1,"featured_media":0,"parent":0,"menu_order":0,"comment_status":"closed","ping_status":"closed","template":"","meta":{"footnotes":""},"class_list":["post-5852","page","type-page","status-publish","has-post-thumbnail","hentry"],"yoast_head":"<!-- This site is optimized with the Yoast SEO plugin v27.1.1 - https:\/\/yoast.com\/product\/yoast-seo-wordpress\/ -->\n<title>Mapa strony otdihitalia.com<\/title>\n<meta name=\"description\" content=\"Wycieczki z Rimini : na stronie internetowej Otdihitalia firmy turystycznej Testene znajd\u0105 Pa\u0144stwo hotele transfery zdj\u0119cia parki handlowe Rimini Riccione Cattolica we W\u0142oszech\" \/>\n<meta name=\"robots\" content=\"index, follow, max-snippet:-1, max-image-preview:large, max-video-preview:-1\" \/>\n<link rel=\"canonical\" href=\"https:\/\/www.otdihitalia.com\/pl\/mapa-witryny\/\" \/>\n<meta property=\"og:locale\" content=\"pl_PL\" \/>\n<meta property=\"og:type\" content=\"article\" \/>\n<meta property=\"og:title\" content=\"Mapa strony otdihitalia.com\" \/>\n<meta property=\"og:description\" content=\"Wycieczki z Rimini : na stronie internetowej Otdihitalia firmy turystycznej Testene znajd\u0105 Pa\u0144stwo hotele transfery zdj\u0119cia parki handlowe Rimini Riccione Cattolica we W\u0142oszech\" \/>\n<meta property=\"og:url\" content=\"https:\/\/www.otdihitalia.com\/pl\/mapa-witryny\/\" \/>\n<meta property=\"og:site_name\" content=\"\u041e\u0442\u0434\u044b\u0445 \u0418\u0442\u0430\u043b\u0438\u044f\" \/>\n<meta property=\"article:modified_time\" content=\"2023-11-20T14:55:57+00:00\" \/>\n<meta name=\"twitter:card\" content=\"summary_large_image\" \/>\n<script type=\"application\/ld+json\" class=\"yoast-schema-graph\">{\"@context\":\"https:\/\/schema.org\",\"@graph\":[{\"@type\":\"WebPage\",\"@id\":\"https:\/\/www.otdihitalia.com\/pl\/mapa-witryny\/\",\"url\":\"https:\/\/www.otdihitalia.com\/pl\/mapa-witryny\/\",\"name\":\"Mapa strony otdihitalia.com\",\"isPartOf\":{\"@id\":\"https:\/\/www.otdihitalia.com\/pl\/#website\"},\"datePublished\":\"2022-09-30T18:28:49+00:00\",\"dateModified\":\"2023-11-20T14:55:57+00:00\",\"description\":\"Wycieczki z Rimini : na stronie internetowej Otdihitalia firmy turystycznej Testene znajd\u0105 Pa\u0144stwo hotele transfery zdj\u0119cia parki handlowe Rimini Riccione Cattolica we W\u0142oszech\",\"breadcrumb\":{\"@id\":\"https:\/\/www.otdihitalia.com\/pl\/mapa-witryny\/#breadcrumb\"},\"inLanguage\":\"pl-PL\",\"potentialAction\":[{\"@type\":\"ReadAction\",\"target\":[\"https:\/\/www.otdihitalia.com\/pl\/mapa-witryny\/\"]}]},{\"@type\":\"BreadcrumbList\",\"@id\":\"https:\/\/www.otdihitalia.com\/pl\/mapa-witryny\/#breadcrumb\",\"itemListElement\":[{\"@type\":\"ListItem\",\"position\":1,\"name\":\"\u0413\u043b\u0430\u0432\u043d\u0430\u044f \u0441\u0442\u0440\u0430\u043d\u0438\u0446\u0430\",\"item\":\"https:\/\/www.otdihitalia.com\/pl\/strona-glowna\/\"},{\"@type\":\"ListItem\",\"position\":2,\"name\":\"Mapa witryny\"}]},{\"@type\":\"WebSite\",\"@id\":\"https:\/\/www.otdihitalia.com\/pl\/#website\",\"url\":\"https:\/\/www.otdihitalia.com\/pl\/\",\"name\":\"\u041e\u0442\u0434\u044b\u0445 \u0418\u0442\u0430\u043b\u0438\u044f\",\"description\":\"\u042d\u043a\u0441\u043a\u0443\u0440\u0441\u0438\u0438 \u0438\u0437 \u0420\u0438\u043c\u0438\u043d\u0438 \u043d\u0430 \u043b\u044e\u0431\u043e\u0439 \u0432\u043a\u0443\u0441\",\"publisher\":{\"@id\":\"https:\/\/www.otdihitalia.com\/pl\/#organization\"},\"potentialAction\":[{\"@type\":\"SearchAction\",\"target\":{\"@type\":\"EntryPoint\",\"urlTemplate\":\"https:\/\/www.otdihitalia.com\/pl\/?s={search_term_string}\"},\"query-input\":{\"@type\":\"PropertyValueSpecification\",\"valueRequired\":true,\"valueName\":\"search_term_string\"}}],\"inLanguage\":\"pl-PL\"},{\"@type\":\"Organization\",\"@id\":\"https:\/\/www.otdihitalia.com\/pl\/#organization\",\"name\":\"OtdihItalia\",\"url\":\"https:\/\/www.otdihitalia.com\/pl\/\",\"logo\":{\"@type\":\"ImageObject\",\"inLanguage\":\"pl-PL\",\"@id\":\"https:\/\/www.otdihitalia.com\/pl\/#\/schema\/logo\/image\/\",\"url\":\"https:\/\/www.otdihitalia.com\/wp-content\/uploads\/2022\/09\/logo-otdihitalia.png\",\"contentUrl\":\"https:\/\/www.otdihitalia.com\/wp-content\/uploads\/2022\/09\/logo-otdihitalia.png\",\"width\":388,\"height\":208,\"caption\":\"OtdihItalia\"},\"image\":{\"@id\":\"https:\/\/www.otdihitalia.com\/pl\/#\/schema\/logo\/image\/\"}}]}<\/script>\n<!-- \/ Yoast SEO plugin. -->","yoast_head_json":{"title":"Mapa strony otdihitalia.com","description":"Wycieczki z Rimini : na stronie internetowej Otdihitalia firmy turystycznej Testene znajd\u0105 Pa\u0144stwo hotele transfery zdj\u0119cia parki handlowe Rimini Riccione Cattolica we W\u0142oszech","robots":{"index":"index","follow":"follow","max-snippet":"max-snippet:-1","max-image-preview":"max-image-preview:large","max-video-preview":"max-video-preview:-1"},"canonical":"https:\/\/www.otdihitalia.com\/pl\/mapa-witryny\/","og_locale":"pl_PL","og_type":"article","og_title":"Mapa strony otdihitalia.com","og_description":"Wycieczki z Rimini : na stronie internetowej Otdihitalia firmy turystycznej Testene znajd\u0105 Pa\u0144stwo hotele transfery zdj\u0119cia parki handlowe Rimini Riccione Cattolica we W\u0142oszech","og_url":"https:\/\/www.otdihitalia.com\/pl\/mapa-witryny\/","og_site_name":"\u041e\u0442\u0434\u044b\u0445 \u0418\u0442\u0430\u043b\u0438\u044f","article_modified_time":"2023-11-20T14:55:57+00:00","twitter_card":"summary_large_image","schema":{"@context":"https:\/\/schema.org","@graph":[{"@type":"WebPage","@id":"https:\/\/www.otdihitalia.com\/pl\/mapa-witryny\/","url":"https:\/\/www.otdihitalia.com\/pl\/mapa-witryny\/","name":"Mapa strony otdihitalia.com","isPartOf":{"@id":"https:\/\/www.otdihitalia.com\/pl\/#website"},"datePublished":"2022-09-30T18:28:49+00:00","dateModified":"2023-11-20T14:55:57+00:00","description":"Wycieczki z Rimini : na stronie internetowej Otdihitalia firmy turystycznej Testene znajd\u0105 Pa\u0144stwo hotele transfery zdj\u0119cia parki handlowe Rimini Riccione Cattolica we W\u0142oszech","breadcrumb":{"@id":"https:\/\/www.otdihitalia.com\/pl\/mapa-witryny\/#breadcrumb"},"inLanguage":"pl-PL","potentialAction":[{"@type":"ReadAction","target":["https:\/\/www.otdihitalia.com\/pl\/mapa-witryny\/"]}]},{"@type":"BreadcrumbList","@id":"https:\/\/www.otdihitalia.com\/pl\/mapa-witryny\/#breadcrumb","itemListElement":[{"@type":"ListItem","position":1,"name":"\u0413\u043b\u0430\u0432\u043d\u0430\u044f \u0441\u0442\u0440\u0430\u043d\u0438\u0446\u0430","item":"https:\/\/www.otdihitalia.com\/pl\/strona-glowna\/"},{"@type":"ListItem","position":2,"name":"Mapa witryny"}]},{"@type":"WebSite","@id":"https:\/\/www.otdihitalia.com\/pl\/#website","url":"https:\/\/www.otdihitalia.com\/pl\/","name":"\u041e\u0442\u0434\u044b\u0445 \u0418\u0442\u0430\u043b\u0438\u044f","description":"\u042d\u043a\u0441\u043a\u0443\u0440\u0441\u0438\u0438 \u0438\u0437 \u0420\u0438\u043c\u0438\u043d\u0438 \u043d\u0430 \u043b\u044e\u0431\u043e\u0439 \u0432\u043a\u0443\u0441","publisher":{"@id":"https:\/\/www.otdihitalia.com\/pl\/#organization"},"potentialAction":[{"@type":"SearchAction","target":{"@type":"EntryPoint","urlTemplate":"https:\/\/www.otdihitalia.com\/pl\/?s={search_term_string}"},"query-input":{"@type":"PropertyValueSpecification","valueRequired":true,"valueName":"search_term_string"}}],"inLanguage":"pl-PL"},{"@type":"Organization","@id":"https:\/\/www.otdihitalia.com\/pl\/#organization","name":"OtdihItalia","url":"https:\/\/www.otdihitalia.com\/pl\/","logo":{"@type":"ImageObject","inLanguage":"pl-PL","@id":"https:\/\/www.otdihitalia.com\/pl\/#\/schema\/logo\/image\/","url":"https:\/\/www.otdihitalia.com\/wp-content\/uploads\/2022\/09\/logo-otdihitalia.png","contentUrl":"https:\/\/www.otdihitalia.com\/wp-content\/uploads\/2022\/09\/logo-otdihitalia.png","width":388,"height":208,"caption":"OtdihItalia"},"image":{"@id":"https:\/\/www.otdihitalia.com\/pl\/#\/schema\/logo\/image\/"}}]}},"_links":{"self":[{"href":"https:\/\/www.otdihitalia.com\/pl\/wp-json\/wp\/v2\/pages\/5852","targetHints":{"allow":["GET"]}}],"collection":[{"href":"https:\/\/www.otdihitalia.com\/pl\/wp-json\/wp\/v2\/pages"}],"about":[{"href":"https:\/\/www.otdihitalia.com\/pl\/wp-json\/wp\/v2\/types\/page"}],"author":[{"embeddable":true,"href":"https:\/\/www.otdihitalia.com\/pl\/wp-json\/wp\/v2\/users\/1"}],"replies":[{"embeddable":true,"href":"https:\/\/www.otdihitalia.com\/pl\/wp-json\/wp\/v2\/comments?post=5852"}],"version-history":[{"count":1,"href":"https:\/\/www.otdihitalia.com\/pl\/wp-json\/wp\/v2\/pages\/5852\/revisions"}],"predecessor-version":[{"id":5853,"href":"https:\/\/www.otdihitalia.com\/pl\/wp-json\/wp\/v2\/pages\/5852\/revisions\/5853"}],"wp:attachment":[{"href":"https:\/\/www.otdihitalia.com\/pl\/wp-json\/wp\/v2\/media?parent=5852"}],"curies":[{"name":"wp","href":"https:\/\/api.w.org\/{rel}","templated":true}]}}